{"id":768545,"date":"2025-08-28T13:24:34","date_gmt":"2025-08-28T10:24:34","guid":{"rendered":"https:\/\/roveyayinevi.com.tr\/index.php\/urun\/bitmeyen-sticker-dinimi-ogreniyorum\/"},"modified":"2026-04-15T03:34:11","modified_gmt":"2026-04-15T00:34:11","slug":"bitmeyen-sticker-dinimi-ogreniyorum","status":"publish","type":"product","link":"https:\/\/roveyayinevi.com.tr\/index.php\/urun\/bitmeyen-sticker-dinimi-ogreniyorum\/","title":{"rendered":"Bitmeyen Sticker &#8211; Dinimi \u00d6\u011freniyorum"},"content":{"rendered":"<p>Haydi sizinle bir yolculu\u011fa \u00e7\u0131kal\u0131m \u00e7ocuklar.Ama \u00e7ok g\u00fczel ve anlaml\u0131 bir yolculu\u011fa \u00e7\u0131kal\u0131m.Haz\u0131rl\u0131\u011f\u0131n\u0131z\u0131 yap\u0131n. \u00c7\u00fcnk\u00fc e\u011flenceli bir yolculuk olacak bu.Bu yolculukta dinimizi, Peygamber Efendimizi tan\u0131yal\u0131m, ne dersiniz?Ramazan ay\u0131nda kurulan iftar sofralar\u0131ndan birine gidelim \u00f6nce. Sonra bir camiyi ziyaret edelim. Peygamber Efendimiz\u2019in ya\u015fad\u0131\u011f\u0131 yeri merak etmiyor musunuz? Oraya da gidelim tabi.Hepsini g\u00f6relim, tan\u0131yal\u0131m bu kitapla. Hem de stickerlarla dolu sayfalar aras\u0131nda.<\/p>\n","protected":false},"excerpt":{"rendered":"<p>Haydi sizinle bir yolculu\u011fa \u00e7\u0131kal\u0131m \u00e7ocuklar.Ama \u00e7ok g\u00fczel ve anlaml\u0131 bir yolculu\u011fa \u00e7\u0131kal\u0131m.Haz\u0131rl\u0131\u011f\u0131n\u0131z\u0131 yap\u0131n. \u00c7\u00fcnk\u00fc e\u011flenceli bir yolculuk olacak bu.Bu yolculukta dinimizi, Peygamber Efendimizi tan\u0131yal\u0131m, ne<span class=\"excerpt-hellip\"> [\u2026]<\/span><\/p>\n","protected":false},"featured_media":0,"template":"","meta":{"_monsterinsights_skip_tracking":false,"_monsterinsights_sitenote_active":false,"_monsterinsights_sitenote_note":"","_monsterinsights_sitenote_category":0},"product_brand":[],"product_cat":[12274,12518],"product_tag":[],"class_list":{"0":"post-768545","1":"product","2":"type-product","3":"status-publish","5":"product_cat-cocuk-ve-genclik-kitaplari","6":"product_cat-okul-oncesi-kitaplar","7":"pa_cilt-ciltsiz","8":"pa_tur-kitap","9":"pa_yayinevi-nesil-cocuk-yayinlari","10":"pa_yazar-kolektif","12":"first","13":"instock","14":"sale","15":"shipping-taxable","16":"purchasable","17":"product-type-simple"},"_links":{"self":[{"href":"https:\/\/roveyayinevi.com.tr\/index.php\/wp-json\/wp\/v2\/product\/768545","targetHints":{"allow":["GET"]}}],"collection":[{"href":"https:\/\/roveyayinevi.com.tr\/index.php\/wp-json\/wp\/v2\/product"}],"about":[{"href":"https:\/\/roveyayinevi.com.tr\/index.php\/wp-json\/wp\/v2\/types\/product"}],"wp:attachment":[{"href":"https:\/\/roveyayinevi.com.tr\/index.php\/wp-json\/wp\/v2\/media?parent=768545"}],"wp:term":[{"taxonomy":"product_brand","embeddable":true,"href":"https:\/\/roveyayinevi.com.tr\/index.php\/wp-json\/wp\/v2\/product_brand?post=768545"},{"taxonomy":"product_cat","embeddable":true,"href":"https:\/\/roveyayinevi.com.tr\/index.php\/wp-json\/wp\/v2\/product_cat?post=768545"},{"taxonomy":"product_tag","embeddable":true,"href":"https:\/\/roveyayinevi.com.tr\/index.php\/wp-json\/wp\/v2\/product_tag?post=768545"}],"curies":[{"name":"wp","href":"https:\/\/api.w.org\/{rel}","templated":true}]}}