{"id":768543,"date":"2025-08-28T13:24:29","date_gmt":"2025-08-28T10:24:29","guid":{"rendered":"https:\/\/roveyayinevi.com.tr\/index.php\/urun\/cingene-vedasi-vakasi\/"},"modified":"2026-04-03T03:25:46","modified_gmt":"2026-04-03T00:25:46","slug":"cingene-vedasi-vakasi","status":"publish","type":"product","link":"https:\/\/roveyayinevi.com.tr\/index.php\/urun\/cingene-vedasi-vakasi\/","title":{"rendered":"\u00c7ingene Vedas\u0131 Vakas\u0131"},"content":{"rendered":"<p>\u201cHi\u00e7 \u015f\u00fcphesiz g\u00fcn\u00fcm\u00fczde gen\u00e7ler i\u00e7in yaz\u0131lan en iyi gizem romanlar\u0131ndan biri.\u201d -Booklist, y\u0131ld\u0131zl\u0131 ele\u015ftiri \u201cZekice yaz\u0131lm\u0131\u015f duygusal bir hik\u00e2ye.\u201d -School Library Journal ENOLA VE SHERLOCK \u0130\u00c7\u0130N HEYECAN VER\u0130C\u0130 SON G\u0130ZEM Enola, kay\u0131p Leydi Blanchefleur del Campo\u2019yu ararken, a\u011fabeyi Sherlock\u2019un ayn\u0131 s\u0131rada, \u00f6zen ve sebatla kendisini arad\u0131\u011f\u0131n\u0131 ke\u015ffeder. Sherlock, uzun zamand\u0131r kay\u0131p olan annelerinden gelen bir mesaj\u0131 de\u015fifre etmek i\u00e7in Enola\u2019n\u0131n yard\u0131m\u0131na ihtiya\u00e7 duymaktad\u0131r. Sherlock, Enola ve Mycroft \u00fc\u00e7l\u00fc bir gizemi \u00e7\u00f6zmek zorundad\u0131rlar: Annelerine ne olmu\u015ftur? Ya Leydi Blanchefleur\u2019e? Ve bu her iki gizemin de Enola\u2019n\u0131n gelece\u011fini elinde tutan Mycroft ile ne ilgisi vard\u0131r? AMELIA BOOMER PROJECT taraf\u0131ndan tavsiye edilen bir kitap. \u201cCesur bir kad\u0131n kahraman olan Enola, Nancy Drew\u2019un cesaretiyle tarihi bir ortamda geziniyor.\u201d-The Horn Book <\/p>\n","protected":false},"excerpt":{"rendered":"<p>\u201cHi\u00e7 \u015f\u00fcphesiz g\u00fcn\u00fcm\u00fczde gen\u00e7ler i\u00e7in yaz\u0131lan en iyi gizem romanlar\u0131ndan biri.\u201d -Booklist, y\u0131ld\u0131zl\u0131 ele\u015ftiri \u201cZekice yaz\u0131lm\u0131\u015f duygusal bir hik\u00e2ye.\u201d -School Library Journal ENOLA VE SHERLOCK \u0130\u00c7\u0130N<span class=\"excerpt-hellip\"> [\u2026]<\/span><\/p>\n","protected":false},"featured_media":0,"template":"","meta":{"_monsterinsights_skip_tracking":false,"_monsterinsights_sitenote_active":false,"_monsterinsights_sitenote_note":"","_monsterinsights_sitenote_category":0},"product_brand":[],"product_cat":[12291,12711],"product_tag":[],"class_list":{"0":"post-768543","1":"product","2":"type-product","3":"status-publish","5":"product_cat-edebiyat","6":"product_cat-roman-oyku","7":"pa_cilt-ciltsiz","8":"pa_tur-kitap","9":"pa_yayinevi-eksik-parca-yayinlari","10":"pa_yazar-nancy-springer","12":"first","13":"instock","14":"sale","15":"shipping-taxable","16":"purchasable","17":"product-type-simple"},"_links":{"self":[{"href":"https:\/\/roveyayinevi.com.tr\/index.php\/wp-json\/wp\/v2\/product\/768543","targetHints":{"allow":["GET"]}}],"collection":[{"href":"https:\/\/roveyayinevi.com.tr\/index.php\/wp-json\/wp\/v2\/product"}],"about":[{"href":"https:\/\/roveyayinevi.com.tr\/index.php\/wp-json\/wp\/v2\/types\/product"}],"wp:attachment":[{"href":"https:\/\/roveyayinevi.com.tr\/index.php\/wp-json\/wp\/v2\/media?parent=768543"}],"wp:term":[{"taxonomy":"product_brand","embeddable":true,"href":"https:\/\/roveyayinevi.com.tr\/index.php\/wp-json\/wp\/v2\/product_brand?post=768543"},{"taxonomy":"product_cat","embeddable":true,"href":"https:\/\/roveyayinevi.com.tr\/index.php\/wp-json\/wp\/v2\/product_cat?post=768543"},{"taxonomy":"product_tag","embeddable":true,"href":"https:\/\/roveyayinevi.com.tr\/index.php\/wp-json\/wp\/v2\/product_tag?post=768543"}],"curies":[{"name":"wp","href":"https:\/\/api.w.org\/{rel}","templated":true}]}}