{"id":768542,"date":"2025-08-28T13:24:27","date_gmt":"2025-08-28T10:24:27","guid":{"rendered":"https:\/\/roveyayinevi.com.tr\/index.php\/urun\/ayiyi-kurtaran-cocuk\/"},"modified":"2026-04-15T03:34:11","modified_gmt":"2026-04-15T00:34:11","slug":"ayiyi-kurtaran-cocuk","status":"publish","type":"product","link":"https:\/\/roveyayinevi.com.tr\/index.php\/urun\/ayiyi-kurtaran-cocuk\/","title":{"rendered":"Ay\u0131y\u0131 Kurtaran \u00c7ocuk"},"content":{"rendered":"<p>MACERACI!AYIYA FISILDAYAN! Nuwan her zaman maceray\u0131 arzulam\u0131\u015ft\u0131r ve bir ay\u0131n\u0131n ma\u011faras\u0131nda saklanmak, onun i\u00e7in sadece bir ba\u015flang\u0131\u00e7t\u0131r! E\u011fer ma\u011faradan canl\u0131 \u00e7\u0131kabilirse, Nissanka\u2019n\u0131n \u00e7al\u0131nan anahtar\u0131n\u0131 alarak Kral\u0131n \u015eehri\u2019ne tehlikeli bir yolculu\u011fa \u00e7\u0131kmas\u0131 gerekecek. \u00dcstelik, vah\u015fi bir ay\u0131y\u0131 kendisiyle gelmeye ikna edip onun hayat\u0131n\u0131 kurtarmas\u0131 da \u015fart! Bu s\u00fcr\u00fckleyici hik\u00e2ye, macera ve dostluk dolu bir ser\u00fcvene davet ediyor! <\/p>\n","protected":false},"excerpt":{"rendered":"<p>MACERACI!AYIYA FISILDAYAN! Nuwan her zaman maceray\u0131 arzulam\u0131\u015ft\u0131r ve bir ay\u0131n\u0131n ma\u011faras\u0131nda saklanmak, onun i\u00e7in sadece bir ba\u015flang\u0131\u00e7t\u0131r! E\u011fer ma\u011faradan canl\u0131 \u00e7\u0131kabilirse, Nissanka\u2019n\u0131n \u00e7al\u0131nan anahtar\u0131n\u0131 alarak Kral\u0131n<span class=\"excerpt-hellip\"> [\u2026]<\/span><\/p>\n","protected":false},"featured_media":0,"template":"","meta":{"_monsterinsights_skip_tracking":false,"_monsterinsights_sitenote_active":false,"_monsterinsights_sitenote_note":"","_monsterinsights_sitenote_category":0},"product_brand":[],"product_cat":[12291,12711],"product_tag":[],"class_list":{"0":"post-768542","1":"product","2":"type-product","3":"status-publish","5":"product_cat-edebiyat","6":"product_cat-roman-oyku","7":"pa_cilt-ciltsiz","8":"pa_tur-kitap","9":"pa_yayinevi-eksik-parca-yayinlari","10":"pa_yazar-nizrana-farook","12":"first","13":"instock","14":"sale","15":"shipping-taxable","16":"purchasable","17":"product-type-simple"},"_links":{"self":[{"href":"https:\/\/roveyayinevi.com.tr\/index.php\/wp-json\/wp\/v2\/product\/768542","targetHints":{"allow":["GET"]}}],"collection":[{"href":"https:\/\/roveyayinevi.com.tr\/index.php\/wp-json\/wp\/v2\/product"}],"about":[{"href":"https:\/\/roveyayinevi.com.tr\/index.php\/wp-json\/wp\/v2\/types\/product"}],"wp:attachment":[{"href":"https:\/\/roveyayinevi.com.tr\/index.php\/wp-json\/wp\/v2\/media?parent=768542"}],"wp:term":[{"taxonomy":"product_brand","embeddable":true,"href":"https:\/\/roveyayinevi.com.tr\/index.php\/wp-json\/wp\/v2\/product_brand?post=768542"},{"taxonomy":"product_cat","embeddable":true,"href":"https:\/\/roveyayinevi.com.tr\/index.php\/wp-json\/wp\/v2\/product_cat?post=768542"},{"taxonomy":"product_tag","embeddable":true,"href":"https:\/\/roveyayinevi.com.tr\/index.php\/wp-json\/wp\/v2\/product_tag?post=768542"}],"curies":[{"name":"wp","href":"https:\/\/api.w.org\/{rel}","templated":true}]}}