{"id":768539,"date":"2025-08-28T13:24:21","date_gmt":"2025-08-28T10:24:21","guid":{"rendered":"https:\/\/roveyayinevi.com.tr\/index.php\/urun\/dengesiz-zemin\/"},"modified":"2026-04-08T03:31:02","modified_gmt":"2026-04-08T00:31:02","slug":"dengesiz-zemin","status":"publish","type":"product","link":"https:\/\/roveyayinevi.com.tr\/index.php\/urun\/dengesiz-zemin\/","title":{"rendered":"Dengesiz Zemin"},"content":{"rendered":"<p>Ya bir anda her zaman bildi\u011finiz hayat\u0131n\u0131z elinizden al\u0131nsayd\u0131? Onu geri almak i\u00e7in ne kadar ileri giderdiniz?   \u0130kiz karde\u015fler Jeanie ve Julius, her zaman di\u011fer insanlardan farkl\u0131 olmu\u015ftur. 51 ya\u015f\u0131nda olmalar\u0131na ra\u011fmen h\u00e2l\u00e2 anneleri Dot ile birlikte, k\u0131rsalda izole bir ya\u015fam s\u00fcrmekte ve yoksulluk i\u00e7inde hayatlar\u0131n\u0131 devam ettirmektedirler. Eski evlerinin d\u00f6rt duvar\u0131 aras\u0131nda m\u00fczik yapar, bah\u00e7elerinde hayatlar\u0131n\u0131 s\u00fcrd\u00fcrebilmek i\u00e7in gereken her \u015feyi yeti\u015ftirir ve zaman zaman avlan\u0131rlar.   Ancak anneleri Dot\u2019un ani \u00f6l\u00fcm\u00fc, onlar\u0131 derin bir belirsizli\u011fe s\u00fcr\u00fckler. Ge\u00e7im kaynaklar\u0131na y\u00f6nelik tehditler birbiri ard\u0131na ortaya \u00e7\u0131karken, Jeanie ve Julius her \u015feylerini kaybetme riskiyle kar\u015f\u0131 kar\u015f\u0131ya kal\u0131r. \u00dcstelik, annelerinin saklad\u0131\u011f\u0131 s\u0131rlar bir bir g\u00fcn y\u00fcz\u00fcne \u00e7\u0131kt\u0131k\u00e7a, hayatlar\u0131na dair bildiklerini sand\u0131klar\u0131 her \u015fey alt\u00fcst olur. \u015eimdi, giderek daha tehlikeli hale gelen bir d\u00fcnyada hayatta kalmak i\u00e7in her \u015feyi riske atmak zorunda kal\u0131rlar.   2021 Costa Roman \u00d6d\u00fcl\u00fc\u2019n\u00fc kazanan Dengesiz Zemin, aldat\u0131lma, dayan\u0131kl\u0131l\u0131k, sevgi ve hayatta kalma \u00fczerine etkileyici bir roman. Toplumun k\u0131y\u0131s\u0131ndaki ya\u015fam\u0131n \u00e7arp\u0131c\u0131 bir portresini \u00e7izen bu eser, hayatlar\u0131m\u0131z\u0131 k\u0131r\u0131lgan temeller \u00fczerine nas\u0131l in\u015fa etti\u011fimizi ve karanl\u0131ktan nas\u0131l \u0131\u015f\u0131k yaratabilece\u011fimizi b\u00fcy\u00fcleyici bir duygusal g\u00fc\u00e7le ele al\u0131yor. <\/p>\n","protected":false},"excerpt":{"rendered":"<p>Ya bir anda her zaman bildi\u011finiz hayat\u0131n\u0131z elinizden al\u0131nsayd\u0131? Onu geri almak i\u00e7in ne kadar ileri giderdiniz? \u0130kiz karde\u015fler Jeanie ve Julius, her zaman di\u011fer insanlardan<span class=\"excerpt-hellip\"> [\u2026]<\/span><\/p>\n","protected":false},"featured_media":0,"template":"","meta":{"_monsterinsights_skip_tracking":false,"_monsterinsights_sitenote_active":false,"_monsterinsights_sitenote_note":"","_monsterinsights_sitenote_category":0},"product_brand":[],"product_cat":[12291,12711],"product_tag":[],"class_list":{"0":"post-768539","1":"product","2":"type-product","3":"status-publish","5":"product_cat-edebiyat","6":"product_cat-roman-oyku","7":"pa_cilt-ciltsiz","8":"pa_tur-kitap","9":"pa_yayinevi-eksik-parca-yayinlari","10":"pa_yazar-claire-fuller","12":"first","13":"instock","14":"sale","15":"shipping-taxable","16":"purchasable","17":"product-type-simple"},"_links":{"self":[{"href":"https:\/\/roveyayinevi.com.tr\/index.php\/wp-json\/wp\/v2\/product\/768539","targetHints":{"allow":["GET"]}}],"collection":[{"href":"https:\/\/roveyayinevi.com.tr\/index.php\/wp-json\/wp\/v2\/product"}],"about":[{"href":"https:\/\/roveyayinevi.com.tr\/index.php\/wp-json\/wp\/v2\/types\/product"}],"wp:attachment":[{"href":"https:\/\/roveyayinevi.com.tr\/index.php\/wp-json\/wp\/v2\/media?parent=768539"}],"wp:term":[{"taxonomy":"product_brand","embeddable":true,"href":"https:\/\/roveyayinevi.com.tr\/index.php\/wp-json\/wp\/v2\/product_brand?post=768539"},{"taxonomy":"product_cat","embeddable":true,"href":"https:\/\/roveyayinevi.com.tr\/index.php\/wp-json\/wp\/v2\/product_cat?post=768539"},{"taxonomy":"product_tag","embeddable":true,"href":"https:\/\/roveyayinevi.com.tr\/index.php\/wp-json\/wp\/v2\/product_tag?post=768539"}],"curies":[{"name":"wp","href":"https:\/\/api.w.org\/{rel}","templated":true}]}}