{"id":768537,"date":"2025-08-28T13:24:17","date_gmt":"2025-08-28T10:24:17","guid":{"rendered":"https:\/\/roveyayinevi.com.tr\/index.php\/urun\/buyulu-orman\/"},"modified":"2026-04-11T14:37:24","modified_gmt":"2026-04-11T11:37:24","slug":"buyulu-orman","status":"publish","type":"product","link":"https:\/\/roveyayinevi.com.tr\/index.php\/urun\/buyulu-orman\/","title":{"rendered":"B\u00fcy\u00fcl\u00fc Orman"},"content":{"rendered":"<p>\u201cOrmanlar, yery\u00fcz\u00fcne yaz\u0131lm\u0131\u015f en g\u00fczel masald\u0131r.\u201d B\u00fcy\u00fcl\u00fc Orman, bir orman\u0131n i\u00e7inde neler saklayabilece\u011fini muhte\u015fem bir g\u00f6rsellikle sunuyor. \u015eafak Okdemir, do\u011fan\u0131n h\u00e2kimi de\u011fil, par\u00e7as\u0131 olman\u0131n \u00f6yk\u00fclerini yaz\u0131yor. <\/p>\n","protected":false},"excerpt":{"rendered":"<p>\u201cOrmanlar, yery\u00fcz\u00fcne yaz\u0131lm\u0131\u015f en g\u00fczel masald\u0131r.\u201d B\u00fcy\u00fcl\u00fc Orman, bir orman\u0131n i\u00e7inde neler saklayabilece\u011fini muhte\u015fem bir g\u00f6rsellikle sunuyor. \u015eafak Okdemir, do\u011fan\u0131n h\u00e2kimi de\u011fil, par\u00e7as\u0131 olman\u0131n \u00f6yk\u00fclerini yaz\u0131yor.<\/p>\n","protected":false},"featured_media":0,"template":"","meta":{"_monsterinsights_skip_tracking":false,"_monsterinsights_sitenote_active":false,"_monsterinsights_sitenote_note":"","_monsterinsights_sitenote_category":0},"product_brand":[],"product_cat":[12274,12284],"product_tag":[],"class_list":{"0":"post-768537","1":"product","2":"type-product","3":"status-publish","5":"product_cat-cocuk-ve-genclik-kitaplari","6":"product_cat-hikayeler","7":"pa_cilt-ciltsiz","8":"pa_tur-kitap","9":"pa_yayinevi-cinar-yayinlari","10":"pa_yazar-safak-okdemir","12":"first","13":"instock","14":"sale","15":"shipping-taxable","16":"purchasable","17":"product-type-simple"},"_links":{"self":[{"href":"https:\/\/roveyayinevi.com.tr\/index.php\/wp-json\/wp\/v2\/product\/768537","targetHints":{"allow":["GET"]}}],"collection":[{"href":"https:\/\/roveyayinevi.com.tr\/index.php\/wp-json\/wp\/v2\/product"}],"about":[{"href":"https:\/\/roveyayinevi.com.tr\/index.php\/wp-json\/wp\/v2\/types\/product"}],"wp:attachment":[{"href":"https:\/\/roveyayinevi.com.tr\/index.php\/wp-json\/wp\/v2\/media?parent=768537"}],"wp:term":[{"taxonomy":"product_brand","embeddable":true,"href":"https:\/\/roveyayinevi.com.tr\/index.php\/wp-json\/wp\/v2\/product_brand?post=768537"},{"taxonomy":"product_cat","embeddable":true,"href":"https:\/\/roveyayinevi.com.tr\/index.php\/wp-json\/wp\/v2\/product_cat?post=768537"},{"taxonomy":"product_tag","embeddable":true,"href":"https:\/\/roveyayinevi.com.tr\/index.php\/wp-json\/wp\/v2\/product_tag?post=768537"}],"curies":[{"name":"wp","href":"https:\/\/api.w.org\/{rel}","templated":true}]}}