{"id":768535,"date":"2025-08-28T13:24:13","date_gmt":"2025-08-28T10:24:13","guid":{"rendered":"https:\/\/roveyayinevi.com.tr\/index.php\/urun\/edebi-ve-edepsiz-beyoglu-bohem-bir-rehber\/"},"modified":"2026-04-15T03:34:11","modified_gmt":"2026-04-15T00:34:11","slug":"edebi-ve-edepsiz-beyoglu-bohem-bir-rehber","status":"publish","type":"product","link":"https:\/\/roveyayinevi.com.tr\/index.php\/urun\/edebi-ve-edepsiz-beyoglu-bohem-bir-rehber\/","title":{"rendered":"Edebi ve Edepsiz BEYO\u011eLU Bohem Bir Rehber"},"content":{"rendered":"<p>Bu k\u00fc\u00e7\u00fck rehber di\u011ferlerine benzemiyor, sevgili okur. \u00c7\u00fcnk\u00fc \u015fehrini hi\u00e7 b\u0131rakmayan Umur Talu, her soka\u011fa kendinden bir par\u00e7a yerle\u015ftirerek Cadde-i Kebir\u2019i ar\u015f\u0131nl\u0131yor. Zaman zaman ba\u015fkalar\u0131 da e\u015flik ediyor ona; yazarlar, \u015fairler, bazen yaln\u0131zca kitaplar, en \u00e7ok kitaplar, filmler. Ama bu bir an\u0131 kitab\u0131 da de\u011fil. Bir semtin zamanlar boyunca d\u00f6n\u00fc\u015f\u00fcm\u00fcn\u00fcn, de\u011fi\u015fiminin, insanlara ayak uydurma ser\u00fcveninin \u00f6yk\u00fcs\u00fc. B\u00fcy\u00fck bir Beyo\u011flu kitapl\u0131\u011f\u0131. Edebiyat\u0131n, edepsizli\u011fin, avare gezenlerin kokusunu ta\u015f\u0131yan zarif bir kaos. Kitab\u0131n sayfalar\u0131 aras\u0131nda Eftalikos\u2019ta Sait Faik\u2019e rastlayacaks\u0131n\u0131z. Park Otel\u2019de Yahya Kemal olacak. Naz\u0131m Hikmet ilk \u015fiirini yazacak, Cemal S\u00fcreya bir \u015fiir daha okuyacak. Yusuf At\u0131lgan y\u00fcr\u00fcrken Aylak Adam\u2019a rastlayacak! Bihter ile Zavall\u0131 Necdet ayn\u0131 yerden al\u0131\u015fveri\u015f yaparken belki oralarda bir yerlerde e\u011flence pe\u015findedir Behl\u00fcl&#8230; Sat\u0131rlar\u0131n aras\u0131nda, belki defalarca geldi\u011finiz belki de hi\u00e7 g\u00f6rmedi\u011finiz Beyo\u011flu\u2019nun \u00e7apk\u0131n, y\u0131lg\u0131n, ayya\u015f, serseri, entelekt\u00fcel, z\u0131pk\u0131n, hayalperest ve bohem y\u00fczleri sizinle ar\u015f\u0131nlayacak caddeyi.<\/p>\n","protected":false},"excerpt":{"rendered":"<p>Bu k\u00fc\u00e7\u00fck rehber di\u011ferlerine benzemiyor, sevgili okur. \u00c7\u00fcnk\u00fc \u015fehrini hi\u00e7 b\u0131rakmayan Umur Talu, her soka\u011fa kendinden bir par\u00e7a yerle\u015ftirerek Cadde-i Kebir\u2019i ar\u015f\u0131nl\u0131yor. Zaman zaman ba\u015fkalar\u0131 da<span class=\"excerpt-hellip\"> [\u2026]<\/span><\/p>\n","protected":false},"featured_media":0,"template":"","meta":{"_monsterinsights_skip_tracking":false,"_monsterinsights_sitenote_active":false,"_monsterinsights_sitenote_note":"","_monsterinsights_sitenote_category":0},"product_brand":[],"product_cat":[18545,12291],"product_tag":[],"class_list":{"0":"post-768535","1":"product","2":"type-product","3":"status-publish","5":"product_cat-anlati","6":"product_cat-edebiyat","7":"pa_cilt-ciltsiz","8":"pa_tur-kitap","9":"pa_yayinevi-literatur-yayinevi","10":"pa_yazar-umur-talu","12":"first","13":"instock","14":"sale","15":"shipping-taxable","16":"purchasable","17":"product-type-simple"},"_links":{"self":[{"href":"https:\/\/roveyayinevi.com.tr\/index.php\/wp-json\/wp\/v2\/product\/768535","targetHints":{"allow":["GET"]}}],"collection":[{"href":"https:\/\/roveyayinevi.com.tr\/index.php\/wp-json\/wp\/v2\/product"}],"about":[{"href":"https:\/\/roveyayinevi.com.tr\/index.php\/wp-json\/wp\/v2\/types\/product"}],"wp:attachment":[{"href":"https:\/\/roveyayinevi.com.tr\/index.php\/wp-json\/wp\/v2\/media?parent=768535"}],"wp:term":[{"taxonomy":"product_brand","embeddable":true,"href":"https:\/\/roveyayinevi.com.tr\/index.php\/wp-json\/wp\/v2\/product_brand?post=768535"},{"taxonomy":"product_cat","embeddable":true,"href":"https:\/\/roveyayinevi.com.tr\/index.php\/wp-json\/wp\/v2\/product_cat?post=768535"},{"taxonomy":"product_tag","embeddable":true,"href":"https:\/\/roveyayinevi.com.tr\/index.php\/wp-json\/wp\/v2\/product_tag?post=768535"}],"curies":[{"name":"wp","href":"https:\/\/api.w.org\/{rel}","templated":true}]}}