{"id":768534,"date":"2025-08-28T13:24:11","date_gmt":"2025-08-28T10:24:11","guid":{"rendered":"https:\/\/roveyayinevi.com.tr\/index.php\/urun\/ilahi-fisilti\/"},"modified":"2026-04-15T03:34:11","modified_gmt":"2026-04-15T00:34:11","slug":"ilahi-fisilti","status":"publish","type":"product","link":"https:\/\/roveyayinevi.com.tr\/index.php\/urun\/ilahi-fisilti\/","title":{"rendered":"\u0130lahi F\u0131s\u0131lt\u0131"},"content":{"rendered":"<p>En Derin S\u0131rlar, En Eski Dualarda Gizlidir   Bir dua, bir s\u0131r ve bir kad\u0131n\u0131n hayat\u0131n\u0131 de\u011fi\u015ftirecek o b\u00fcy\u00fcl\u00fc ke\u015fif&#8230;   Ay\u015fim, kaybolan ge\u00e7mi\u015fini, kaybetti\u011fi ailesini ve belki de d\u00fcnyay\u0131 yeniden yaratacak g\u00fcc\u00fc bulabilecek mi? Yoksa bu yolculuk, onu bir ba\u015fka boyutun i\u00e7ine \u00e7ekip, \u00e7\u0131k\u0131\u015f\u0131 olmayan bir labirentte kaybolmas\u0131na m\u0131 yol a\u00e7acak?   Gizemler, \u015fifreler, eski s\u0131rlar ve kudretli dualar&#8230; Ay\u015fim\u2019in d\u00fcnyas\u0131, s\u0131rlarla dolu bir yolculukta \u015fekilleniyor. Ancak bu yolculuk sadece onu de\u011fil, t\u00fcm insanl\u0131\u011f\u0131 da i\u00e7ine alacak bir g\u00fc\u00e7 bar\u0131nd\u0131r\u0131yor.   Bir kad\u0131n\u0131 kaybolmu\u015f ge\u00e7mi\u015fine, \u00e7\u00f6z\u00fclmemi\u015f bulmacalar\u0131n i\u00e7indeki s\u0131rra ve sonunda her \u015feyi de\u011fi\u015ftirecek bir ke\u015ffe do\u011fru s\u00fcr\u00fckleyen bu yolculuk, her sat\u0131r\u0131yla sizi derinden etkileyecek. <\/p>\n","protected":false},"excerpt":{"rendered":"<p>En Derin S\u0131rlar, En Eski Dualarda Gizlidir Bir dua, bir s\u0131r ve bir kad\u0131n\u0131n hayat\u0131n\u0131 de\u011fi\u015ftirecek o b\u00fcy\u00fcl\u00fc ke\u015fif&#8230; Ay\u015fim, kaybolan ge\u00e7mi\u015fini, kaybetti\u011fi ailesini ve belki<span class=\"excerpt-hellip\"> [\u2026]<\/span><\/p>\n","protected":false},"featured_media":0,"template":"","meta":{"_monsterinsights_skip_tracking":false,"_monsterinsights_sitenote_active":false,"_monsterinsights_sitenote_note":"","_monsterinsights_sitenote_category":0},"product_brand":[],"product_cat":[12291,12711],"product_tag":[],"class_list":{"0":"post-768534","1":"product","2":"type-product","3":"status-publish","5":"product_cat-edebiyat","6":"product_cat-roman-oyku","7":"pa_cilt-ciltsiz","8":"pa_tur-kitap","9":"pa_yayinevi-destek-yayinlari","10":"pa_yazar-selin-alptekin","12":"first","13":"instock","14":"sale","15":"shipping-taxable","16":"purchasable","17":"product-type-simple"},"_links":{"self":[{"href":"https:\/\/roveyayinevi.com.tr\/index.php\/wp-json\/wp\/v2\/product\/768534","targetHints":{"allow":["GET"]}}],"collection":[{"href":"https:\/\/roveyayinevi.com.tr\/index.php\/wp-json\/wp\/v2\/product"}],"about":[{"href":"https:\/\/roveyayinevi.com.tr\/index.php\/wp-json\/wp\/v2\/types\/product"}],"wp:attachment":[{"href":"https:\/\/roveyayinevi.com.tr\/index.php\/wp-json\/wp\/v2\/media?parent=768534"}],"wp:term":[{"taxonomy":"product_brand","embeddable":true,"href":"https:\/\/roveyayinevi.com.tr\/index.php\/wp-json\/wp\/v2\/product_brand?post=768534"},{"taxonomy":"product_cat","embeddable":true,"href":"https:\/\/roveyayinevi.com.tr\/index.php\/wp-json\/wp\/v2\/product_cat?post=768534"},{"taxonomy":"product_tag","embeddable":true,"href":"https:\/\/roveyayinevi.com.tr\/index.php\/wp-json\/wp\/v2\/product_tag?post=768534"}],"curies":[{"name":"wp","href":"https:\/\/api.w.org\/{rel}","templated":true}]}}