{"id":768533,"date":"2025-08-28T13:24:10","date_gmt":"2025-08-28T10:24:10","guid":{"rendered":"https:\/\/roveyayinevi.com.tr\/index.php\/urun\/son-insan-medeniyeti\/"},"modified":"2026-04-15T03:34:11","modified_gmt":"2026-04-15T00:34:11","slug":"son-insan-medeniyeti","status":"publish","type":"product","link":"https:\/\/roveyayinevi.com.tr\/index.php\/urun\/son-insan-medeniyeti\/","title":{"rendered":"Son \u0130nsan Medeniyeti"},"content":{"rendered":"<p>Ger\u00e7ek Medeniyet, \u0130nsan\u0131 \u0130mha De\u011fil \u0130n\u015fa Eder   Medeniyet, bir toplumdan ve s\u0131n\u0131rlar\u0131 olan bir \u00fclkeden daha geni\u015f bir kavramd\u0131r. Bu nedenle bir milleti de a\u015fan geni\u015flikte topluluklar\u0131n ortaya koydu\u011fu her \u015feyi, medeniyetin i\u00e7ine dahil etmek m\u00fcmk\u00fcnd\u00fcr.   Hangi topluluk, neyi temel al\u0131rsa, medeniyetini de onun \u00fczerine kurar. Bat\u0131, \u00f6zellikle 17\u2019nci y\u00fczy\u0131ldan beri pozitif bilimleri temel ald\u0131 ve bilimi din boyutuna y\u00fckseltirken, insan\u0131 ise evrimle\u015fmi\u015f bir hayvan t\u00fcr\u00fcne indirgedi. Basit fiziksel ihtiya\u00e7larla insan\u0131 tan\u0131mlayarak ona bir medeniyet vermeye \u00e7al\u0131\u015ft\u0131.   Gelinen noktada ister sosyalist ister kapitalist bir yakla\u015f\u0131mla kurulmak istensin, Bat\u0131\u2019n\u0131n dayatt\u0131\u011f\u0131 medeniyet, insan\u0131 anlayamad\u0131, ihtiya\u00e7lar\u0131n\u0131 kar\u015f\u0131layamad\u0131, sorular\u0131na cevap bulamad\u0131.   \u0130nsan\u0131 anlayan medeniyet, \u201cinsan medeniyeti\u201d olan \u201c\u0130slam medeniyeti\u201d idi ve bu ger\u00e7ek \u015fimdi yeniden ve ink\u00e2r edilemez \u015fekilde, \u201cmodern insan\u0131n\u201d kar\u015f\u0131s\u0131nda duruyor.   Kubilay Akta\u015f, Son \u0130nsan Medeniyeti adl\u0131 bu eserinde, \u201c\u0130nsan nedir?\u201d, \u201cHakikat nedir?\u201d, \u201cMedeniyet nedir?\u201d sorular\u0131na cevaplar veriyor. <\/p>\n","protected":false},"excerpt":{"rendered":"<p>Ger\u00e7ek Medeniyet, \u0130nsan\u0131 \u0130mha De\u011fil \u0130n\u015fa Eder Medeniyet, bir toplumdan ve s\u0131n\u0131rlar\u0131 olan bir \u00fclkeden daha geni\u015f bir kavramd\u0131r. Bu nedenle bir milleti de a\u015fan geni\u015flikte<span class=\"excerpt-hellip\"> [\u2026]<\/span><\/p>\n","protected":false},"featured_media":0,"template":"","meta":{"_monsterinsights_skip_tracking":false,"_monsterinsights_sitenote_active":false,"_monsterinsights_sitenote_note":"","_monsterinsights_sitenote_category":0},"product_brand":[],"product_cat":[12364,12376],"product_tag":[],"class_list":{"0":"post-768533","1":"product","2":"type-product","3":"status-publish","5":"product_cat-genel-konular","6":"product_cat-kisisel-gelisim","7":"pa_cilt-ciltsiz","8":"pa_tur-kitap","9":"pa_yayinevi-destek-yayinlari","10":"pa_yazar-kubilay-aktas","12":"first","13":"instock","14":"sale","15":"shipping-taxable","16":"purchasable","17":"product-type-simple"},"_links":{"self":[{"href":"https:\/\/roveyayinevi.com.tr\/index.php\/wp-json\/wp\/v2\/product\/768533","targetHints":{"allow":["GET"]}}],"collection":[{"href":"https:\/\/roveyayinevi.com.tr\/index.php\/wp-json\/wp\/v2\/product"}],"about":[{"href":"https:\/\/roveyayinevi.com.tr\/index.php\/wp-json\/wp\/v2\/types\/product"}],"wp:attachment":[{"href":"https:\/\/roveyayinevi.com.tr\/index.php\/wp-json\/wp\/v2\/media?parent=768533"}],"wp:term":[{"taxonomy":"product_brand","embeddable":true,"href":"https:\/\/roveyayinevi.com.tr\/index.php\/wp-json\/wp\/v2\/product_brand?post=768533"},{"taxonomy":"product_cat","embeddable":true,"href":"https:\/\/roveyayinevi.com.tr\/index.php\/wp-json\/wp\/v2\/product_cat?post=768533"},{"taxonomy":"product_tag","embeddable":true,"href":"https:\/\/roveyayinevi.com.tr\/index.php\/wp-json\/wp\/v2\/product_tag?post=768533"}],"curies":[{"name":"wp","href":"https:\/\/api.w.org\/{rel}","templated":true}]}}