{"id":768532,"date":"2025-08-28T13:24:08","date_gmt":"2025-08-28T10:24:08","guid":{"rendered":"https:\/\/roveyayinevi.com.tr\/index.php\/urun\/komunizm-is-basinda\/"},"modified":"2026-04-15T03:34:11","modified_gmt":"2026-04-15T00:34:11","slug":"komunizm-is-basinda","status":"publish","type":"product","link":"https:\/\/roveyayinevi.com.tr\/index.php\/urun\/komunizm-is-basinda\/","title":{"rendered":"Kom\u00fcnizm \u0130\u015f Ba\u015f\u0131nda"},"content":{"rendered":"<p>Bernard Friot \u00f6mr\u00fcn\u00fc Fransa\u2019daki sosyal g\u00fcvenlik sisteminin tarih\u00e7esini incelemeye adam\u0131\u015f bir ara\u015ft\u0131rmac\u0131. \u00c7al\u0131\u015fmalar\u0131n\u0131n sonucunda \u201cgenel vatanda\u015fl\u0131k geliri\u201d ya da kendi tercih etti\u011fi adla \u201cki\u015fi olma vasf\u0131na maa\u015f\u201d kavram\u0131n\u0131 geli\u015ftirdi ve bu kavram gerek COVID-19 salg\u0131n\u0131 gerekse iklim krizi dolay\u0131s\u0131yla g\u00fcndeme gelen ekonomik k\u00fc\u00e7\u00fclme teorisi i\u00e7inde \u00f6nemli bir yer tuttu. Friot Fransa\u2019da \u0130kinci D\u00fcnya Sava\u015f\u0131\u2019ndan sonra sendikalar\u0131n y\u00f6netiminde yer ald\u0131\u011f\u0131 sosyal g\u00fcvenlik sisteminin fiilen kom\u00fcnizmi hayata ge\u00e7irdi\u011fini d\u00fc\u015f\u00fcn\u00fcyor ve kom\u00fcnizmi \u201ci\u015f ba\u015f\u0131nda\u201d oldu\u011fu d\u00f6nemdeki uygulamalarla de\u011ferlendirmek gerekti\u011fini savunuyor. Kapitalizm, Arzu ve K\u00f6lelik kitab\u0131ndan tan\u0131d\u0131\u011f\u0131m\u0131z, Marx ve Spinoza\u2019n\u0131n felsefelerinden yola \u00e7\u0131kan Fr\u00e9d\u00e9ric Lordon ise \u201ci\u015f ba\u015f\u0131ndaki\u201d kom\u00fcnizmin g\u00fc\u00e7l\u00fc ve zay\u0131f yanlar\u0131na dikkat \u00e7ekiyor. G\u00fcn\u00fcm\u00fczde yayg\u0131n e\u011filim olan anar\u015fizan sistem d\u0131\u015f\u0131na ka\u00e7\u0131\u015f kar\u015f\u0131s\u0131nda Friot\u2019nun kom\u00fcnizm projesine neden ihtiya\u00e7 oldu\u011funu ortaya koyuyor. \u0130kilinin hemfikir oldu\u011fu noktalar kadar iktisat, siyaset felsefesi ve sosyoloji alanlar\u0131ndaki g\u00f6r\u00fc\u015f ayr\u0131l\u0131klar\u0131n\u0131n da incelikle tart\u0131\u015f\u0131ld\u0131\u011f\u0131 kitapta Ranci\u00e8re ve Bourdieu d\u00fc\u015f\u00fcncelerinin bir kez daha kar\u015f\u0131 kar\u015f\u0131ya geldi\u011fini g\u00f6r\u00fcyoruz. Bu g\u00fczel ve sahici tart\u0131\u015fman\u0131n g\u00fcn\u00fcm\u00fczde siyaset ve sosyal g\u00fcvenlik sistemi \u00fcst\u00fcne d\u00fc\u015f\u00fcnen okurlar\u0131m\u0131z\u0131n ilgisini \u00e7ekece\u011fine inan\u0131yoruz. <\/p>\n","protected":false},"excerpt":{"rendered":"<p>Bernard Friot \u00f6mr\u00fcn\u00fc Fransa\u2019daki sosyal g\u00fcvenlik sisteminin tarih\u00e7esini incelemeye adam\u0131\u015f bir ara\u015ft\u0131rmac\u0131. \u00c7al\u0131\u015fmalar\u0131n\u0131n sonucunda \u201cgenel vatanda\u015fl\u0131k geliri\u201d ya da kendi tercih etti\u011fi adla \u201cki\u015fi olma vasf\u0131na<span class=\"excerpt-hellip\"> [\u2026]<\/span><\/p>\n","protected":false},"featured_media":0,"template":"","meta":{"_monsterinsights_skip_tracking":false,"_monsterinsights_sitenote_active":false,"_monsterinsights_sitenote_note":"","_monsterinsights_sitenote_category":0},"product_brand":[],"product_cat":[12291,30969],"product_tag":[],"class_list":{"0":"post-768532","1":"product","2":"type-product","3":"status-publish","5":"product_cat-edebiyat","6":"product_cat-soylesi-edebiyat","7":"pa_cilt-ciltsiz","8":"pa_tur-kitap","9":"pa_yayinevi-metis-yayinlari","10":"pa_yazar-bernard-friot-frederic-lordon","12":"first","13":"instock","14":"sale","15":"shipping-taxable","16":"purchasable","17":"product-type-simple"},"_links":{"self":[{"href":"https:\/\/roveyayinevi.com.tr\/index.php\/wp-json\/wp\/v2\/product\/768532","targetHints":{"allow":["GET"]}}],"collection":[{"href":"https:\/\/roveyayinevi.com.tr\/index.php\/wp-json\/wp\/v2\/product"}],"about":[{"href":"https:\/\/roveyayinevi.com.tr\/index.php\/wp-json\/wp\/v2\/types\/product"}],"wp:attachment":[{"href":"https:\/\/roveyayinevi.com.tr\/index.php\/wp-json\/wp\/v2\/media?parent=768532"}],"wp:term":[{"taxonomy":"product_brand","embeddable":true,"href":"https:\/\/roveyayinevi.com.tr\/index.php\/wp-json\/wp\/v2\/product_brand?post=768532"},{"taxonomy":"product_cat","embeddable":true,"href":"https:\/\/roveyayinevi.com.tr\/index.php\/wp-json\/wp\/v2\/product_cat?post=768532"},{"taxonomy":"product_tag","embeddable":true,"href":"https:\/\/roveyayinevi.com.tr\/index.php\/wp-json\/wp\/v2\/product_tag?post=768532"}],"curies":[{"name":"wp","href":"https:\/\/api.w.org\/{rel}","templated":true}]}}