{"id":768531,"date":"2025-08-28T13:24:07","date_gmt":"2025-08-28T10:24:07","guid":{"rendered":"https:\/\/roveyayinevi.com.tr\/index.php\/urun\/haydi-bebekler-sofraya\/"},"modified":"2026-04-15T03:34:11","modified_gmt":"2026-04-15T00:34:11","slug":"haydi-bebekler-sofraya","status":"publish","type":"product","link":"https:\/\/roveyayinevi.com.tr\/index.php\/urun\/haydi-bebekler-sofraya\/","title":{"rendered":"Haydi Bebekler Sofraya"},"content":{"rendered":"<p>\u00c7a\u011flar boyunca anneden k\u0131z\u0131na bilgi aktarma modeli g\u00fcn\u00fcm\u00fczde yerini sosyal medyaya b\u0131rakt\u0131. Bu bilgiler bazen do\u011fru olsa da, kimi zaman anneleri m\u00fckemmeliyetle s\u0131nayan ve yanl\u0131\u015f y\u00f6nlendirmelere yol a\u00e7an unsurlar da bar\u0131nd\u0131rabiliyor.   G\u00fcn\u00fcm\u00fcz bilin\u00e7li ebeveynine rehber olmas\u0131 i\u00e7in yaz\u0131lan bu kitap, onlar\u0131 her  alanda m\u00fckemmel olmaya zorlayan \u00e7a\u011f\u0131m\u0131zda, anneli\u011fin  \u00fczerine y\u00fcklenen vicdan bask\u0131s\u0131ndan kurtulmalar\u0131na ve nefes almalar\u0131na yard\u0131mc\u0131 olmay\u0131 ama\u00e7l\u0131yor. Ebeveynlere bebe\u011finin yiyecekle tan\u0131\u015fma s\u00fcrecini nas\u0131l daha dengeli, sa\u011fl\u0131kl\u0131 ve do\u011faya yak\u0131n bir \u015fekilde yapabileceklerini pratik ve sade bir dille anlatmay\u0131 hedefliyor.   T\u00fcm yeni nesil ebeveynlere ula\u015fmas\u0131 dile\u011fiyle&#8230; <\/p>\n","protected":false},"excerpt":{"rendered":"<p>\u00c7a\u011flar boyunca anneden k\u0131z\u0131na bilgi aktarma modeli g\u00fcn\u00fcm\u00fczde yerini sosyal medyaya b\u0131rakt\u0131. Bu bilgiler bazen do\u011fru olsa da, kimi zaman anneleri m\u00fckemmeliyetle s\u0131nayan ve yanl\u0131\u015f y\u00f6nlendirmelere<span class=\"excerpt-hellip\"> [\u2026]<\/span><\/p>\n","protected":false},"featured_media":0,"template":"","meta":{"_monsterinsights_skip_tracking":false,"_monsterinsights_sitenote_active":false,"_monsterinsights_sitenote_note":"","_monsterinsights_sitenote_category":0},"product_brand":[],"product_cat":[14902,13365],"product_tag":[],"class_list":{"0":"post-768531","1":"product","2":"type-product","3":"status-publish","5":"product_cat-annelik-ve-cocuk-bakimi","6":"product_cat-saglik","7":"pa_cilt-ciltsiz","8":"pa_tur-kitap","9":"pa_yayinevi-destek-yayinlari","10":"pa_yazar-nil-saricicek-goncafem-bascelik-tokgoz","12":"first","13":"instock","14":"sale","15":"shipping-taxable","16":"purchasable","17":"product-type-simple"},"_links":{"self":[{"href":"https:\/\/roveyayinevi.com.tr\/index.php\/wp-json\/wp\/v2\/product\/768531","targetHints":{"allow":["GET"]}}],"collection":[{"href":"https:\/\/roveyayinevi.com.tr\/index.php\/wp-json\/wp\/v2\/product"}],"about":[{"href":"https:\/\/roveyayinevi.com.tr\/index.php\/wp-json\/wp\/v2\/types\/product"}],"wp:attachment":[{"href":"https:\/\/roveyayinevi.com.tr\/index.php\/wp-json\/wp\/v2\/media?parent=768531"}],"wp:term":[{"taxonomy":"product_brand","embeddable":true,"href":"https:\/\/roveyayinevi.com.tr\/index.php\/wp-json\/wp\/v2\/product_brand?post=768531"},{"taxonomy":"product_cat","embeddable":true,"href":"https:\/\/roveyayinevi.com.tr\/index.php\/wp-json\/wp\/v2\/product_cat?post=768531"},{"taxonomy":"product_tag","embeddable":true,"href":"https:\/\/roveyayinevi.com.tr\/index.php\/wp-json\/wp\/v2\/product_tag?post=768531"}],"curies":[{"name":"wp","href":"https:\/\/api.w.org\/{rel}","templated":true}]}}