{"id":768530,"date":"2025-08-28T13:24:04","date_gmt":"2025-08-28T10:24:04","guid":{"rendered":"https:\/\/roveyayinevi.com.tr\/index.php\/urun\/doganin-yolu\/"},"modified":"2026-04-15T03:34:11","modified_gmt":"2026-04-15T00:34:11","slug":"doganin-yolu","status":"publish","type":"product","link":"https:\/\/roveyayinevi.com.tr\/index.php\/urun\/doganin-yolu\/","title":{"rendered":"Do\u011fan\u0131n Yolu"},"content":{"rendered":"<p>\u00c7in klasiklerine getirdi\u011fi \u00f6zg\u00fcn yorumlar\u0131yla tan\u0131nan C. C. Tsai, bu kez Zhuangzi\u2019nin etkileyici \u00e7al\u0131\u015fmalar\u0131ndan biri olan Do\u011fan\u0131n Yolu adl\u0131 eserinin \u00e7izgi roman uyarlamas\u0131yla kar\u015f\u0131n\u0131zda.   Taoizmin temel ta\u015flar\u0131ndan biri olarak kabul edilen Zhuangi metinleri, \u00c7in \u015fiiri, resim sanat\u0131, d\u00f6v\u00fc\u015f sanatlar\u0131 ve Zen Budizmi gibi pek \u00e7ok alana derinlemesine n\u00fcfuz etmi\u015ftir. Binlerce y\u0131l \u00f6nce birey, toplum ve do\u011fa hakk\u0131ndaki geleneksel varsay\u0131mlara meydan okuyan bu eser, \u00e7at\u0131\u015fmalarla dolu bir d\u00fcnyada do\u011fan\u0131n ola\u011fan ak\u0131\u015f\u0131na geri d\u00f6nmenin tek ak\u0131lc\u0131 yan\u0131t oldu\u011funu vurgular.   C. C. Tsai\u2019nin ilham verici \u00e7izimleriyle hayat bulan Do\u011fan\u0131n Yolu, Zhuangzi\u2019nin unutulmaz karakterlerini, anlam y\u00fckl\u00fc fabllar\u0131n\u0131 ve d\u00fc\u015f\u00fcnce deneylerini benzersiz bir \u015fekilde okura sunuyor ve ak\u0131llara \u015fu sorular\u0131 getiriyor: Hakiki insan kimdir? Mutlak haz diye bir \u015fey var m\u0131d\u0131r? Ya da ya\u015fam\u0131 muhafaza edip koruman\u0131n bir yolu var m\u0131d\u0131r?   Do\u011fan\u0131n Yolu, hem Zhuangzi\u2019nin hikmet dolu d\u00fcnyas\u0131na e\u015fsiz bir yolculuk hem de modern ya\u015fam\u0131n karma\u015fas\u0131ndan s\u0131yr\u0131larak ya\u015fam\u0131n do\u011fal ritmine d\u00f6n\u00fc\u015f \u00e7a\u011fr\u0131s\u0131d\u0131r.   \u201cC.C. Tsai\u2019nin kitaplar\u0131 tamamen b\u00fcy\u00fcleyici. Zarif \u00e7izgiler; keskin \u00e7izgilerle resmedilmi\u015f karakterler; ince ve yerli yerinde bir mizah; derinlikli bir konu. Karikat\u00fcr sanat\u0131n\u0131n zirvesi.\u201d LARRY GONICK, EVREN\u0130N \u00c7\u0130ZG\u0130 TAR\u0130H\u0130 ADLI ESER\u0130N YAZARI <\/p>\n","protected":false},"excerpt":{"rendered":"<p>\u00c7in klasiklerine getirdi\u011fi \u00f6zg\u00fcn yorumlar\u0131yla tan\u0131nan C. C. Tsai, bu kez Zhuangzi\u2019nin etkileyici \u00e7al\u0131\u015fmalar\u0131ndan biri olan Do\u011fan\u0131n Yolu adl\u0131 eserinin \u00e7izgi roman uyarlamas\u0131yla kar\u015f\u0131n\u0131zda. Taoizmin temel<span class=\"excerpt-hellip\"> [\u2026]<\/span><\/p>\n","protected":false},"featured_media":0,"template":"","meta":{"_monsterinsights_skip_tracking":false,"_monsterinsights_sitenote_active":false,"_monsterinsights_sitenote_note":"","_monsterinsights_sitenote_category":0},"product_brand":[],"product_cat":[12416,12291],"product_tag":[],"class_list":{"0":"post-768530","1":"product","2":"type-product","3":"status-publish","5":"product_cat-cizgi-roman","6":"product_cat-edebiyat","7":"pa_cilt-ciltsiz","8":"pa_tur-kitap","9":"pa_yayinevi-epsilon-yayinlari","10":"pa_yazar-zhuangzi","12":"first","13":"instock","14":"sale","15":"shipping-taxable","16":"purchasable","17":"product-type-simple"},"_links":{"self":[{"href":"https:\/\/roveyayinevi.com.tr\/index.php\/wp-json\/wp\/v2\/product\/768530","targetHints":{"allow":["GET"]}}],"collection":[{"href":"https:\/\/roveyayinevi.com.tr\/index.php\/wp-json\/wp\/v2\/product"}],"about":[{"href":"https:\/\/roveyayinevi.com.tr\/index.php\/wp-json\/wp\/v2\/types\/product"}],"wp:attachment":[{"href":"https:\/\/roveyayinevi.com.tr\/index.php\/wp-json\/wp\/v2\/media?parent=768530"}],"wp:term":[{"taxonomy":"product_brand","embeddable":true,"href":"https:\/\/roveyayinevi.com.tr\/index.php\/wp-json\/wp\/v2\/product_brand?post=768530"},{"taxonomy":"product_cat","embeddable":true,"href":"https:\/\/roveyayinevi.com.tr\/index.php\/wp-json\/wp\/v2\/product_cat?post=768530"},{"taxonomy":"product_tag","embeddable":true,"href":"https:\/\/roveyayinevi.com.tr\/index.php\/wp-json\/wp\/v2\/product_tag?post=768530"}],"curies":[{"name":"wp","href":"https:\/\/api.w.org\/{rel}","templated":true}]}}