{"id":768527,"date":"2025-08-28T13:23:57","date_gmt":"2025-08-28T10:23:57","guid":{"rendered":"https:\/\/roveyayinevi.com.tr\/index.php\/urun\/birlikte-fleksi-kapak\/"},"modified":"2026-04-15T03:34:11","modified_gmt":"2026-04-15T00:34:11","slug":"birlikte-fleksi-kapak","status":"publish","type":"product","link":"https:\/\/roveyayinevi.com.tr\/index.php\/urun\/birlikte-fleksi-kapak\/","title":{"rendered":"Birlikte (Fleksi Kapak)"},"content":{"rendered":"<p>\u201cYava\u015flarken bir uyan\u0131\u015f ya\u015fad\u0131k. Hayatta en \u00f6nemli \u015feylerin neler oldu\u011funa dair bir uyan\u0131\u015f. Anlad\u0131k ki g\u00fcne\u015f hep oradayd\u0131. Do\u011fuyor, bat\u0131yor ve bekliyordu; bulutlar kapkara oldu\u011funda bile.\u201d     Peki ya d\u00fcnya birdenbire her \u015feyi alt\u00fcst eden bir f\u0131rt\u0131naya kap\u0131l\u0131rsa? Ve kimse bunun ne kadar s\u00fcrece\u011fini bilmezse? Bu sorunun yan\u0131t\u0131n\u0131 ya\u015fl\u0131 bir adam ve k\u00f6pe\u011fiyle birlikte belirsizliklerle sarmalanm\u0131\u015f bir yolculukta ar\u0131yor; onlar\u0131n g\u00f6zlerinden yaln\u0131zl\u0131\u011f\u0131n a\u011f\u0131rl\u0131\u011f\u0131n\u0131, hepimizin a\u015fina oldu\u011fu duygusal de\u011fi\u015fimleri ve nihayetinde bu zorlu\u011fun i\u00e7inden sa\u011f salim \u00e7\u0131kman\u0131n yollar\u0131n\u0131 ke\u015ffediyoruz&#8230;   Luke Adam Walker, pek \u00e7o\u011fumuz gibi pandemi g\u00fcnlerinin yaln\u0131zl\u0131\u011f\u0131n\u0131 derinden ya\u015fad\u0131 ve hayata es verdi\u011fimiz o d\u00f6nemin insan ruhunda ve \u015fehirlerde yaratt\u0131\u011f\u0131 izleri ustal\u0131kla bu kitaptaki \u00e7izimlerine yans\u0131tt\u0131.   Kalplere dokunan bu \u00f6yk\u00fc, birlikte olman\u0131n g\u00fcc\u00fcn\u00fc hat\u0131rlat\u0131rken hayat\u0131n en de\u011ferli y\u00f6nlerini yeniden g\u00f6rmememizi sa\u011fl\u0131yor. <\/p>\n","protected":false},"excerpt":{"rendered":"<p>\u201cYava\u015flarken bir uyan\u0131\u015f ya\u015fad\u0131k. Hayatta en \u00f6nemli \u015feylerin neler oldu\u011funa dair bir uyan\u0131\u015f. Anlad\u0131k ki g\u00fcne\u015f hep oradayd\u0131. Do\u011fuyor, bat\u0131yor ve bekliyordu; bulutlar kapkara oldu\u011funda bile.\u201d<span class=\"excerpt-hellip\"> [\u2026]<\/span><\/p>\n","protected":false},"featured_media":0,"template":"","meta":{"_monsterinsights_skip_tracking":false,"_monsterinsights_sitenote_active":false,"_monsterinsights_sitenote_note":"","_monsterinsights_sitenote_category":0},"product_brand":[],"product_cat":[12416,12291],"product_tag":[],"class_list":{"0":"post-768527","1":"product","2":"type-product","3":"status-publish","5":"product_cat-cizgi-roman","6":"product_cat-edebiyat","7":"pa_cilt-ciltsiz","8":"pa_tur-kitap","9":"pa_yayinevi-epsilon-yayinlari","10":"pa_yazar-luke-adam-hawker","12":"first","13":"instock","14":"sale","15":"shipping-taxable","16":"purchasable","17":"product-type-simple"},"_links":{"self":[{"href":"https:\/\/roveyayinevi.com.tr\/index.php\/wp-json\/wp\/v2\/product\/768527","targetHints":{"allow":["GET"]}}],"collection":[{"href":"https:\/\/roveyayinevi.com.tr\/index.php\/wp-json\/wp\/v2\/product"}],"about":[{"href":"https:\/\/roveyayinevi.com.tr\/index.php\/wp-json\/wp\/v2\/types\/product"}],"wp:attachment":[{"href":"https:\/\/roveyayinevi.com.tr\/index.php\/wp-json\/wp\/v2\/media?parent=768527"}],"wp:term":[{"taxonomy":"product_brand","embeddable":true,"href":"https:\/\/roveyayinevi.com.tr\/index.php\/wp-json\/wp\/v2\/product_brand?post=768527"},{"taxonomy":"product_cat","embeddable":true,"href":"https:\/\/roveyayinevi.com.tr\/index.php\/wp-json\/wp\/v2\/product_cat?post=768527"},{"taxonomy":"product_tag","embeddable":true,"href":"https:\/\/roveyayinevi.com.tr\/index.php\/wp-json\/wp\/v2\/product_tag?post=768527"}],"curies":[{"name":"wp","href":"https:\/\/api.w.org\/{rel}","templated":true}]}}