{"id":768524,"date":"2025-08-28T13:23:51","date_gmt":"2025-08-28T10:23:51","guid":{"rendered":"https:\/\/roveyayinevi.com.tr\/index.php\/urun\/haberci-yildizlar\/"},"modified":"2026-04-15T03:34:11","modified_gmt":"2026-04-15T00:34:11","slug":"haberci-yildizlar","status":"publish","type":"product","link":"https:\/\/roveyayinevi.com.tr\/index.php\/urun\/haberci-yildizlar\/","title":{"rendered":"Haberci Y\u0131ld\u0131zlar"},"content":{"rendered":"<p>Neil deGrasse Tyson, medeniyete kozmik bak\u0131\u015f a\u00e7\u0131s\u0131yla yakla\u015f\u0131p zaman\u0131m\u0131z\u0131n \u00f6nemli \u201ck\u0131rm\u0131z\u0131 \u00e7izgi\u201dlerine \u2013sava\u015f, siyaset, din, hakikat, gu\u0308zellik, cinsiyet ve \u0131rk\u2013 hepimiz i\u00e7in daha derin bir birlik duygusu uyand\u0131racak \u015fekilde \u0131\u015f\u0131k tutuyor. Siyasi ve ku\u0308ltu\u0308rel g\u00f6ru\u0308\u015flerimizin her zamankinden daha fazla kutupla\u015ft\u0131\u011f\u0131 gu\u0308nu\u0308mu\u0308zde belki de her \u015feyden \u00e7ok ihtiya\u00e7 duydu\u011fumuz \u015fey, du\u0308\u015fu\u0308nme bi\u00e7imlerimize etki edecek bir panzehir. Astrofizik\u00e7i Neil deGrasse Tyson ise kozmik perspektifin bu\u0308yu\u0308su\u0308 ve bilimin rasyonelli\u011fini harmanlayarak o panzehiri bizlere sunabilecek yeg\u00e2ne insanlardan. Bilimin du\u0308nyay\u0131 nas\u0131l g\u00f6rdu\u0308\u011fu\u0308nu\u0308 anlamak ve gezegenimiz hakk\u0131nda derinlemesine du\u0308\u015fu\u0308nmek; hayattaki \u00f6ncelikleri yeniden de\u011ferlendirme ve \u015fekillendirme gu\u0308cu\u0308ne sahip. Tyson bunu biliyor ve bu du\u0308\u015fu\u0308ncelerin ku\u0308ltu\u0308rden topluma, bireysel hayatlardan uygarl\u0131\u011fa kadar hi\u00e7bir bak\u0131\u015f a\u00e7\u0131s\u0131n\u0131 etkilemekten geri kalamayaca\u011f\u0131n\u0131 g\u00f6steriyor. Y\u0131ld\u0131z tozuna, mant\u0131\u011fa, mizaha ve zarafete bulanm\u0131\u015f diliyle bize rehberlik eden Haberci Y\u0131ld\u0131zlar, ku\u0308resel \u00e7at\u0131\u015fmalar\u0131n \u00e7\u00f6zu\u0308mu\u0308ne dair i\u00e7g\u00f6ru\u0308lerden hayatta olman\u0131n ne kadar de\u011ferli oldu\u011funu hat\u0131rlatmaya kadar, evrendeki yerimize dair bir dizi parlak ve gu\u0308zel ger\u00e7e\u011fi samimiyetle ortaya koyuyor. <\/p>\n","protected":false},"excerpt":{"rendered":"<p>Neil deGrasse Tyson, medeniyete kozmik bak\u0131\u015f a\u00e7\u0131s\u0131yla yakla\u015f\u0131p zaman\u0131m\u0131z\u0131n \u00f6nemli \u201ck\u0131rm\u0131z\u0131 \u00e7izgi\u201dlerine \u2013sava\u015f, siyaset, din, hakikat, gu\u0308zellik, cinsiyet ve \u0131rk\u2013 hepimiz i\u00e7in daha derin bir birlik<span class=\"excerpt-hellip\"> [\u2026]<\/span><\/p>\n","protected":false},"featured_media":0,"template":"","meta":{"_monsterinsights_skip_tracking":false,"_monsterinsights_sitenote_active":false,"_monsterinsights_sitenote_note":"","_monsterinsights_sitenote_category":0},"product_brand":[],"product_cat":[13005,13006],"product_tag":[],"class_list":{"0":"post-768524","1":"product","2":"type-product","3":"status-publish","5":"product_cat-bilim-muhendislik","6":"product_cat-populer-bilim","7":"pa_cilt-ciltsiz","8":"pa_tur-kitap","9":"pa_yayinevi-nova-kitap","10":"pa_yazar-neil-degrasse-tyson","12":"first","13":"instock","14":"sale","15":"shipping-taxable","16":"purchasable","17":"product-type-simple"},"_links":{"self":[{"href":"https:\/\/roveyayinevi.com.tr\/index.php\/wp-json\/wp\/v2\/product\/768524","targetHints":{"allow":["GET"]}}],"collection":[{"href":"https:\/\/roveyayinevi.com.tr\/index.php\/wp-json\/wp\/v2\/product"}],"about":[{"href":"https:\/\/roveyayinevi.com.tr\/index.php\/wp-json\/wp\/v2\/types\/product"}],"wp:attachment":[{"href":"https:\/\/roveyayinevi.com.tr\/index.php\/wp-json\/wp\/v2\/media?parent=768524"}],"wp:term":[{"taxonomy":"product_brand","embeddable":true,"href":"https:\/\/roveyayinevi.com.tr\/index.php\/wp-json\/wp\/v2\/product_brand?post=768524"},{"taxonomy":"product_cat","embeddable":true,"href":"https:\/\/roveyayinevi.com.tr\/index.php\/wp-json\/wp\/v2\/product_cat?post=768524"},{"taxonomy":"product_tag","embeddable":true,"href":"https:\/\/roveyayinevi.com.tr\/index.php\/wp-json\/wp\/v2\/product_tag?post=768524"}],"curies":[{"name":"wp","href":"https:\/\/api.w.org\/{rel}","templated":true}]}}