{"id":768523,"date":"2025-08-28T13:23:48","date_gmt":"2025-08-28T10:23:48","guid":{"rendered":"https:\/\/roveyayinevi.com.tr\/index.php\/urun\/karanlik-olan\/"},"modified":"2026-04-15T03:34:11","modified_gmt":"2026-04-15T00:34:11","slug":"karanlik-olan","status":"publish","type":"product","link":"https:\/\/roveyayinevi.com.tr\/index.php\/urun\/karanlik-olan\/","title":{"rendered":"Karanl\u0131k Olan"},"content":{"rendered":"<p>Benim i\u00e7in hayat sanki Peter Pan ve Kay\u0131p \u00c7ocuklar\u2019la tan\u0131\u015ft\u0131\u011f\u0131mda ba\u015flam\u0131\u015ft\u0131. Var Olmayan \u00dclke\u2019nin b\u00fcy\u00fcs\u00fc ba\u015f\u0131m\u0131 d\u00f6nd\u00fcr\u00fcyordu ve kendimi ilk kez evimde hissediyordum. Tek sorunum Vane\u2019in bana teslim olmamas\u0131yd\u0131 ama bunu de\u011fi\u015ftirmeye kararl\u0131yd\u0131m. Adada g\u00fc\u00e7 dengeleri bozulmak \u00fczereydi. G\u00f6lgesine hen\u00fcz kavu\u015famayan Pan tehlikeliydi, onu \u00f6ld\u00fcrmek isteyen Fae Krali\u00e7esi ve Kaptan Hook da \u00f6yle. Sava\u015f kap\u0131dayd\u0131 ve herkesin zay\u0131f noktas\u0131 sevdikleriyken kimse g\u00fcvende de\u011fildi.   Benim kaderimdeyse piyondan fazlas\u0131 olmak vard\u0131.  <\/p>\n","protected":false},"excerpt":{"rendered":"<p>Benim i\u00e7in hayat sanki Peter Pan ve Kay\u0131p \u00c7ocuklar\u2019la tan\u0131\u015ft\u0131\u011f\u0131mda ba\u015flam\u0131\u015ft\u0131. Var Olmayan \u00dclke\u2019nin b\u00fcy\u00fcs\u00fc ba\u015f\u0131m\u0131 d\u00f6nd\u00fcr\u00fcyordu ve kendimi ilk kez evimde hissediyordum. Tek sorunum Vane\u2019in<span class=\"excerpt-hellip\"> [\u2026]<\/span><\/p>\n","protected":false},"featured_media":0,"template":"","meta":{"_monsterinsights_skip_tracking":false,"_monsterinsights_sitenote_active":false,"_monsterinsights_sitenote_note":"","_monsterinsights_sitenote_category":0},"product_brand":[],"product_cat":[12291,12711],"product_tag":[],"class_list":{"0":"post-768523","1":"product","2":"type-product","3":"status-publish","5":"product_cat-edebiyat","6":"product_cat-roman-oyku","7":"pa_cilt-ciltsiz","8":"pa_tur-kitap","9":"pa_yayinevi-nox-yayinlari","10":"pa_yazar-nikki-st-crowe","12":"first","13":"instock","14":"sale","15":"shipping-taxable","16":"purchasable","17":"product-type-simple"},"_links":{"self":[{"href":"https:\/\/roveyayinevi.com.tr\/index.php\/wp-json\/wp\/v2\/product\/768523","targetHints":{"allow":["GET"]}}],"collection":[{"href":"https:\/\/roveyayinevi.com.tr\/index.php\/wp-json\/wp\/v2\/product"}],"about":[{"href":"https:\/\/roveyayinevi.com.tr\/index.php\/wp-json\/wp\/v2\/types\/product"}],"wp:attachment":[{"href":"https:\/\/roveyayinevi.com.tr\/index.php\/wp-json\/wp\/v2\/media?parent=768523"}],"wp:term":[{"taxonomy":"product_brand","embeddable":true,"href":"https:\/\/roveyayinevi.com.tr\/index.php\/wp-json\/wp\/v2\/product_brand?post=768523"},{"taxonomy":"product_cat","embeddable":true,"href":"https:\/\/roveyayinevi.com.tr\/index.php\/wp-json\/wp\/v2\/product_cat?post=768523"},{"taxonomy":"product_tag","embeddable":true,"href":"https:\/\/roveyayinevi.com.tr\/index.php\/wp-json\/wp\/v2\/product_tag?post=768523"}],"curies":[{"name":"wp","href":"https:\/\/api.w.org\/{rel}","templated":true}]}}