{"id":768521,"date":"2025-08-28T13:23:45","date_gmt":"2025-08-28T10:23:45","guid":{"rendered":"https:\/\/roveyayinevi.com.tr\/index.php\/urun\/kotuluk-suret-15\/"},"modified":"2026-04-15T03:34:11","modified_gmt":"2026-04-15T00:34:11","slug":"kotuluk-suret-15","status":"publish","type":"product","link":"https:\/\/roveyayinevi.com.tr\/index.php\/urun\/kotuluk-suret-15\/","title":{"rendered":"K\u00f6t\u00fcl\u00fck (Suret-15)"},"content":{"rendered":"<p>\u0130nsanl\u0131\u011f\u0131n ayd\u0131nl\u0131\u011fa y\u00f6neldi\u011fi iki y\u00fczy\u0131ll\u0131k s\u00fcre\u00e7te \u00fctopya hedefleri olan ideolojik disiplinler gibi olmasa da olup bitenleri a\u00e7\u0131klama ve anlama g\u00fcc\u00fcne sahip olabilecek ve bu h\u00e2liyle h\u00e2l\u00e2 bireyselden kolektife iyi nesne h\u00e2kimiyetinin g\u00fcc\u00fcn\u00fc tahkim etme imk\u00e2nlar\u0131 olan psikanaliz, felsefe ve \u00e7e\u015fitli sosyal bilimler t\u00fcm anlam\u0131 yok etme sald\u0131r\u0131s\u0131ndaki kara deli\u011fe direnmeye devam etmekteler. Ortaya \u00e7\u0131kan bu kesif k\u00f6t\u00fcl\u00fc\u011f\u00fc a\u00e7\u0131klama ve anlama g\u00fcc\u00fc t\u00fcm \u015fiddet, vah\u015fet ve deh\u015fetin i\u00e7inde g\u00f6r\u00fcnmez hale gelen iyilik ile (onun ge\u00e7irdi\u011fi d\u00f6n\u00fc\u015f\u00fcmler, onun z\u0131dd\u0131yla diyalektik ili\u015fkisi, k\u00f6t\u00fcl\u00fc\u011f\u00fcn reaktif taraf\u0131, vb.) bir temas kurma umudunu bir nebze olsun canl\u0131 tutuyor. Ancak t\u00fcm bunlara kar\u015f\u0131n k\u00f6t\u00fcl\u00fc\u011f\u00fc anlama ve a\u00e7\u0131klama giri\u015fimi (onu kapsama u\u011fra\u015f\u0131) ak\u0131llarda \u015fu sorunun yak\u0131c\u0131 varl\u0131\u011f\u0131n\u0131 ortadan kald\u0131ram\u0131yor: yoksa k\u00f6t\u00fcl\u00fck do\u011fas\u0131 gere\u011fi bu \u015fekilde kapsanamaz olan m\u0131d\u0131r?  Anlamland\u0131r\u0131lan k\u00f6t\u00fcl\u00fck ile hi\u00e7bir zaman anlamland\u0131r\u0131lamayacak olan aras\u0131nda bir fark m\u0131 vard\u0131r?  Psikanalizin alan\u0131ndan \u00f6rnek verecek olursak, bir travmaya dayand\u0131r\u0131larak a\u00e7\u0131klanan y\u0131k\u0131c\u0131l\u0131k ile etyolojisinde bu t\u00fcr bir zarar g\u00f6rm\u00fc\u015fl\u00fck olmayan ve dolay\u0131s\u0131yla bir sebep-sonu\u00e7 ba\u011flant\u0131s\u0131yla gerek\u00e7elendirilemeyen y\u0131k\u0131c\u0131l\u0131k aras\u0131ndaki fark insanl\u0131\u011f\u0131n anlam ve umutla ili\u015fkisinde kolay giderilemeyecek bir kay\u0131p yarat\u0131r. \u0130nsanl\u0131\u011f\u0131n \u0131st\u0131rab\u0131n\u0131 azaltmaya y\u00f6nelik \u201cbilme, \u00f6\u011frenme, giderme\u201d giri\u015fimlerin g\u00fcc\u00fcn\u00fcn bitti\u011fi yerdir buras\u0131. \u00c7a\u011f\u0131m\u0131z\u0131n ruhundaki endi\u015fe bu konudaki umut ve umutsuzluk aras\u0131ndaki ince \u00e7izgide yalpalamam\u0131zdand\u0131r. Elinizde tuttu\u011funuz say\u0131daki yaz\u0131lar bu ince \u00e7izgide y\u00fcr\u00fcyorlar. G\u00f6zlerini ve zihinlerini bazen anlama, bilmeye ve umuda di\u011fer zamanlarda ise kapsanamaz olan\u0131n, simgesel d\u00fczene girmeyenin reel\u2019li\u011fine dikiyorlar. <\/p>\n","protected":false},"excerpt":{"rendered":"<p>\u0130nsanl\u0131\u011f\u0131n ayd\u0131nl\u0131\u011fa y\u00f6neldi\u011fi iki y\u00fczy\u0131ll\u0131k s\u00fcre\u00e7te \u00fctopya hedefleri olan ideolojik disiplinler gibi olmasa da olup bitenleri a\u00e7\u0131klama ve anlama g\u00fcc\u00fcne sahip olabilecek ve bu h\u00e2liyle h\u00e2l\u00e2<span class=\"excerpt-hellip\"> [\u2026]<\/span><\/p>\n","protected":false},"featured_media":0,"template":"","meta":{"_monsterinsights_skip_tracking":false,"_monsterinsights_sitenote_active":false,"_monsterinsights_sitenote_note":"","_monsterinsights_sitenote_category":0},"product_brand":[],"product_cat":[12357],"product_tag":[],"class_list":{"0":"post-768521","1":"product","2":"type-product","3":"status-publish","5":"product_cat-psikoloji","6":"pa_cilt-ciltsiz","7":"pa_tur-kitap","8":"pa_yayinevi-minotor-kitap","9":"pa_yazar-kolektif","11":"first","12":"instock","13":"sale","14":"shipping-taxable","15":"purchasable","16":"product-type-simple"},"_links":{"self":[{"href":"https:\/\/roveyayinevi.com.tr\/index.php\/wp-json\/wp\/v2\/product\/768521","targetHints":{"allow":["GET"]}}],"collection":[{"href":"https:\/\/roveyayinevi.com.tr\/index.php\/wp-json\/wp\/v2\/product"}],"about":[{"href":"https:\/\/roveyayinevi.com.tr\/index.php\/wp-json\/wp\/v2\/types\/product"}],"wp:attachment":[{"href":"https:\/\/roveyayinevi.com.tr\/index.php\/wp-json\/wp\/v2\/media?parent=768521"}],"wp:term":[{"taxonomy":"product_brand","embeddable":true,"href":"https:\/\/roveyayinevi.com.tr\/index.php\/wp-json\/wp\/v2\/product_brand?post=768521"},{"taxonomy":"product_cat","embeddable":true,"href":"https:\/\/roveyayinevi.com.tr\/index.php\/wp-json\/wp\/v2\/product_cat?post=768521"},{"taxonomy":"product_tag","embeddable":true,"href":"https:\/\/roveyayinevi.com.tr\/index.php\/wp-json\/wp\/v2\/product_tag?post=768521"}],"curies":[{"name":"wp","href":"https:\/\/api.w.org\/{rel}","templated":true}]}}