{"id":768519,"date":"2025-08-28T13:23:40","date_gmt":"2025-08-28T10:23:40","guid":{"rendered":"https:\/\/roveyayinevi.com.tr\/index.php\/urun\/kiki-ve-bir-diger-cadi\/"},"modified":"2026-04-15T03:34:11","modified_gmt":"2026-04-15T00:34:11","slug":"kiki-ve-bir-diger-cadi","status":"publish","type":"product","link":"https:\/\/roveyayinevi.com.tr\/index.php\/urun\/kiki-ve-bir-diger-cadi\/","title":{"rendered":"Kiki ve Bir Di\u011fer Cad\u0131"},"content":{"rendered":"<p>K\u00fc\u00e7\u00fck cad\u0131 Kiki art\u0131k on alt\u0131 ya\u015f\u0131ndad\u0131r. D\u00f6rt y\u0131ld\u0131r Koriko \u015fehrinde ya\u015famakta ve Kiki\u2019nin Cad\u0131 Kargosu sayesinde, b\u00fcy\u00fc g\u00fc\u00e7lerini \u015fehir sakinlerinin yarar\u0131na kullanmaktad\u0131r. Bir g\u00fcn, Koriko\u2019da bir anda ortaya \u00e7\u0131kan on iki ya\u015f\u0131ndaki Keke, Kiki\u2019nin t\u00fcm d\u00fczenini alt\u00fcst eder. Bu \u00f6zg\u00fcr ruhlu ve yaramaz k\u0131z, Kiki\u2019nin hayat\u0131na kendini zorla dahil edecek ve Kiki\u2019ye b\u00fcy\u00fck zorluklar ya\u015fatacakt\u0131r. Kiki, kedisi Jiji ve bir\u00e7ok \u015fehir sakininin yard\u0131m\u0131yla bu zorluklar\u0131n \u00fcstesinden gelmelidir. <\/p>\n","protected":false},"excerpt":{"rendered":"<p>K\u00fc\u00e7\u00fck cad\u0131 Kiki art\u0131k on alt\u0131 ya\u015f\u0131ndad\u0131r. D\u00f6rt y\u0131ld\u0131r Koriko \u015fehrinde ya\u015famakta ve Kiki\u2019nin Cad\u0131 Kargosu sayesinde, b\u00fcy\u00fc g\u00fc\u00e7lerini \u015fehir sakinlerinin yarar\u0131na kullanmaktad\u0131r. Bir g\u00fcn, Koriko\u2019da<span class=\"excerpt-hellip\"> [\u2026]<\/span><\/p>\n","protected":false},"featured_media":0,"template":"","meta":{"_monsterinsights_skip_tracking":false,"_monsterinsights_sitenote_active":false,"_monsterinsights_sitenote_note":"","_monsterinsights_sitenote_category":0},"product_brand":[],"product_cat":[12274,12284],"product_tag":[],"class_list":{"0":"post-768519","1":"product","2":"type-product","3":"status-publish","5":"product_cat-cocuk-ve-genclik-kitaplari","6":"product_cat-hikayeler","7":"pa_cilt-ciltsiz","8":"pa_tur-kitap","9":"pa_yayinevi-ithaki-yayinlari","10":"pa_yazar-eiko-kadono","12":"first","13":"instock","14":"sale","15":"shipping-taxable","16":"purchasable","17":"product-type-simple"},"_links":{"self":[{"href":"https:\/\/roveyayinevi.com.tr\/index.php\/wp-json\/wp\/v2\/product\/768519","targetHints":{"allow":["GET"]}}],"collection":[{"href":"https:\/\/roveyayinevi.com.tr\/index.php\/wp-json\/wp\/v2\/product"}],"about":[{"href":"https:\/\/roveyayinevi.com.tr\/index.php\/wp-json\/wp\/v2\/types\/product"}],"wp:attachment":[{"href":"https:\/\/roveyayinevi.com.tr\/index.php\/wp-json\/wp\/v2\/media?parent=768519"}],"wp:term":[{"taxonomy":"product_brand","embeddable":true,"href":"https:\/\/roveyayinevi.com.tr\/index.php\/wp-json\/wp\/v2\/product_brand?post=768519"},{"taxonomy":"product_cat","embeddable":true,"href":"https:\/\/roveyayinevi.com.tr\/index.php\/wp-json\/wp\/v2\/product_cat?post=768519"},{"taxonomy":"product_tag","embeddable":true,"href":"https:\/\/roveyayinevi.com.tr\/index.php\/wp-json\/wp\/v2\/product_tag?post=768519"}],"curies":[{"name":"wp","href":"https:\/\/api.w.org\/{rel}","templated":true}]}}