{"id":768518,"date":"2025-08-28T13:23:38","date_gmt":"2025-08-28T10:23:38","guid":{"rendered":"https:\/\/roveyayinevi.com.tr\/index.php\/urun\/moby-dick-17\/"},"modified":"2026-04-15T03:34:11","modified_gmt":"2026-04-15T00:34:11","slug":"moby-dick-17","status":"publish","type":"product","link":"https:\/\/roveyayinevi.com.tr\/index.php\/urun\/moby-dick-17\/","title":{"rendered":"Moby Dick"},"content":{"rendered":"<p>\u201cMoby Dick, ruhu derin bir sessizli\u011fe b\u00fcr\u00fcnd\u00fcr\u00fcr ve insanda bir hayranl\u0131k uyand\u0131r\u0131r&#8230; D\u00fcnyan\u0131n en garip ve en muhte\u015fem kitaplar\u0131ndan biridir.\u201d \u2014D. H. LAWRENCE   On dokuzuncu y\u00fczy\u0131l Amerikan edebiyat\u0131n\u0131n en b\u00fcy\u00fck yazarlar\u0131ndan biri olan Herman Melville, denizcilik deneyimlerinden ve insan do\u011fas\u0131na dair derin g\u00f6zlemlerinden ilham alan eserleriyle tan\u0131n\u0131r. Eserlerinde ya\u015fam\u0131n karma\u015f\u0131kl\u0131\u011f\u0131n\u0131, do\u011fan\u0131n g\u00fcc\u00fcn\u00fc ve insan\u0131n bu g\u00fc\u00e7 kar\u015f\u0131s\u0131ndaki \u00e7aresizli\u011fini \u00e7arp\u0131c\u0131 bir \u015fekilde yans\u0131t\u0131r. Moby Dick ise Melville\u2019in ba\u015fyap\u0131t\u0131 olarak kabul edilir ve d\u00fcnya edebiyat\u0131n\u0131n \u00f6l\u00fcms\u00fcz klasiklerinden biridir. Balina av gemisi olan Pequod\u2019un g\u00fcvertesinde, tek g\u00f6z\u00fcn\u00fc dev beyaz balina Moby Dick\u2019e \u00e2deta saplant\u0131l\u0131 bir kinle dikmi\u015f Kaptan Ahab, h\u0131rs ve intikam dolu bir yolculu\u011fa \u00e7\u0131kacakt\u0131r. Ve bu yolculukta m\u00fcrettebat\u0131n her \u00fcyesi, Ahab\u2019\u0131n saplant\u0131s\u0131n\u0131n y\u0131k\u0131c\u0131 etkileriyle kar\u015f\u0131 kar\u015f\u0131ya kalacakt\u0131r. Melville do\u011fa kar\u015f\u0131s\u0131nda insan\u0131n \u00e7aresizli\u011fini, intikam\u0131n y\u0131k\u0131c\u0131l\u0131\u011f\u0131n\u0131 ve insan ruhunun karanl\u0131k dehlizlerini derinlikli bir dil ve zengin simgesel bir anlat\u0131mla kaleme al\u0131yor. <\/p>\n","protected":false},"excerpt":{"rendered":"<p>\u201cMoby Dick, ruhu derin bir sessizli\u011fe b\u00fcr\u00fcnd\u00fcr\u00fcr ve insanda bir hayranl\u0131k uyand\u0131r\u0131r&#8230; D\u00fcnyan\u0131n en garip ve en muhte\u015fem kitaplar\u0131ndan biridir.\u201d \u2014D. H. LAWRENCE On dokuzuncu y\u00fczy\u0131l<span class=\"excerpt-hellip\"> [\u2026]<\/span><\/p>\n","protected":false},"featured_media":0,"template":"","meta":{"_monsterinsights_skip_tracking":false,"_monsterinsights_sitenote_active":false,"_monsterinsights_sitenote_note":"","_monsterinsights_sitenote_category":0},"product_brand":[],"product_cat":[12291,12711],"product_tag":[],"class_list":{"0":"post-768518","1":"product","2":"type-product","3":"status-publish","5":"product_cat-edebiyat","6":"product_cat-roman-oyku","7":"pa_cilt-ciltsiz","8":"pa_tur-kitap","9":"pa_yayinevi-ithaki-yayinlari","10":"pa_yazar-herman-melville","12":"first","13":"instock","14":"sale","15":"shipping-taxable","16":"purchasable","17":"product-type-simple"},"_links":{"self":[{"href":"https:\/\/roveyayinevi.com.tr\/index.php\/wp-json\/wp\/v2\/product\/768518","targetHints":{"allow":["GET"]}}],"collection":[{"href":"https:\/\/roveyayinevi.com.tr\/index.php\/wp-json\/wp\/v2\/product"}],"about":[{"href":"https:\/\/roveyayinevi.com.tr\/index.php\/wp-json\/wp\/v2\/types\/product"}],"wp:attachment":[{"href":"https:\/\/roveyayinevi.com.tr\/index.php\/wp-json\/wp\/v2\/media?parent=768518"}],"wp:term":[{"taxonomy":"product_brand","embeddable":true,"href":"https:\/\/roveyayinevi.com.tr\/index.php\/wp-json\/wp\/v2\/product_brand?post=768518"},{"taxonomy":"product_cat","embeddable":true,"href":"https:\/\/roveyayinevi.com.tr\/index.php\/wp-json\/wp\/v2\/product_cat?post=768518"},{"taxonomy":"product_tag","embeddable":true,"href":"https:\/\/roveyayinevi.com.tr\/index.php\/wp-json\/wp\/v2\/product_tag?post=768518"}],"curies":[{"name":"wp","href":"https:\/\/api.w.org\/{rel}","templated":true}]}}