{"id":768517,"date":"2025-08-28T13:23:35","date_gmt":"2025-08-28T10:23:35","guid":{"rendered":"https:\/\/roveyayinevi.com.tr\/index.php\/urun\/mrs-dalloway-9\/"},"modified":"2026-04-15T03:34:11","modified_gmt":"2026-04-15T00:34:11","slug":"mrs-dalloway-9","status":"publish","type":"product","link":"https:\/\/roveyayinevi.com.tr\/index.php\/urun\/mrs-dalloway-9\/","title":{"rendered":"Mrs. Dalloway"},"content":{"rendered":"<p>\u201c20. y\u00fczy\u0131l\u0131n en etkileyici, devrim niteli\u011findeki sanat eserlerinden biri.\u201d \u2014MICHAEL CUNNINGHAM   Modernist edebiyat\u0131n en \u00f6nemli isimlerinden biri olan Virginia Woolf\u2019un ba\u015fyap\u0131t\u0131 say\u0131lan Mrs. Dalloway zaman, bilin\u00e7 ve bireyin i\u00e7 d\u00fcnyas\u0131 \u00fczerine cesur bir ke\u015fif. Woolf\u2019un yenilik\u00e7i anlat\u0131m tekniklerinin ve derin insani sezgilerinin ustal\u0131kla harmanland\u0131\u011f\u0131 bir eser. Bir yaz sabah\u0131, Londra sokaklar\u0131nda yank\u0131lanan saat zili, Clarissa Dalloway\u2019i bir g\u00fcn\u00fcn i\u00e7indeki binlerce \u00e2n\u0131n karma\u015fas\u0131na \u00e7a\u011f\u0131r\u0131r. Partisinin haz\u0131rl\u0131klar\u0131na dalm\u0131\u015f olan Clarissa, an\u0131larla ve bug\u00fcn\u00fcn getirdi\u011fi d\u00fc\u015f\u00fcncelerle bo\u011fu\u015fur. Ge\u00e7mi\u015f sevgiler, hayat\u0131n\u0131n se\u00e7imleri ve zaman\u0131n ka\u00e7\u0131n\u0131lmaz ak\u0131\u015f\u0131, bir kad\u0131n\u0131n ya\u015fam\u0131na s\u0131\u011fabilecek t\u00fcm duygular\u0131 ve d\u00fc\u015f\u00fcnceleri bir g\u00fcnde g\u00f6zler \u00f6n\u00fcne serer. Woolf\u2019un bu ba\u015fyap\u0131t\u0131, insan zihninin karma\u015f\u0131kl\u0131\u011f\u0131n\u0131, bireysel yaln\u0131zl\u0131\u011f\u0131 ve toplumun \u00e7eli\u015fkilerini bilin\u00e7ak\u0131\u015f\u0131ndan ta\u015fan bir dille ke\u015ffe \u00e7\u0131kar. Mrs. Dalloway, sadece bir kad\u0131n\u0131n bir g\u00fcn\u00fcne odaklanmaz; ayn\u0131 zamanda hayat, \u00f6l\u00fcm, a\u015fk ve zaman\u0131n do\u011fas\u0131na dair evrensel bir meditasyondur. Woolf\u2019un bu zamans\u0131z eseri, her okuyucuyu kendi ya\u015fam\u0131na, ge\u00e7mi\u015fine ve se\u00e7imlerine bir ayna tutmaya davet eder. <\/p>\n","protected":false},"excerpt":{"rendered":"<p>\u201c20. y\u00fczy\u0131l\u0131n en etkileyici, devrim niteli\u011findeki sanat eserlerinden biri.\u201d \u2014MICHAEL CUNNINGHAM Modernist edebiyat\u0131n en \u00f6nemli isimlerinden biri olan Virginia Woolf\u2019un ba\u015fyap\u0131t\u0131 say\u0131lan Mrs. Dalloway zaman, bilin\u00e7<span class=\"excerpt-hellip\"> [\u2026]<\/span><\/p>\n","protected":false},"featured_media":0,"template":"","meta":{"_monsterinsights_skip_tracking":false,"_monsterinsights_sitenote_active":false,"_monsterinsights_sitenote_note":"","_monsterinsights_sitenote_category":0},"product_brand":[],"product_cat":[12291,12711],"product_tag":[],"class_list":{"0":"post-768517","1":"product","2":"type-product","3":"status-publish","5":"product_cat-edebiyat","6":"product_cat-roman-oyku","7":"pa_cilt-ciltsiz","8":"pa_tur-kitap","9":"pa_yayinevi-ithaki-yayinlari","10":"pa_yazar-virginia-woolf","12":"first","13":"instock","14":"sale","15":"shipping-taxable","16":"purchasable","17":"product-type-simple"},"_links":{"self":[{"href":"https:\/\/roveyayinevi.com.tr\/index.php\/wp-json\/wp\/v2\/product\/768517","targetHints":{"allow":["GET"]}}],"collection":[{"href":"https:\/\/roveyayinevi.com.tr\/index.php\/wp-json\/wp\/v2\/product"}],"about":[{"href":"https:\/\/roveyayinevi.com.tr\/index.php\/wp-json\/wp\/v2\/types\/product"}],"wp:attachment":[{"href":"https:\/\/roveyayinevi.com.tr\/index.php\/wp-json\/wp\/v2\/media?parent=768517"}],"wp:term":[{"taxonomy":"product_brand","embeddable":true,"href":"https:\/\/roveyayinevi.com.tr\/index.php\/wp-json\/wp\/v2\/product_brand?post=768517"},{"taxonomy":"product_cat","embeddable":true,"href":"https:\/\/roveyayinevi.com.tr\/index.php\/wp-json\/wp\/v2\/product_cat?post=768517"},{"taxonomy":"product_tag","embeddable":true,"href":"https:\/\/roveyayinevi.com.tr\/index.php\/wp-json\/wp\/v2\/product_tag?post=768517"}],"curies":[{"name":"wp","href":"https:\/\/api.w.org\/{rel}","templated":true}]}}