{"id":768513,"date":"2025-08-28T13:23:23","date_gmt":"2025-08-28T10:23:23","guid":{"rendered":"https:\/\/roveyayinevi.com.tr\/index.php\/urun\/mukemmelin-sirlari-ciltli\/"},"modified":"2026-04-15T03:34:11","modified_gmt":"2026-04-15T00:34:11","slug":"mukemmelin-sirlari-ciltli","status":"publish","type":"product","link":"https:\/\/roveyayinevi.com.tr\/index.php\/urun\/mukemmelin-sirlari-ciltli\/","title":{"rendered":"M\u00fckemmel\u2019in S\u0131rlar\u0131 (Ciltli)"},"content":{"rendered":"<p>\u00c7OCUK K\u00d6T\u00dc B\u0130R\u0130 DE\u011e\u0130L, DE\u011e\u0130L M\u0130? Bir zamanlar herkesin k\u00f6r olmamak i\u00e7in g\u00f6zl\u00fck takt\u0131\u011f\u0131; s\u00fcrekli temiz, d\u00fczenli ve m\u00fckemmel derecede uslu oldu\u011fu M\u00fckemmel kasabas\u0131n\u0131n ard\u0131ndaki s\u0131rlar a\u00e7\u0131\u011fa \u00e7\u0131kt\u0131. Violet ve kasaba halk\u0131, k\u00f6t\u00fc kalpli Archer ikizlerinin \u00e7\u0131lg\u0131nca y\u00f6netiminden kurtulman\u0131n tad\u0131n\u0131 \u00e7\u0131kar\u0131yordu. Ta ki e\u015fyalar \u00e7al\u0131nmaya, \u00e7ocuklar kaybolmaya ba\u015flayana kadar\u2026 \u015eimdi herkes Violet\u2019\u0131n en yak\u0131n arkada\u015f\u0131 \u00c7ocuk\u2019u su\u00e7luyor. Kasaba b\u00fcy\u00fck bir tehlikede! M\u00fckemmel\u2019i kurtarmak Violet\u2019a d\u00fc\u015f\u00fcyor: Ge\u00e7mi\u015fin s\u0131rlar\u0131n\u0131 ortaya \u00e7\u0131karmas\u0131 ve korkun\u00e7 bir zombi canavar\u0131yla y\u00fczle\u015fmesi gerek. Cesaret ve kendine inan\u00e7la \u00f6r\u00fcl\u00fc, unutulmaz bir macera! <\/p>\n","protected":false},"excerpt":{"rendered":"<p>\u00c7OCUK K\u00d6T\u00dc B\u0130R\u0130 DE\u011e\u0130L, DE\u011e\u0130L M\u0130? Bir zamanlar herkesin k\u00f6r olmamak i\u00e7in g\u00f6zl\u00fck takt\u0131\u011f\u0131; s\u00fcrekli temiz, d\u00fczenli ve m\u00fckemmel derecede uslu oldu\u011fu M\u00fckemmel kasabas\u0131n\u0131n ard\u0131ndaki s\u0131rlar<span class=\"excerpt-hellip\"> [\u2026]<\/span><\/p>\n","protected":false},"featured_media":0,"template":"","meta":{"_monsterinsights_skip_tracking":false,"_monsterinsights_sitenote_active":false,"_monsterinsights_sitenote_note":"","_monsterinsights_sitenote_category":0},"product_brand":[],"product_cat":[12291,12711],"product_tag":[],"class_list":{"0":"post-768513","1":"product","2":"type-product","3":"status-publish","5":"product_cat-edebiyat","6":"product_cat-roman-oyku","7":"pa_cilt-ciltli","8":"pa_tur-kitap","9":"pa_yayinevi-x-libris","10":"pa_yazar-helena-duggan","12":"first","13":"instock","14":"sale","15":"shipping-taxable","16":"purchasable","17":"product-type-simple"},"_links":{"self":[{"href":"https:\/\/roveyayinevi.com.tr\/index.php\/wp-json\/wp\/v2\/product\/768513","targetHints":{"allow":["GET"]}}],"collection":[{"href":"https:\/\/roveyayinevi.com.tr\/index.php\/wp-json\/wp\/v2\/product"}],"about":[{"href":"https:\/\/roveyayinevi.com.tr\/index.php\/wp-json\/wp\/v2\/types\/product"}],"wp:attachment":[{"href":"https:\/\/roveyayinevi.com.tr\/index.php\/wp-json\/wp\/v2\/media?parent=768513"}],"wp:term":[{"taxonomy":"product_brand","embeddable":true,"href":"https:\/\/roveyayinevi.com.tr\/index.php\/wp-json\/wp\/v2\/product_brand?post=768513"},{"taxonomy":"product_cat","embeddable":true,"href":"https:\/\/roveyayinevi.com.tr\/index.php\/wp-json\/wp\/v2\/product_cat?post=768513"},{"taxonomy":"product_tag","embeddable":true,"href":"https:\/\/roveyayinevi.com.tr\/index.php\/wp-json\/wp\/v2\/product_tag?post=768513"}],"curies":[{"name":"wp","href":"https:\/\/api.w.org\/{rel}","templated":true}]}}