{"id":768511,"date":"2025-08-28T13:23:18","date_gmt":"2025-08-28T10:23:18","guid":{"rendered":"https:\/\/roveyayinevi.com.tr\/index.php\/urun\/kan-ve-kul-5-kul-ve-kan-ruhu\/"},"modified":"2026-04-15T03:34:11","modified_gmt":"2026-04-15T00:34:11","slug":"kan-ve-kul-5-kul-ve-kan-ruhu","status":"publish","type":"product","link":"https:\/\/roveyayinevi.com.tr\/index.php\/urun\/kan-ve-kul-5-kul-ve-kan-ruhu\/","title":{"rendered":"Kan ve K\u00fcl 5 &#8211; K\u00fcl ve Kan Ruhu"},"content":{"rendered":"<p>Jennifer L. Armentrout\u2019tan nefes kesici bir vampir destan\u0131!   The New York Times\u2019\u0131n \u00e7ok satan yazar\u0131 Jennifer L. Armentrout, Kan ve K\u00fcl serisinin yeni b\u00f6l\u00fcm\u00fcnde Poppy ve Casteel\u2019in destans\u0131 a\u015fk hik\u00e2yesini yeniden ele al\u0131yor. Ancak bu kez hik\u00e2yeyi Hawke anlat\u0131yor&#8230;   B\u00fcy\u00fck bir ilkel g\u00fc\u00e7 a\u00e7\u0131\u011fa \u00e7\u0131kt\u0131. Tanr\u0131lar Iliseeum ve \u00f6l\u00fcml\u00fcler diyar\u0131nda birer birer uyan\u0131yor&#8230; Casteel, Poppy ve m\u00fcttefikleri i\u00e7in sava\u015f as\u0131l \u015fimdi ba\u015fl\u0131yor&#8230;   Hayat ve \u00d6l\u00fcm \u0130lkeli&#8230; Kan ve Kemik \u0130lkeli&#8230; Ayr\u0131l\u0131\u015f\u2019\u0131n son a\u015famas\u0131ndaki Bakire, \u015fimdi derin uykuda. Bu beklenmedik uykunun geri d\u00f6n\u00fc\u015f\u00fc olmayan olas\u0131 korkun\u00e7 sonu\u00e7lar\u0131ndan biri de Cas\u2019i Poppy\u2019nin an\u0131lar\u0131ndan silmek&#8230;   Cas\u2019e, o g\u00fczel g\u00f6zler bir kez daha a\u00e7\u0131ld\u0131\u011f\u0131nda kendisini hat\u0131rlamas\u0131 i\u00e7in yap\u0131lan tek \u00f6neri var: Onunla konu\u015f. O da \u00f6yle yap\u0131yor. Poppy\u2019ye, yolculuklar\u0131n\u0131n nas\u0131l ba\u015flad\u0131\u011f\u0131n\u0131 hat\u0131rlat\u0131yor; bu s\u00fcre\u00e7te Karanl\u0131k Olan hakk\u0131nda yaln\u0131zca Kieran\u2019\u0131n bildi\u011fi t\u00fcm ger\u00e7ekleri tek tek anlat\u0131yor.   Peki ama Poppy uyan\u0131rsa neyle kar\u015f\u0131la\u015facak ve uyand\u0131\u011f\u0131nda kar\u015f\u0131s\u0131nda bulaca\u011f\u0131 Cas ve diyar, geride b\u0131rakt\u0131klar\u0131ndan farkl\u0131 m\u0131 olacak?! <\/p>\n","protected":false},"excerpt":{"rendered":"<p>Jennifer L. Armentrout\u2019tan nefes kesici bir vampir destan\u0131! The New York Times\u2019\u0131n \u00e7ok satan yazar\u0131 Jennifer L. Armentrout, Kan ve K\u00fcl serisinin yeni b\u00f6l\u00fcm\u00fcnde Poppy ve<span class=\"excerpt-hellip\"> [\u2026]<\/span><\/p>\n","protected":false},"featured_media":0,"template":"","meta":{"_monsterinsights_skip_tracking":false,"_monsterinsights_sitenote_active":false,"_monsterinsights_sitenote_note":"","_monsterinsights_sitenote_category":0},"product_brand":[],"product_cat":[12291,13706],"product_tag":[],"class_list":{"0":"post-768511","1":"product","2":"type-product","3":"status-publish","5":"product_cat-edebiyat","6":"product_cat-efsane-destan-masal","7":"pa_cilt-ciltsiz","8":"pa_tur-kitap","9":"pa_yayinevi-dex-yayinevi","10":"pa_yazar-jennifer-l-armentrout","12":"first","13":"instock","14":"sale","15":"shipping-taxable","16":"purchasable","17":"product-type-simple"},"_links":{"self":[{"href":"https:\/\/roveyayinevi.com.tr\/index.php\/wp-json\/wp\/v2\/product\/768511","targetHints":{"allow":["GET"]}}],"collection":[{"href":"https:\/\/roveyayinevi.com.tr\/index.php\/wp-json\/wp\/v2\/product"}],"about":[{"href":"https:\/\/roveyayinevi.com.tr\/index.php\/wp-json\/wp\/v2\/types\/product"}],"wp:attachment":[{"href":"https:\/\/roveyayinevi.com.tr\/index.php\/wp-json\/wp\/v2\/media?parent=768511"}],"wp:term":[{"taxonomy":"product_brand","embeddable":true,"href":"https:\/\/roveyayinevi.com.tr\/index.php\/wp-json\/wp\/v2\/product_brand?post=768511"},{"taxonomy":"product_cat","embeddable":true,"href":"https:\/\/roveyayinevi.com.tr\/index.php\/wp-json\/wp\/v2\/product_cat?post=768511"},{"taxonomy":"product_tag","embeddable":true,"href":"https:\/\/roveyayinevi.com.tr\/index.php\/wp-json\/wp\/v2\/product_tag?post=768511"}],"curies":[{"name":"wp","href":"https:\/\/api.w.org\/{rel}","templated":true}]}}