{"id":768510,"date":"2025-08-28T13:23:16","date_gmt":"2025-08-28T10:23:16","guid":{"rendered":"https:\/\/roveyayinevi.com.tr\/index.php\/urun\/bir-narsiste-asik-olmak\/"},"modified":"2026-04-15T03:34:11","modified_gmt":"2026-04-15T00:34:11","slug":"bir-narsiste-asik-olmak","status":"publish","type":"product","link":"https:\/\/roveyayinevi.com.tr\/index.php\/urun\/bir-narsiste-asik-olmak\/","title":{"rendered":"Bir Narsiste A\u015f\u0131k Olmak"},"content":{"rendered":"<p>\u0130li\u015fkinizin ba\u015flang\u0131c\u0131 bir masal\u0131 and\u0131r\u0131r&#8230; Hayat\u0131n\u0131za, sizi adeta bu\u0308yu\u0308leyen biri girer. Sizi el u\u0308stu\u0308nde tutar. Kendinizibiricik hissedersiniz.   Ancak zamanla ku\u0308\u00e7u\u0308k tats\u0131zl\u0131klar ba\u015flar. \u0130lk ba\u015fta g\u00f6z ard\u0131 etseniz de, sizi g\u00f6klere \u00e7\u0131karan partneriniz gu\u0308n gelir sizi o yu\u0308kseklikten bo\u015flu\u011fa b\u0131rak\u0131r. \u0130\u015fte, yu\u0308ksek mutluluklar ile dev u\u0308zu\u0308ntu\u0308ler aras\u0131nda gidip geldi\u011finiz narsistik istismar d\u00f6ngu\u0308su\u0308 b\u00f6yle ba\u015flar&#8230;   Unutmay\u0131n: \u201cGer\u00e7ek olamayacak kadar iyi\u201d diye du\u0308\u015fu\u0308nu\u0308yorsan\u0131z muhtemelen ger\u00e7ek de\u011fildir. Bu, henu\u0308z mant\u0131kla a\u00e7\u0131klayamazken bile ger\u00e7ekleri g\u00f6ren, sezgisel, bilge yan\u0131n\u0131z\u0131n sesidir. Bu sesi duymay\u0131 unuttuysan\u0131z dahi yeniden hat\u0131rlaman\u0131z her zaman mu\u0308mku\u0308ndu\u0308r.   Klinik Psikolog Ezgi Tabo\u011flu, Bir Narsiste \u00c2\u015f\u0131k Olmak\u2019ta narsistlerle ya\u015fanan yorucu ve y\u0131prat\u0131c\u0131 romantik ili\u015fkilerin kendine \u00f6zgu\u0308 do\u011fas\u0131n\u0131 sade ve ak\u0131c\u0131 bir dille ele al\u0131yor. Ayr\u0131ca narsistin partnerini ve partnerinin narsisti se\u00e7me yolculu\u011funu anlat\u0131yor.   Bu kitap, romantik ili\u015fkisinde narsistik istismara u\u011frad\u0131\u011f\u0131ndan \u015fu\u0308phelenen herkes i\u00e7in. <\/p>\n","protected":false},"excerpt":{"rendered":"<p>\u0130li\u015fkinizin ba\u015flang\u0131c\u0131 bir masal\u0131 and\u0131r\u0131r&#8230; Hayat\u0131n\u0131za, sizi adeta bu\u0308yu\u0308leyen biri girer. Sizi el u\u0308stu\u0308nde tutar. Kendinizibiricik hissedersiniz. Ancak zamanla ku\u0308\u00e7u\u0308k tats\u0131zl\u0131klar ba\u015flar. \u0130lk ba\u015fta g\u00f6z ard\u0131<span class=\"excerpt-hellip\"> [\u2026]<\/span><\/p>\n","protected":false},"featured_media":0,"template":"","meta":{"_monsterinsights_skip_tracking":false,"_monsterinsights_sitenote_active":false,"_monsterinsights_sitenote_note":"","_monsterinsights_sitenote_category":0},"product_brand":[],"product_cat":[12357],"product_tag":[],"class_list":{"0":"post-768510","1":"product","2":"type-product","3":"status-publish","5":"product_cat-psikoloji","6":"pa_cilt-ciltsiz","7":"pa_tur-kitap","8":"pa_yayinevi-dogan-kitap","9":"pa_yazar-ezgi-taboglu","11":"first","12":"instock","13":"sale","14":"shipping-taxable","15":"purchasable","16":"product-type-simple"},"_links":{"self":[{"href":"https:\/\/roveyayinevi.com.tr\/index.php\/wp-json\/wp\/v2\/product\/768510","targetHints":{"allow":["GET"]}}],"collection":[{"href":"https:\/\/roveyayinevi.com.tr\/index.php\/wp-json\/wp\/v2\/product"}],"about":[{"href":"https:\/\/roveyayinevi.com.tr\/index.php\/wp-json\/wp\/v2\/types\/product"}],"wp:attachment":[{"href":"https:\/\/roveyayinevi.com.tr\/index.php\/wp-json\/wp\/v2\/media?parent=768510"}],"wp:term":[{"taxonomy":"product_brand","embeddable":true,"href":"https:\/\/roveyayinevi.com.tr\/index.php\/wp-json\/wp\/v2\/product_brand?post=768510"},{"taxonomy":"product_cat","embeddable":true,"href":"https:\/\/roveyayinevi.com.tr\/index.php\/wp-json\/wp\/v2\/product_cat?post=768510"},{"taxonomy":"product_tag","embeddable":true,"href":"https:\/\/roveyayinevi.com.tr\/index.php\/wp-json\/wp\/v2\/product_tag?post=768510"}],"curies":[{"name":"wp","href":"https:\/\/api.w.org\/{rel}","templated":true}]}}