{"id":768504,"date":"2025-08-28T13:23:04","date_gmt":"2025-08-28T10:23:04","guid":{"rendered":"https:\/\/roveyayinevi.com.tr\/index.php\/urun\/stratonikeia-calismalari-10-ciltli\/"},"modified":"2026-04-15T03:34:10","modified_gmt":"2026-04-15T00:34:10","slug":"stratonikeia-calismalari-10-ciltli","status":"publish","type":"product","link":"https:\/\/roveyayinevi.com.tr\/index.php\/urun\/stratonikeia-calismalari-10-ciltli\/","title":{"rendered":"Stratonikeia \u00c7al\u0131\u015fmalar\u0131 10 (Ciltli)"},"content":{"rendered":"<p>Stratonikeia\u2019da Tun\u00e7 \u00c7a\u011f\u0131\u2019ndan g\u00fcn\u00fcm\u00fcze farkl\u0131 d\u00f6nemlere ait eserler bulunmakta ve bunlardan \u00f6nemli bir grubunu koroplastik eserler olu\u015fturmaktad\u0131r. Bunlar g\u00fcnl\u00fck ya\u015famdan tiyatro oyunlar\u0131na, oyuncaklardan oyun ara\u00e7lar\u0131na, fig\u00fcrl\u00fc mangal tuta\u00e7lar\u0131ndan k\u00fclt malzemelerine kadar farkl\u0131 konularda \u00e7e\u015fitli tiplere sahiptir. Bu \u00e7al\u0131\u015fmada Arkaik D\u00f6nem\u2019den Roma \u0130mparatorluk D\u00f6nemi sonlar\u0131na kadar Stratonikeia buluntusu olan 350 adet terrakota fig\u00fcrinin de\u011ferlendirilmesi yap\u0131lm\u0131\u015ft\u0131r. Bu eserler, Stratonikeia ve \u00e7evresindeki 5 ayr\u0131 nekropol ile Lagina Hekate Kutsal Alan\u0131\u2019ndan ele ge\u00e7irilen \u00f6zg\u00fcn bir koleksiyonu olu\u015fturmaktad\u0131r. \u00c7al\u0131\u015fma i\u00e7inde M\u00d6 2. y\u00fczy\u0131l ile MS 2. y\u00fczy\u0131l aras\u0131ndaki d\u00f6nemde \u00fcretim yapm\u0131\u015f 9 ayr\u0131 at\u00f6lyeye ait 30 adet imzal\u0131 fig\u00fcr\u00fcn ele ge\u00e7irilmi\u015ftir. Bu at\u00f6lyelerden 7\u2019sinin, M\u00d6 1. y\u00fczy\u0131l ile MS 2. y\u00fczy\u0131l aral\u0131\u011f\u0131nda faaliyette olduklar\u0131 bilinmektedir. Kentte ele ge\u00e7en terrakota kal\u0131p, fig\u00fcrin \u00e7e\u015fitlili\u011fi ve imzal\u0131 eserler, burada fig\u00fcrin \u00fcretiminin oldu\u011funu kan\u0131tlamaktad\u0131r.  Kitap i\u00e7inde ele al\u0131nan eserler Stratonikeia ve \u00e7evresinin koroplastik sanat\u0131 a\u00e7\u0131s\u0131ndan \u00f6nemli bir merkez oldu\u011funu ortaya koymaktad\u0131r.  <\/p>\n","protected":false},"excerpt":{"rendered":"<p>Stratonikeia\u2019da Tun\u00e7 \u00c7a\u011f\u0131\u2019ndan g\u00fcn\u00fcm\u00fcze farkl\u0131 d\u00f6nemlere ait eserler bulunmakta ve bunlardan \u00f6nemli bir grubunu koroplastik eserler olu\u015fturmaktad\u0131r. Bunlar g\u00fcnl\u00fck ya\u015famdan tiyatro oyunlar\u0131na, oyuncaklardan oyun ara\u00e7lar\u0131na, fig\u00fcrl\u00fc<span class=\"excerpt-hellip\"> [\u2026]<\/span><\/p>\n","protected":false},"featured_media":0,"template":"","meta":{"_monsterinsights_skip_tracking":false,"_monsterinsights_sitenote_active":false,"_monsterinsights_sitenote_note":"","_monsterinsights_sitenote_category":0},"product_brand":[],"product_cat":[52477,52478],"product_tag":[],"class_list":{"0":"post-768504","1":"product","2":"type-product","3":"status-publish","5":"product_cat-arastirma","6":"product_cat-arkeoloji","7":"pa_cilt-ciltli","8":"pa_tur-kitap","9":"pa_yayinevi-bilgin-kultur-sanat","10":"pa_yazar-nihal-durnagolu","12":"first","13":"instock","14":"sale","15":"shipping-taxable","16":"purchasable","17":"product-type-simple"},"_links":{"self":[{"href":"https:\/\/roveyayinevi.com.tr\/index.php\/wp-json\/wp\/v2\/product\/768504","targetHints":{"allow":["GET"]}}],"collection":[{"href":"https:\/\/roveyayinevi.com.tr\/index.php\/wp-json\/wp\/v2\/product"}],"about":[{"href":"https:\/\/roveyayinevi.com.tr\/index.php\/wp-json\/wp\/v2\/types\/product"}],"wp:attachment":[{"href":"https:\/\/roveyayinevi.com.tr\/index.php\/wp-json\/wp\/v2\/media?parent=768504"}],"wp:term":[{"taxonomy":"product_brand","embeddable":true,"href":"https:\/\/roveyayinevi.com.tr\/index.php\/wp-json\/wp\/v2\/product_brand?post=768504"},{"taxonomy":"product_cat","embeddable":true,"href":"https:\/\/roveyayinevi.com.tr\/index.php\/wp-json\/wp\/v2\/product_cat?post=768504"},{"taxonomy":"product_tag","embeddable":true,"href":"https:\/\/roveyayinevi.com.tr\/index.php\/wp-json\/wp\/v2\/product_tag?post=768504"}],"curies":[{"name":"wp","href":"https:\/\/api.w.org\/{rel}","templated":true}]}}