{"id":768503,"date":"2025-08-28T13:23:01","date_gmt":"2025-08-28T10:23:01","guid":{"rendered":"https:\/\/roveyayinevi.com.tr\/index.php\/urun\/koy-ogretmeni\/"},"modified":"2026-04-15T03:34:10","modified_gmt":"2026-04-15T00:34:10","slug":"koy-ogretmeni","status":"publish","type":"product","link":"https:\/\/roveyayinevi.com.tr\/index.php\/urun\/koy-ogretmeni\/","title":{"rendered":"K\u00f6y \u00d6\u011fretmeni"},"content":{"rendered":"<p>Katai Tayama&#8217;n\u0131n erken ya\u015fta vefat eden dostu Sh\u016bz\u014d Kobayashi&#8217;nin g\u00fcnl\u00fc\u011f\u00fcnden esinlenerek kaleme ald\u0131\u011f\u0131 K\u00f6y \u00d6\u011fretmeni, Meiji Restorasyonu d\u00f6neminde yolunu kaybedenlere, hep k\u0131sa \u00e7\u00f6p\u00fc \u00e7ekenlere, &#8220;insanl\u0131\u011f\u0131n\u0131 yitirenlere&#8221; adanm\u0131\u015f bir a\u011f\u0131tt\u0131r.Bir ku\u015fa\u011f\u0131n haleti ruhiyesine ve buhranlar\u0131na ayna tutan roman, Japon-Rus Sava\u015f\u0131&#8217;n\u0131n halktaki kar\u015f\u0131l\u0131\u011f\u0131n\u0131 ve ta\u015fradaki sosyal ya\u015fant\u0131n\u0131n bo\u011fucu atmosferini alayl\u0131 bir \u00f6\u011fretmenin kabu\u011funu k\u0131rma yolculu\u011funda ya\u015fad\u0131\u011f\u0131 hezimetler \u00fczerinden nat\u00fcralist bir \u00fcslupla i\u015fler.Tokyo&#8217;da y\u00fcksek\u00f6\u011frenim g\u00f6r\u00fcp edebiyat \u00e7evrelerinin bir par\u00e7as\u0131 olma hayali kurarken, yoksul Japonya k\u0131rsal\u0131n\u0131n b\u00fcy\u00fcleyici do\u011fas\u0131yla ve sapt\u0131\u011f\u0131 yan yollarla oyalanarak teselli bulan g\u00f6n\u00fcls\u00fcz \u00f6\u011fretmen Seiz\u014d&#8217;nun kaderi, verece\u011fi bir dizi karara ba\u011fl\u0131d\u0131r.Her toplumsal k\u0131r\u0131lman\u0131n bir ku\u015fakta tezah\u00fcr\u00fc oldu\u011fu bilinciyle, bug\u00fcn de bir \u00e7\u0131k\u0131\u015f yolu arayanlara uzak co\u011frafyalardan seslenen bir anlat\u0131&#8230;<\/p>\n","protected":false},"excerpt":{"rendered":"<p>Katai Tayama&#8217;n\u0131n erken ya\u015fta vefat eden dostu Sh\u016bz\u014d Kobayashi&#8217;nin g\u00fcnl\u00fc\u011f\u00fcnden esinlenerek kaleme ald\u0131\u011f\u0131 K\u00f6y \u00d6\u011fretmeni, Meiji Restorasyonu d\u00f6neminde yolunu kaybedenlere, hep k\u0131sa \u00e7\u00f6p\u00fc \u00e7ekenlere, &#8220;insanl\u0131\u011f\u0131n\u0131 yitirenlere&#8221;<span class=\"excerpt-hellip\"> [\u2026]<\/span><\/p>\n","protected":false},"featured_media":0,"template":"","meta":{"_monsterinsights_skip_tracking":false,"_monsterinsights_sitenote_active":false,"_monsterinsights_sitenote_note":"","_monsterinsights_sitenote_category":0},"product_brand":[],"product_cat":[12291,12711],"product_tag":[],"class_list":{"0":"post-768503","1":"product","2":"type-product","3":"status-publish","5":"product_cat-edebiyat","6":"product_cat-roman-oyku","7":"pa_cilt-ciltsiz","8":"pa_tur-kitap","9":"pa_yayinevi-sel-yayincilik","10":"pa_yazar-katai-tayama","12":"first","13":"instock","14":"sale","15":"shipping-taxable","16":"purchasable","17":"product-type-simple"},"_links":{"self":[{"href":"https:\/\/roveyayinevi.com.tr\/index.php\/wp-json\/wp\/v2\/product\/768503","targetHints":{"allow":["GET"]}}],"collection":[{"href":"https:\/\/roveyayinevi.com.tr\/index.php\/wp-json\/wp\/v2\/product"}],"about":[{"href":"https:\/\/roveyayinevi.com.tr\/index.php\/wp-json\/wp\/v2\/types\/product"}],"wp:attachment":[{"href":"https:\/\/roveyayinevi.com.tr\/index.php\/wp-json\/wp\/v2\/media?parent=768503"}],"wp:term":[{"taxonomy":"product_brand","embeddable":true,"href":"https:\/\/roveyayinevi.com.tr\/index.php\/wp-json\/wp\/v2\/product_brand?post=768503"},{"taxonomy":"product_cat","embeddable":true,"href":"https:\/\/roveyayinevi.com.tr\/index.php\/wp-json\/wp\/v2\/product_cat?post=768503"},{"taxonomy":"product_tag","embeddable":true,"href":"https:\/\/roveyayinevi.com.tr\/index.php\/wp-json\/wp\/v2\/product_tag?post=768503"}],"curies":[{"name":"wp","href":"https:\/\/api.w.org\/{rel}","templated":true}]}}