{"id":768502,"date":"2025-08-28T13:22:58","date_gmt":"2025-08-28T10:22:58","guid":{"rendered":"https:\/\/roveyayinevi.com.tr\/index.php\/urun\/kanli-oyun\/"},"modified":"2026-04-15T03:34:10","modified_gmt":"2026-04-15T00:34:10","slug":"kanli-oyun","status":"publish","type":"product","link":"https:\/\/roveyayinevi.com.tr\/index.php\/urun\/kanli-oyun\/","title":{"rendered":"Kanl\u0131 Oyun"},"content":{"rendered":"<p>B. Traven kariyer basamaklar\u0131n\u0131 t\u00fcrl\u00fc \u00e7e\u015fit dalavereyle t\u0131rmanan bir petrol simsar\u0131yla atadan kalma bir \u00e7iftli\u011fin kanaatk\u00e2r sakinleri aras\u0131nda ger\u00e7ekle\u015fen an\u0131tsal bir y\u00fczle\u015fme \u00fczerinden Amerikan emperyalizminin r\u00f6ntgenini \u00e7ekiyor.\u0130ki z\u0131t d\u00fcnyan\u0131n \u00e7arp\u0131\u015fmas\u0131n\u0131 eksiksiz ele alan Traven, a\u015f\u0131r\u0131 t\u00fcketim d\u00f6ng\u00fcs\u00fcne hapsolmu\u015f, de\u011fi\u015fen \u00e7a\u011fa ayak uydurmaya \u00e7al\u0131\u015f\u0131rken kendine yabanc\u0131la\u015fan ve insana i\u00e7kin t\u00fcm de\u011ferleri hi\u00e7e sayan haris \u00fcst tabakan\u0131n ya\u015fant\u0131s\u0131na \u00e7ok boyutlu ele\u015ftiriler getiriyor. Borsa spek\u00fclasyonu, r\u00fc\u015fvet, g\u00f6revi k\u00f6t\u00fcye kullanma, bozgunculuk ve medya manip\u00fclasyonunun bu \u00e7arka hizmet etti\u011fi 20&#8217;ler Amerikas\u0131&#8217;n\u0131n s\u0131n\u0131r tan\u0131maz akt\u00f6rlerini ete kemi\u011fe b\u00fcr\u00fcnd\u00fcr\u00fcyor. Bir mutlu son vadetmiyor Kanl\u0131 Oyun, bug\u00fcnk\u00fc vah\u015fi d\u00fczenin temelleri at\u0131l\u0131rken ya\u015fan\u0131lan hezimetleri ve kay\u0131plar\u0131 tarafgir davranmadan, t\u00fcm \u015feffafl\u0131\u011f\u0131yla ele al\u0131yor.Zaman\u0131n ruhunun ezip \u00e7i\u011fnedi\u011fi emek\u00e7i s\u0131n\u0131flar\u0131n ahvaline ve Amerika&#8217;n\u0131n bir s\u00fcper g\u00fcce d\u00f6n\u00fc\u015fmesine yol a\u00e7acak toprak talan\u0131na dokunakl\u0131 bir bak\u0131\u015f&#8230;<\/p>\n","protected":false},"excerpt":{"rendered":"<p>B. Traven kariyer basamaklar\u0131n\u0131 t\u00fcrl\u00fc \u00e7e\u015fit dalavereyle t\u0131rmanan bir petrol simsar\u0131yla atadan kalma bir \u00e7iftli\u011fin kanaatk\u00e2r sakinleri aras\u0131nda ger\u00e7ekle\u015fen an\u0131tsal bir y\u00fczle\u015fme \u00fczerinden Amerikan emperyalizminin r\u00f6ntgenini<span class=\"excerpt-hellip\"> [\u2026]<\/span><\/p>\n","protected":false},"featured_media":0,"template":"","meta":{"_monsterinsights_skip_tracking":false,"_monsterinsights_sitenote_active":false,"_monsterinsights_sitenote_note":"","_monsterinsights_sitenote_category":0},"product_brand":[],"product_cat":[12291,12711],"product_tag":[],"class_list":{"0":"post-768502","1":"product","2":"type-product","3":"status-publish","5":"product_cat-edebiyat","6":"product_cat-roman-oyku","7":"pa_cilt-ciltsiz","8":"pa_tur-kitap","9":"pa_yayinevi-sel-yayincilik","10":"pa_yazar-b-traven","12":"first","13":"instock","14":"sale","15":"shipping-taxable","16":"purchasable","17":"product-type-simple"},"_links":{"self":[{"href":"https:\/\/roveyayinevi.com.tr\/index.php\/wp-json\/wp\/v2\/product\/768502","targetHints":{"allow":["GET"]}}],"collection":[{"href":"https:\/\/roveyayinevi.com.tr\/index.php\/wp-json\/wp\/v2\/product"}],"about":[{"href":"https:\/\/roveyayinevi.com.tr\/index.php\/wp-json\/wp\/v2\/types\/product"}],"wp:attachment":[{"href":"https:\/\/roveyayinevi.com.tr\/index.php\/wp-json\/wp\/v2\/media?parent=768502"}],"wp:term":[{"taxonomy":"product_brand","embeddable":true,"href":"https:\/\/roveyayinevi.com.tr\/index.php\/wp-json\/wp\/v2\/product_brand?post=768502"},{"taxonomy":"product_cat","embeddable":true,"href":"https:\/\/roveyayinevi.com.tr\/index.php\/wp-json\/wp\/v2\/product_cat?post=768502"},{"taxonomy":"product_tag","embeddable":true,"href":"https:\/\/roveyayinevi.com.tr\/index.php\/wp-json\/wp\/v2\/product_tag?post=768502"}],"curies":[{"name":"wp","href":"https:\/\/api.w.org\/{rel}","templated":true}]}}