{"id":768492,"date":"2025-08-28T13:22:41","date_gmt":"2025-08-28T10:22:41","guid":{"rendered":"https:\/\/roveyayinevi.com.tr\/index.php\/urun\/sait-faik-abasiyanik-butun-oykuler-ciltli\/"},"modified":"2026-04-15T03:34:10","modified_gmt":"2026-04-15T00:34:10","slug":"sait-faik-abasiyanik-butun-oykuler-ciltli","status":"publish","type":"product","link":"https:\/\/roveyayinevi.com.tr\/index.php\/urun\/sait-faik-abasiyanik-butun-oykuler-ciltli\/","title":{"rendered":"Sait Faik Abas\u0131yan\u0131k B\u00fct\u00fcn \u00d6yk\u00fcler (Ciltli)"},"content":{"rendered":"<p>Sait Faik Abas\u0131yan\u0131k\u2019\u0131n ilk hik\u00e2yesi 1929 y\u0131l\u0131nda Milliyet Gazetesi\u2019nde yay\u0131mland\u0131. Bug\u00fcn, neredeyse y\u00fcz sene sonra, o bir ba\u015flang\u0131\u00e7 noktas\u0131, yenili\u011fi m\u00fcjdeleyen bir kaynak h\u00e2l\u00e2. Tabiata ve insana bak\u0131\u015fta, anlat\u0131c\u0131n\u0131n sesinde, yazar-okur ili\u015fkisinde, i\u00e7erikte ve bi\u00e7imde geleneksel T\u00fcrk hik\u00e2yesinin o g\u00fcne dek y\u00fcr\u00fcd\u00fc\u011f\u00fc yollara alternatif yollar teklif ederek modern hik\u00e2yenin bu co\u011frafyadaki temellerini atan Sait Faik Abas\u0131yan\u0131k\u2019\u0131n edebiyat tarihimizdeki konumu hi\u00e7 de\u011fi\u015fmedi. Bir insan\u0131 sevmekle ba\u015flad\u0131 her \u015fey, sevmekle devam ediyor. Yakup \u00c7elik\u2019in derlemesiyle yazar\u0131n t\u00fcm hik\u00e2yelerinin, dergi ve gazetelerde yay\u0131mlanma s\u0131ralar\u0131na g\u00f6re yer ald\u0131\u011f\u0131 bu kitap, onun hik\u00e2ye \u00e7izgisindeki de\u011fi\u015fimi, T\u00fcrk\u00e7eyi kullanma a\u015famalar\u0131n\u0131, hik\u00e2yelerinde zamanla de\u011fi\u015fen temalar\u0131 ve anlat\u0131m tekniklerini ortaya koyan bir okuma deneyimi vaat ediyor. <\/p>\n","protected":false},"excerpt":{"rendered":"<p>Sait Faik Abas\u0131yan\u0131k\u2019\u0131n ilk hik\u00e2yesi 1929 y\u0131l\u0131nda Milliyet Gazetesi\u2019nde yay\u0131mland\u0131. Bug\u00fcn, neredeyse y\u00fcz sene sonra, o bir ba\u015flang\u0131\u00e7 noktas\u0131, yenili\u011fi m\u00fcjdeleyen bir kaynak h\u00e2l\u00e2. Tabiata ve<span class=\"excerpt-hellip\"> [\u2026]<\/span><\/p>\n","protected":false},"featured_media":0,"template":"","meta":{"_monsterinsights_skip_tracking":false,"_monsterinsights_sitenote_active":false,"_monsterinsights_sitenote_note":"","_monsterinsights_sitenote_category":0},"product_brand":[],"product_cat":[12291,18202],"product_tag":[],"class_list":{"0":"post-768492","1":"product","2":"type-product","3":"status-publish","5":"product_cat-edebiyat","6":"product_cat-hikaye","7":"pa_cilt-ciltli","8":"pa_tur-kitap","9":"pa_yayinevi-everest-yayinlari","10":"pa_yazar-sait-faik-abasiyanik","12":"first","13":"instock","14":"sale","15":"shipping-taxable","16":"purchasable","17":"product-type-simple"},"_links":{"self":[{"href":"https:\/\/roveyayinevi.com.tr\/index.php\/wp-json\/wp\/v2\/product\/768492","targetHints":{"allow":["GET"]}}],"collection":[{"href":"https:\/\/roveyayinevi.com.tr\/index.php\/wp-json\/wp\/v2\/product"}],"about":[{"href":"https:\/\/roveyayinevi.com.tr\/index.php\/wp-json\/wp\/v2\/types\/product"}],"wp:attachment":[{"href":"https:\/\/roveyayinevi.com.tr\/index.php\/wp-json\/wp\/v2\/media?parent=768492"}],"wp:term":[{"taxonomy":"product_brand","embeddable":true,"href":"https:\/\/roveyayinevi.com.tr\/index.php\/wp-json\/wp\/v2\/product_brand?post=768492"},{"taxonomy":"product_cat","embeddable":true,"href":"https:\/\/roveyayinevi.com.tr\/index.php\/wp-json\/wp\/v2\/product_cat?post=768492"},{"taxonomy":"product_tag","embeddable":true,"href":"https:\/\/roveyayinevi.com.tr\/index.php\/wp-json\/wp\/v2\/product_tag?post=768492"}],"curies":[{"name":"wp","href":"https:\/\/api.w.org\/{rel}","templated":true}]}}