{"id":768491,"date":"2025-08-28T13:22:39","date_gmt":"2025-08-28T10:22:39","guid":{"rendered":"https:\/\/roveyayinevi.com.tr\/index.php\/urun\/ibranice-dilbilgisi\/"},"modified":"2026-04-15T03:34:10","modified_gmt":"2026-04-15T00:34:10","slug":"ibranice-dilbilgisi","status":"publish","type":"product","link":"https:\/\/roveyayinevi.com.tr\/index.php\/urun\/ibranice-dilbilgisi\/","title":{"rendered":"\u0130branice Dilbilgisi"},"content":{"rendered":"<p>\u0130branice \u00f6\u011frenenler i\u00e7in bir ba\u015fvuru kayna\u011f\u0131 olan bu Kitap, g\u00fcn\u00fcm\u00fczde kullan\u0131lan modern \u0130branice dilbilgisinin temellerini sunmaktad\u0131r.\u00d6\u011fretim tarz\u0131 konuya odakl\u0131 ve anla\u015f\u0131lmas\u0131 kolayd\u0131r. \u00d6\u011frenciler, gerekli t\u00fcm temel dilbilgisi noktalar\u0131n\u0131 kapsayan dilbilgisi a\u00e7\u0131klamalar\u0131 bulacakt\u0131r.\u00d6\u011frenciler ayr\u0131ca eski ve modern \u0130branice yaz\u0131m ve seslendirme farkl\u0131l\u0131klar\u0131n\u0131n ayr\u0131nt\u0131lar\u0131n\u0131 da bulacakt\u0131r. T\u00fcm \u0130branice kelimeler T\u00fcrk\u00e7e anlamlar\u0131yla birlikte verilmi\u015ftir.\u0130branice Dilbilgisi, \u0130branice \u00f6\u011frenenlerin \u0130branice \u00f6\u011frenme yolculuklar\u0131nda yapacaklar\u0131 de\u011ferli bir yat\u0131r\u0131md\u0131r.T\u00fcrkiye\u2019de haz\u0131rlanan ilk \u0130branice kitaplar\u0131n\u0131n yazar\u0131n\u0131n deneyimiyle.<\/p>\n","protected":false},"excerpt":{"rendered":"<p>\u0130branice \u00f6\u011frenenler i\u00e7in bir ba\u015fvuru kayna\u011f\u0131 olan bu Kitap, g\u00fcn\u00fcm\u00fczde kullan\u0131lan modern \u0130branice dilbilgisinin temellerini sunmaktad\u0131r.\u00d6\u011fretim tarz\u0131 konuya odakl\u0131 ve anla\u015f\u0131lmas\u0131 kolayd\u0131r. \u00d6\u011frenciler, gerekli t\u00fcm temel<span class=\"excerpt-hellip\"> [\u2026]<\/span><\/p>\n","protected":false},"featured_media":0,"template":"","meta":{"_monsterinsights_skip_tracking":false,"_monsterinsights_sitenote_active":false,"_monsterinsights_sitenote_note":"","_monsterinsights_sitenote_category":0},"product_brand":[],"product_cat":[14597,12566],"product_tag":[],"class_list":{"0":"post-768491","1":"product","2":"type-product","3":"status-publish","5":"product_cat-dil-ogrenimi","6":"product_cat-egitim","7":"pa_cilt-ciltsiz","8":"pa_tur-kitap","9":"pa_yayinevi-astana-yayinlari","10":"pa_yazar-ahmet-murat-taser","12":"first","13":"instock","14":"sale","15":"shipping-taxable","16":"purchasable","17":"product-type-simple"},"_links":{"self":[{"href":"https:\/\/roveyayinevi.com.tr\/index.php\/wp-json\/wp\/v2\/product\/768491","targetHints":{"allow":["GET"]}}],"collection":[{"href":"https:\/\/roveyayinevi.com.tr\/index.php\/wp-json\/wp\/v2\/product"}],"about":[{"href":"https:\/\/roveyayinevi.com.tr\/index.php\/wp-json\/wp\/v2\/types\/product"}],"wp:attachment":[{"href":"https:\/\/roveyayinevi.com.tr\/index.php\/wp-json\/wp\/v2\/media?parent=768491"}],"wp:term":[{"taxonomy":"product_brand","embeddable":true,"href":"https:\/\/roveyayinevi.com.tr\/index.php\/wp-json\/wp\/v2\/product_brand?post=768491"},{"taxonomy":"product_cat","embeddable":true,"href":"https:\/\/roveyayinevi.com.tr\/index.php\/wp-json\/wp\/v2\/product_cat?post=768491"},{"taxonomy":"product_tag","embeddable":true,"href":"https:\/\/roveyayinevi.com.tr\/index.php\/wp-json\/wp\/v2\/product_tag?post=768491"}],"curies":[{"name":"wp","href":"https:\/\/api.w.org\/{rel}","templated":true}]}}