{"id":768490,"date":"2025-08-28T13:22:38","date_gmt":"2025-08-28T10:22:38","guid":{"rendered":"https:\/\/roveyayinevi.com.tr\/index.php\/urun\/yeni-baslayanlar-icin-ibranice-okuma-esaslari\/"},"modified":"2026-04-15T03:34:10","modified_gmt":"2026-04-15T00:34:10","slug":"yeni-baslayanlar-icin-ibranice-okuma-esaslari","status":"publish","type":"product","link":"https:\/\/roveyayinevi.com.tr\/index.php\/urun\/yeni-baslayanlar-icin-ibranice-okuma-esaslari\/","title":{"rendered":"Yeni Ba\u015flayanlar \u0130\u00e7in \u0130branice Okuma Esaslar\u0131"},"content":{"rendered":"<p>Yeni Ba\u015flayanlar i\u00e7in \u0130branice Okuma Esaslar\u0131 \u0130branice harflerin ve noktalama i\u015faretlerinin (nekudot) karma\u015f\u0131k g\u00f6r\u00fcnt\u00fcs\u00fc, \u0130branice okumak isteyenlerin kar\u015f\u0131s\u0131na ilk \u00e7\u0131kan zorluklardan birisidir. Ancak, do\u011fru y\u00f6ntem uyguland\u0131\u011f\u0131nda bu zorluk tamamen ortadan kalkmaktad\u0131r. \u0130\u015fte bu ba\u011flamda, kitab\u0131m\u0131zda tamamen do\u011fal ve hi\u00e7bir \u00e7aba gerektirmeyen bir y\u00f6ntem kullan\u0131lm\u0131\u015ft\u0131r; A\u015e\u0130NALIK. Kitab\u0131m\u0131zda verilen y\u00f6ntem \u015f\u00f6yle; \u0130branice harflere \u00e7e\u015fitli yabanc\u0131 isimler \u00fczerinden A\u015e\u0130NALIK kazanman\u0131z. Seslendirme kaidelerinin ve noktalama i\u015faretlerinin (nekudot) detaylar\u0131yla sunulmas\u0131. Her bir harf \u00fczerinde b\u00fct\u00fcn seslendirme i\u015faret ve kaidelerinin tatbik edilmesi. Ayr\u0131ca bu kitapta; \u25aa Harfler kelimelerin ba\u015f\u0131nda, ortas\u0131nda ve sonunda g\u00f6sterilmi\u015ftir. \u25aa Hecelerin ayr\u0131lm\u0131\u015f ve birle\u015ftirilmi\u015f bi\u00e7imleri ayr\u0131 ayr\u0131 verilmi\u015ftir. \u25aa Her bir kelimenin T\u00fcrk\u00e7e seslendiri\u015fi verilmi\u015ftir. <\/p>\n","protected":false},"excerpt":{"rendered":"<p>Yeni Ba\u015flayanlar i\u00e7in \u0130branice Okuma Esaslar\u0131 \u0130branice harflerin ve noktalama i\u015faretlerinin (nekudot) karma\u015f\u0131k g\u00f6r\u00fcnt\u00fcs\u00fc, \u0130branice okumak isteyenlerin kar\u015f\u0131s\u0131na ilk \u00e7\u0131kan zorluklardan birisidir. Ancak, do\u011fru y\u00f6ntem uyguland\u0131\u011f\u0131nda<span class=\"excerpt-hellip\"> [\u2026]<\/span><\/p>\n","protected":false},"featured_media":0,"template":"","meta":{"_monsterinsights_skip_tracking":false,"_monsterinsights_sitenote_active":false,"_monsterinsights_sitenote_note":"","_monsterinsights_sitenote_category":0},"product_brand":[],"product_cat":[14597,12566],"product_tag":[],"class_list":{"0":"post-768490","1":"product","2":"type-product","3":"status-publish","5":"product_cat-dil-ogrenimi","6":"product_cat-egitim","7":"pa_cilt-ciltsiz","8":"pa_tur-kitap","9":"pa_yayinevi-astana-yayinlari","10":"pa_yazar-ahmet-murat-taser","12":"first","13":"instock","14":"sale","15":"shipping-taxable","16":"purchasable","17":"product-type-simple"},"_links":{"self":[{"href":"https:\/\/roveyayinevi.com.tr\/index.php\/wp-json\/wp\/v2\/product\/768490","targetHints":{"allow":["GET"]}}],"collection":[{"href":"https:\/\/roveyayinevi.com.tr\/index.php\/wp-json\/wp\/v2\/product"}],"about":[{"href":"https:\/\/roveyayinevi.com.tr\/index.php\/wp-json\/wp\/v2\/types\/product"}],"wp:attachment":[{"href":"https:\/\/roveyayinevi.com.tr\/index.php\/wp-json\/wp\/v2\/media?parent=768490"}],"wp:term":[{"taxonomy":"product_brand","embeddable":true,"href":"https:\/\/roveyayinevi.com.tr\/index.php\/wp-json\/wp\/v2\/product_brand?post=768490"},{"taxonomy":"product_cat","embeddable":true,"href":"https:\/\/roveyayinevi.com.tr\/index.php\/wp-json\/wp\/v2\/product_cat?post=768490"},{"taxonomy":"product_tag","embeddable":true,"href":"https:\/\/roveyayinevi.com.tr\/index.php\/wp-json\/wp\/v2\/product_tag?post=768490"}],"curies":[{"name":"wp","href":"https:\/\/api.w.org\/{rel}","templated":true}]}}