{"id":768487,"date":"2025-08-28T13:22:34","date_gmt":"2025-08-28T10:22:34","guid":{"rendered":"https:\/\/roveyayinevi.com.tr\/index.php\/urun\/muzigin-kisa-tarihi\/"},"modified":"2026-04-15T03:34:10","modified_gmt":"2026-04-15T00:34:10","slug":"muzigin-kisa-tarihi","status":"publish","type":"product","link":"https:\/\/roveyayinevi.com.tr\/index.php\/urun\/muzigin-kisa-tarihi\/","title":{"rendered":"Mu\u0308zi\u011fin K\u0131sa Tarihi"},"content":{"rendered":"<p>M\u00fczi\u011fin \u0130zinde Binlerce Y\u0131ll\u0131k Bir Yolculuk M\u00fczi\u011fin K\u0131sa Tarihi d\u00fcnyada m\u00fczi\u011fin oldu\u011fu her yere ve zamana ad\u0131m at\u0131p ilk ritimlerden modern melodilere, m\u00fczi\u011fin tarih i\u00e7indeki geli\u015fimini g\u00f6zler \u00f6n\u00fcne seriyor. Davullar\u0131n ritimlerinden Paganini ve Liszt\u2019in b\u00fcy\u00fcleyici icralar\u0131na, Barok m\u00fczi\u011fin zirvesi Bach\u2019tan Beethoven\u2019\u0131n teknik dehas\u0131na,  kad\u0131n bestecilerin g\u00f6rmezden gelinmi\u015f katk\u0131lar\u0131ndan modern m\u00fczik end\u00fcstrisinin d\u00f6n\u00fc\u015f\u00fcm\u00fcne kadar geni\u015f bir yelpazeyi kapsayan M\u00fczi\u011fin K\u0131sa Tarihi, yaln\u0131zca m\u00fczikseverlerin de\u011fil, insana ve sanata dair bir anlay\u0131\u015f geli\u015ftirmek isteyen herkesin okumas\u0131 gereken bir eser. M\u00fczik, yaln\u0131zca bir sanat de\u011fil; toplumlar\u0131 \u015fekillendiren, duygular\u0131 dile getiren, k\u00fclt\u00fcrler aras\u0131nda k\u00f6pr\u00fcler kuran bir ifade bi\u00e7imidir. Bu kitap, m\u00fczi\u011fin dini, ekonomik ve teknolojik de\u011fi\u015fimlerle nas\u0131l harmanland\u0131\u011f\u0131n\u0131, unutulmaz besteciler ve performanslarla yeniden nas\u0131l do\u011fdu\u011funu ke\u015ffetmeniz i\u00e7in bir davet. M\u00fczi\u011fin ritmi sizi \u00e7a\u011f\u0131r\u0131yor. Dinlemeye haz\u0131r m\u0131s\u0131n\u0131z? <\/p>\n","protected":false},"excerpt":{"rendered":"<p>M\u00fczi\u011fin \u0130zinde Binlerce Y\u0131ll\u0131k Bir Yolculuk M\u00fczi\u011fin K\u0131sa Tarihi d\u00fcnyada m\u00fczi\u011fin oldu\u011fu her yere ve zamana ad\u0131m at\u0131p ilk ritimlerden modern melodilere, m\u00fczi\u011fin tarih i\u00e7indeki geli\u015fimini<span class=\"excerpt-hellip\"> [\u2026]<\/span><\/p>\n","protected":false},"featured_media":0,"template":"","meta":{"_monsterinsights_skip_tracking":false,"_monsterinsights_sitenote_active":false,"_monsterinsights_sitenote_note":"","_monsterinsights_sitenote_category":0},"product_brand":[],"product_cat":[14591,14556],"product_tag":[],"class_list":{"0":"post-768487","1":"product","2":"type-product","3":"status-publish","5":"product_cat-genel-kavramlar-kuram-ve-tarihce","6":"product_cat-muzik","7":"pa_cilt-ciltsiz","8":"pa_tur-kitap","9":"pa_yayinevi-say-yayinlari","10":"pa_yazar-andrew-ford","12":"first","13":"instock","14":"sale","15":"shipping-taxable","16":"purchasable","17":"product-type-simple"},"_links":{"self":[{"href":"https:\/\/roveyayinevi.com.tr\/index.php\/wp-json\/wp\/v2\/product\/768487","targetHints":{"allow":["GET"]}}],"collection":[{"href":"https:\/\/roveyayinevi.com.tr\/index.php\/wp-json\/wp\/v2\/product"}],"about":[{"href":"https:\/\/roveyayinevi.com.tr\/index.php\/wp-json\/wp\/v2\/types\/product"}],"wp:attachment":[{"href":"https:\/\/roveyayinevi.com.tr\/index.php\/wp-json\/wp\/v2\/media?parent=768487"}],"wp:term":[{"taxonomy":"product_brand","embeddable":true,"href":"https:\/\/roveyayinevi.com.tr\/index.php\/wp-json\/wp\/v2\/product_brand?post=768487"},{"taxonomy":"product_cat","embeddable":true,"href":"https:\/\/roveyayinevi.com.tr\/index.php\/wp-json\/wp\/v2\/product_cat?post=768487"},{"taxonomy":"product_tag","embeddable":true,"href":"https:\/\/roveyayinevi.com.tr\/index.php\/wp-json\/wp\/v2\/product_tag?post=768487"}],"curies":[{"name":"wp","href":"https:\/\/api.w.org\/{rel}","templated":true}]}}