{"id":768483,"date":"2025-08-28T13:22:29","date_gmt":"2025-08-28T10:22:29","guid":{"rendered":"https:\/\/roveyayinevi.com.tr\/index.php\/urun\/turk-edebiyati-101\/"},"modified":"2026-04-15T03:34:10","modified_gmt":"2026-04-15T00:34:10","slug":"turk-edebiyati-101","status":"publish","type":"product","link":"https:\/\/roveyayinevi.com.tr\/index.php\/urun\/turk-edebiyati-101\/","title":{"rendered":"Tu\u0308rk Edebiyat\u0131 101"},"content":{"rendered":"<p>T\u00fcrk Edebiyat\u0131yla \u0130lgili Merak Etti\u011finiz Her \u015eey Bu Kitapta! T\u00fcrk edebiyat\u0131, hem s\u00f6zl\u00fc hem de yaz\u0131l\u0131 gelene\u011fin en zengin \u00f6rneklerini bar\u0131nd\u0131ran, k\u00f6kl\u00fc bir ge\u00e7mi\u015fe sahip bir birikimdir. Orta Asya T\u00fcrklerinin s\u00f6zl\u00fc ve yaz\u0131l\u0131 edebiyat \u00fcr\u00fcnlerinden 20. y\u00fczy\u0131l\u0131n sonlar\u0131ndaki postmodern romanlara kadar uzanan geni\u015f bir yelpazede, T\u00fcrk edebiyat\u0131na dair bilmeniz gereken her \u015fey, rehber niteli\u011findeki bu kitapta bir araya getiriliyor. Sade ve ak\u0131c\u0131 anlat\u0131m\u0131yla T\u00fcrk Edebiyat\u0131 101, \u0130slamiyet \u00f6ncesi T\u00fcrk edebiyat\u0131, divan edebiyat\u0131, halk edebiyat\u0131, Bat\u0131l\u0131la\u015fma etkisindeki edebiyat, Erken Cumhuriyet D\u00f6nemi ve sonras\u0131ndaki edebi yakla\u015f\u0131mlar hakk\u0131nda temel bir kavray\u0131\u015f sunuyor. Ders kitaplar\u0131ndaki s\u0131k\u0131c\u0131 ve tekd\u00fcze anlat\u0131mlar\u0131n aksine, toplumsal ve k\u00fclt\u00fcrel geli\u015fmeler hakk\u0131ndaki ilgin\u00e7 bilgiler ve g\u00f6rsellerle zenginle\u015ftirilmi\u015f i\u00e7eri\u011fiyle T\u00fcrk edebiyat\u0131n\u0131n eserlerini, yazarlar\u0131n\u0131 ve \u015fairlerini tan\u0131may\u0131 \u00e7ok daha kolay hale getiriyor. <\/p>\n","protected":false},"excerpt":{"rendered":"<p>T\u00fcrk Edebiyat\u0131yla \u0130lgili Merak Etti\u011finiz Her \u015eey Bu Kitapta! T\u00fcrk edebiyat\u0131, hem s\u00f6zl\u00fc hem de yaz\u0131l\u0131 gelene\u011fin en zengin \u00f6rneklerini bar\u0131nd\u0131ran, k\u00f6kl\u00fc bir ge\u00e7mi\u015fe sahip bir<span class=\"excerpt-hellip\"> [\u2026]<\/span><\/p>\n","protected":false},"featured_media":0,"template":"","meta":{"_monsterinsights_skip_tracking":false,"_monsterinsights_sitenote_active":false,"_monsterinsights_sitenote_note":"","_monsterinsights_sitenote_category":0},"product_brand":[],"product_cat":[13072,12291],"product_tag":[],"class_list":{"0":"post-768483","1":"product","2":"type-product","3":"status-publish","5":"product_cat-arastirma-inceleme-referans","6":"product_cat-edebiyat","7":"pa_cilt-ciltsiz","8":"pa_tur-kitap","9":"pa_yayinevi-say-yayinlari","10":"pa_yazar-deniz-aktan-kucuk","12":"first","13":"instock","14":"sale","15":"shipping-taxable","16":"purchasable","17":"product-type-simple"},"_links":{"self":[{"href":"https:\/\/roveyayinevi.com.tr\/index.php\/wp-json\/wp\/v2\/product\/768483","targetHints":{"allow":["GET"]}}],"collection":[{"href":"https:\/\/roveyayinevi.com.tr\/index.php\/wp-json\/wp\/v2\/product"}],"about":[{"href":"https:\/\/roveyayinevi.com.tr\/index.php\/wp-json\/wp\/v2\/types\/product"}],"wp:attachment":[{"href":"https:\/\/roveyayinevi.com.tr\/index.php\/wp-json\/wp\/v2\/media?parent=768483"}],"wp:term":[{"taxonomy":"product_brand","embeddable":true,"href":"https:\/\/roveyayinevi.com.tr\/index.php\/wp-json\/wp\/v2\/product_brand?post=768483"},{"taxonomy":"product_cat","embeddable":true,"href":"https:\/\/roveyayinevi.com.tr\/index.php\/wp-json\/wp\/v2\/product_cat?post=768483"},{"taxonomy":"product_tag","embeddable":true,"href":"https:\/\/roveyayinevi.com.tr\/index.php\/wp-json\/wp\/v2\/product_tag?post=768483"}],"curies":[{"name":"wp","href":"https:\/\/api.w.org\/{rel}","templated":true}]}}