{"id":768478,"date":"2025-08-28T13:22:22","date_gmt":"2025-08-28T10:22:22","guid":{"rendered":"https:\/\/roveyayinevi.com.tr\/index.php\/urun\/2020-msu-arsiv-serisi-tipki-basim-cikmis-sorular-tamami-video-cozum\/"},"modified":"2026-04-15T03:34:10","modified_gmt":"2026-04-15T00:34:10","slug":"2020-msu-arsiv-serisi-tipki-basim-cikmis-sorular-tamami-video-cozum","status":"publish","type":"product","link":"https:\/\/roveyayinevi.com.tr\/index.php\/urun\/2020-msu-arsiv-serisi-tipki-basim-cikmis-sorular-tamami-video-cozum\/","title":{"rendered":"2020 MS\u00dc AR\u015e\u0130V SER\u0130S\u0130 T\u0131pk\u0131 Bas\u0131m \u00c7\u0131km\u0131\u015f Sorular Tamam\u0131 Video \u00c7\u00f6z\u00fcm"},"content":{"rendered":"<p>2020 MS\u00dc AR\u015e\u0130V SER\u0130S\u0130 T\u0131pk\u0131 Bas\u0131m \u00c7\u0131km\u0131\u015f Sorular Tamam\u0131 Video \u00c7\u00f6z\u00fcm<\/p>\n","protected":false},"excerpt":{"rendered":"<p>2020 MS\u00dc AR\u015e\u0130V SER\u0130S\u0130 T\u0131pk\u0131 Bas\u0131m \u00c7\u0131km\u0131\u015f Sorular Tamam\u0131 Video \u00c7\u00f6z\u00fcm<\/p>\n","protected":false},"featured_media":0,"template":"","meta":{"_monsterinsights_skip_tracking":false,"_monsterinsights_sitenote_active":false,"_monsterinsights_sitenote_note":"","_monsterinsights_sitenote_category":0},"product_brand":[],"product_cat":[12566,13473],"product_tag":[],"class_list":{"0":"post-768478","1":"product","2":"type-product","3":"status-publish","5":"product_cat-egitim","6":"product_cat-sinavlara-hazirlik-okula-yardimci-kaynaklar","7":"pa_cilt-ciltli","8":"pa_tur-kitap","9":"pa_yayinevi-marka-yayinlari","10":"pa_yazar-osym-komisyon","12":"first","13":"instock","14":"sale","15":"shipping-taxable","16":"purchasable","17":"product-type-simple"},"_links":{"self":[{"href":"https:\/\/roveyayinevi.com.tr\/index.php\/wp-json\/wp\/v2\/product\/768478","targetHints":{"allow":["GET"]}}],"collection":[{"href":"https:\/\/roveyayinevi.com.tr\/index.php\/wp-json\/wp\/v2\/product"}],"about":[{"href":"https:\/\/roveyayinevi.com.tr\/index.php\/wp-json\/wp\/v2\/types\/product"}],"wp:attachment":[{"href":"https:\/\/roveyayinevi.com.tr\/index.php\/wp-json\/wp\/v2\/media?parent=768478"}],"wp:term":[{"taxonomy":"product_brand","embeddable":true,"href":"https:\/\/roveyayinevi.com.tr\/index.php\/wp-json\/wp\/v2\/product_brand?post=768478"},{"taxonomy":"product_cat","embeddable":true,"href":"https:\/\/roveyayinevi.com.tr\/index.php\/wp-json\/wp\/v2\/product_cat?post=768478"},{"taxonomy":"product_tag","embeddable":true,"href":"https:\/\/roveyayinevi.com.tr\/index.php\/wp-json\/wp\/v2\/product_tag?post=768478"}],"curies":[{"name":"wp","href":"https:\/\/api.w.org\/{rel}","templated":true}]}}