{"id":768470,"date":"2025-08-28T13:22:09","date_gmt":"2025-08-28T10:22:09","guid":{"rendered":"https:\/\/roveyayinevi.com.tr\/index.php\/urun\/mashle-4\/"},"modified":"2026-04-15T03:34:10","modified_gmt":"2026-04-15T00:34:10","slug":"mashle-4","status":"publish","type":"product","link":"https:\/\/roveyayinevi.com.tr\/index.php\/urun\/mashle-4\/","title":{"rendered":"Mashle 4"},"content":{"rendered":"<p>Mash, demir yumru\u011fu Abyss\u2019in surat\u0131na ac\u0131madan indirdi. Maskesi par\u00e7alanan ve ger\u00e7ek y\u00fcz\u00fc a\u00e7\u0131\u011fa \u00e7\u0131kan Abyss\u2019in hareketleri daha da sertle\u015fecek ve Mash\u2019e t\u00fcm g\u00fcc\u00fcyle sald\u0131racak! Bu arada, \u00e7iftizli b\u00fcy\u00fcc\u00fclerle kar\u015f\u0131 kar\u015f\u0131ya kalan Dot ve Finn, \u00e7aresizce savunmada s\u0131k\u0131\u015fm\u0131\u015f durumda. Ancak Dot beklenmedik bir de\u011fi\u015fim ge\u00e7irecek! \u0130tme kap\u0131 m\u0131 \u00e7ekme kap\u0131 m\u0131 oldu\u011fu bilinmeyen son kap\u0131n\u0131n ard\u0131nda, Magia Lupus\u2019un lideri Abel onlar\u0131 bekliyor. Zay\u0131flar\u0131 ortadan kald\u0131rmaya kararl\u0131 bu so\u011fukkanl\u0131 d\u00fc\u015fman kar\u015f\u0131s\u0131nda, Mash\u2019in t\u00fcm kaslar\u0131 m\u00fccadele i\u00e7in k\u00fckreyecek!<\/p>\n","protected":false},"excerpt":{"rendered":"<p>Mash, demir yumru\u011fu Abyss\u2019in surat\u0131na ac\u0131madan indirdi. Maskesi par\u00e7alanan ve ger\u00e7ek y\u00fcz\u00fc a\u00e7\u0131\u011fa \u00e7\u0131kan Abyss\u2019in hareketleri daha da sertle\u015fecek ve Mash\u2019e t\u00fcm g\u00fcc\u00fcyle sald\u0131racak! Bu arada,<span class=\"excerpt-hellip\"> [\u2026]<\/span><\/p>\n","protected":false},"featured_media":0,"template":"","meta":{"_monsterinsights_skip_tracking":false,"_monsterinsights_sitenote_active":false,"_monsterinsights_sitenote_note":"","_monsterinsights_sitenote_category":0},"product_brand":[],"product_cat":[12416,12291],"product_tag":[],"class_list":{"0":"post-768470","1":"product","2":"type-product","3":"status-publish","5":"product_cat-cizgi-roman","6":"product_cat-edebiyat","7":"pa_cilt-ciltsiz","8":"pa_tur-kitap","9":"pa_yayinevi-akil-celen-kitaplar","10":"pa_yazar-hajime-komoto","12":"first","13":"instock","14":"sale","15":"shipping-taxable","16":"purchasable","17":"product-type-simple"},"_links":{"self":[{"href":"https:\/\/roveyayinevi.com.tr\/index.php\/wp-json\/wp\/v2\/product\/768470","targetHints":{"allow":["GET"]}}],"collection":[{"href":"https:\/\/roveyayinevi.com.tr\/index.php\/wp-json\/wp\/v2\/product"}],"about":[{"href":"https:\/\/roveyayinevi.com.tr\/index.php\/wp-json\/wp\/v2\/types\/product"}],"wp:attachment":[{"href":"https:\/\/roveyayinevi.com.tr\/index.php\/wp-json\/wp\/v2\/media?parent=768470"}],"wp:term":[{"taxonomy":"product_brand","embeddable":true,"href":"https:\/\/roveyayinevi.com.tr\/index.php\/wp-json\/wp\/v2\/product_brand?post=768470"},{"taxonomy":"product_cat","embeddable":true,"href":"https:\/\/roveyayinevi.com.tr\/index.php\/wp-json\/wp\/v2\/product_cat?post=768470"},{"taxonomy":"product_tag","embeddable":true,"href":"https:\/\/roveyayinevi.com.tr\/index.php\/wp-json\/wp\/v2\/product_tag?post=768470"}],"curies":[{"name":"wp","href":"https:\/\/api.w.org\/{rel}","templated":true}]}}