{"id":768466,"date":"2025-08-28T13:22:02","date_gmt":"2025-08-28T10:22:02","guid":{"rendered":"https:\/\/roveyayinevi.com.tr\/index.php\/urun\/tyt-matematik-konu-konu-cikmis-sorular-son-7-yil\/"},"modified":"2025-12-30T11:36:42","modified_gmt":"2025-12-30T08:36:42","slug":"tyt-matematik-konu-konu-cikmis-sorular-son-7-yil","status":"publish","type":"product","link":"https:\/\/roveyayinevi.com.tr\/index.php\/urun\/tyt-matematik-konu-konu-cikmis-sorular-son-7-yil\/","title":{"rendered":"TYT MATEMAT\u0130K Konu Konu \u00c7IKMI\u015e SORULAR Son 7 Y\u0131l"},"content":{"rendered":"<p>TYT MATEMAT\u0130K Konu Konu \u00c7IKMI\u015e SORULAR Son 7 Y\u0131l           <\/p>\n","protected":false},"excerpt":{"rendered":"<p>TYT MATEMAT\u0130K Konu Konu \u00c7IKMI\u015e SORULAR Son 7 Y\u0131l<\/p>\n","protected":false},"featured_media":0,"template":"","meta":{"_monsterinsights_skip_tracking":false,"_monsterinsights_sitenote_active":false,"_monsterinsights_sitenote_note":"","_monsterinsights_sitenote_category":0},"product_brand":[],"product_cat":[12566,13473],"product_tag":[],"class_list":{"0":"post-768466","1":"product","2":"type-product","3":"status-publish","5":"product_cat-egitim","6":"product_cat-sinavlara-hazirlik-okula-yardimci-kaynaklar","7":"pa_cilt-ciltli","8":"pa_tur-kitap","9":"pa_yayinevi-marka-yayinlari","10":"pa_yazar-osym-komisyon","12":"first","13":"instock","14":"sale","15":"shipping-taxable","16":"purchasable","17":"product-type-simple"},"_links":{"self":[{"href":"https:\/\/roveyayinevi.com.tr\/index.php\/wp-json\/wp\/v2\/product\/768466","targetHints":{"allow":["GET"]}}],"collection":[{"href":"https:\/\/roveyayinevi.com.tr\/index.php\/wp-json\/wp\/v2\/product"}],"about":[{"href":"https:\/\/roveyayinevi.com.tr\/index.php\/wp-json\/wp\/v2\/types\/product"}],"wp:attachment":[{"href":"https:\/\/roveyayinevi.com.tr\/index.php\/wp-json\/wp\/v2\/media?parent=768466"}],"wp:term":[{"taxonomy":"product_brand","embeddable":true,"href":"https:\/\/roveyayinevi.com.tr\/index.php\/wp-json\/wp\/v2\/product_brand?post=768466"},{"taxonomy":"product_cat","embeddable":true,"href":"https:\/\/roveyayinevi.com.tr\/index.php\/wp-json\/wp\/v2\/product_cat?post=768466"},{"taxonomy":"product_tag","embeddable":true,"href":"https:\/\/roveyayinevi.com.tr\/index.php\/wp-json\/wp\/v2\/product_tag?post=768466"}],"curies":[{"name":"wp","href":"https:\/\/api.w.org\/{rel}","templated":true}]}}