{"id":768461,"date":"2025-08-28T13:21:53","date_gmt":"2025-08-28T10:21:53","guid":{"rendered":"https:\/\/roveyayinevi.com.tr\/index.php\/urun\/moriarty-the-patriot-vatansever-moriarty-2\/"},"modified":"2026-04-15T03:34:09","modified_gmt":"2026-04-15T00:34:09","slug":"moriarty-the-patriot-vatansever-moriarty-2","status":"publish","type":"product","link":"https:\/\/roveyayinevi.com.tr\/index.php\/urun\/moriarty-the-patriot-vatansever-moriarty-2\/","title":{"rendered":"Moriarty the Patriot &#8211; Vatansever Moriarty 2"},"content":{"rendered":"<p>Albert, ordu i\u00e7indeki uyu\u015fturucu kartelini temizleme faaliyetlerine h\u0131z verirken son derece gizli bir askeri te\u015fkilat\u0131n kurulaca\u011f\u0131na dair haber al\u0131r. Hemen ard\u0131ndan, Londra\u2019y\u0131 ziyaret eden William, kimli\u011fi belirsiz \u015fah\u0131slar taraf\u0131ndan ka\u00e7\u0131r\u0131l\u0131r ve b\u00f6ylece Moriarty\u2019nin \u00fclkedeki yozla\u015fmaya son vermek i\u00e7in kurgulad\u0131\u011f\u0131 \u00e7arp\u0131c\u0131 \u201ccinayet oyunlar\u0131\u201d nihayet ba\u015flar.  <\/p>\n","protected":false},"excerpt":{"rendered":"<p>Albert, ordu i\u00e7indeki uyu\u015fturucu kartelini temizleme faaliyetlerine h\u0131z verirken son derece gizli bir askeri te\u015fkilat\u0131n kurulaca\u011f\u0131na dair haber al\u0131r. Hemen ard\u0131ndan, Londra\u2019y\u0131 ziyaret eden William, kimli\u011fi<span class=\"excerpt-hellip\"> [\u2026]<\/span><\/p>\n","protected":false},"featured_media":0,"template":"","meta":{"_monsterinsights_skip_tracking":false,"_monsterinsights_sitenote_active":false,"_monsterinsights_sitenote_note":"","_monsterinsights_sitenote_category":0},"product_brand":[],"product_cat":[12416,12291],"product_tag":[],"class_list":{"0":"post-768461","1":"product","2":"type-product","3":"status-publish","5":"product_cat-cizgi-roman","6":"product_cat-edebiyat","7":"pa_cilt-ciltsiz","8":"pa_tur-kitap","9":"pa_yayinevi-kurukafa","10":"pa_yazar-ryosuke-takeuchi","12":"first","13":"instock","14":"sale","15":"shipping-taxable","16":"purchasable","17":"product-type-simple"},"_links":{"self":[{"href":"https:\/\/roveyayinevi.com.tr\/index.php\/wp-json\/wp\/v2\/product\/768461","targetHints":{"allow":["GET"]}}],"collection":[{"href":"https:\/\/roveyayinevi.com.tr\/index.php\/wp-json\/wp\/v2\/product"}],"about":[{"href":"https:\/\/roveyayinevi.com.tr\/index.php\/wp-json\/wp\/v2\/types\/product"}],"wp:attachment":[{"href":"https:\/\/roveyayinevi.com.tr\/index.php\/wp-json\/wp\/v2\/media?parent=768461"}],"wp:term":[{"taxonomy":"product_brand","embeddable":true,"href":"https:\/\/roveyayinevi.com.tr\/index.php\/wp-json\/wp\/v2\/product_brand?post=768461"},{"taxonomy":"product_cat","embeddable":true,"href":"https:\/\/roveyayinevi.com.tr\/index.php\/wp-json\/wp\/v2\/product_cat?post=768461"},{"taxonomy":"product_tag","embeddable":true,"href":"https:\/\/roveyayinevi.com.tr\/index.php\/wp-json\/wp\/v2\/product_tag?post=768461"}],"curies":[{"name":"wp","href":"https:\/\/api.w.org\/{rel}","templated":true}]}}