{"id":768460,"date":"2025-08-28T13:21:51","date_gmt":"2025-08-28T10:21:51","guid":{"rendered":"https:\/\/roveyayinevi.com.tr\/index.php\/urun\/turk-devletlerinde-vergi-sistemleri-ve-maliye-politikalari\/"},"modified":"2026-04-15T03:34:09","modified_gmt":"2026-04-15T00:34:09","slug":"turk-devletlerinde-vergi-sistemleri-ve-maliye-politikalari","status":"publish","type":"product","link":"https:\/\/roveyayinevi.com.tr\/index.php\/urun\/turk-devletlerinde-vergi-sistemleri-ve-maliye-politikalari\/","title":{"rendered":"T\u00fcrk Devletlerinde Vergi Sistemleri Ve Maliye Politikalar\u0131"},"content":{"rendered":"<p>\u0130\u00e7indekiler :   \u00b7         \u201cPARANIN G\u00dcC\u00dcNDEN\u201d B\u00dcT\u00c7E HAKKINA   \u00b7         T\u00dcRK VERG\u0130 CEZA HUKUKUNDA VERG\u0130 KA\u00c7AK\u00c7ILI\u011eI SU\u00c7LARI   \u00b7         GEL\u0130R DA\u011eILIMI, MAL\u0130YE POL\u0130T\u0130KALARI VE BORSA \u0130L\u0130\u015eK\u0130S\u0130: B\u00dcT\u00c7EN\u0130N EKONOM\u0130K ETK\u0130LER\u0130   \u00b7         VERG\u0130 HARCAMALARI (HAYALET KAMU HARCAMALARI) KAVRAM, AMA\u00c7 VE T\u00dcRK\u0130YE UYGULAMALARI   \u00b7         GEL\u0130R VE SERVET E\u015e\u0130TS\u0130ZL\u0130\u011e\u0130 BA\u011eLAMINDA SERVET VERG\u0130LER\u0130 \u00dcZER\u0130NE TARTI\u015eMALAR   \u00b7         TAXATION OF SMALL AND MEDIUM-SIZED BUSINESSES IN KAZAKHSTAN: PROBLEMS AND SOLUTIONS   \u00b7         VERG\u0130 KA\u00c7AK\u00c7ILI\u011eININ NEDENLER\u0130, ETK\u0130LER\u0130 VE Y\u00d6NTEMLER\u0130     \u00b7         TAX SYSTEM IN UZBEKISTAN   \u00b7         DO\u011eU AVRUPA VE ORTA ASYA \u00dcLKELER\u0130\u2019N\u0130N E\u011e\u0130T\u0130M B\u00dcT\u00c7ELER\u0130 \u0130LE PISA SONU\u00c7LARI ARASINDAK\u0130 \u0130L\u0130\u015eK\u0130N\u0130N EKONOM\u0130K ANAL\u0130Z\u0130   \u00b7         KAMU MAL\u0130YES\u0130N\u0130N S\u00dcRD\u00dcR\u00dcLEB\u0130L\u0130RL\u0130\u011e\u0130 A\u00c7ISINDAN VERG\u0130 UYUMU VE BU OLGUYU ETK\u0130LEYEN EKONOM\u0130K, PS\u0130KO-SOSYAL, \u0130DAR\u0130 FAKT\u00d6RLER   \u00b7         T\u00dcRK\u0130YE\u2019DE MERKEZ\u0130 Y\u00d6NET\u0130M B\u00dcT\u00c7E S\u00dcREC\u0130 VE DENET\u0130M\u0130   \u00b7         TAX POLICY OF AZERBAIJAN AND ITS IMPACT ON GDP GROWTH: A DEEPER DIVE WITH FOCUS ON AGRICULTURE AND EMERGING CHALLENGES   <\/p>\n","protected":false},"excerpt":{"rendered":"<p>\u0130\u00e7indekiler : \u00b7 \u201cPARANIN G\u00dcC\u00dcNDEN\u201d B\u00dcT\u00c7E HAKKINA \u00b7 T\u00dcRK VERG\u0130 CEZA HUKUKUNDA VERG\u0130 KA\u00c7AK\u00c7ILI\u011eI SU\u00c7LARI \u00b7 GEL\u0130R DA\u011eILIMI, MAL\u0130YE POL\u0130T\u0130KALARI VE BORSA \u0130L\u0130\u015eK\u0130S\u0130: B\u00dcT\u00c7EN\u0130N EKONOM\u0130K ETK\u0130LER\u0130<span class=\"excerpt-hellip\"> [\u2026]<\/span><\/p>\n","protected":false},"featured_media":0,"template":"","meta":{"_monsterinsights_skip_tracking":false,"_monsterinsights_sitenote_active":false,"_monsterinsights_sitenote_note":"","_monsterinsights_sitenote_category":0},"product_brand":[],"product_cat":[13043],"product_tag":[],"class_list":{"0":"post-768460","1":"product","2":"type-product","3":"status-publish","5":"product_cat-ekonomi","6":"pa_cilt-ciltsiz","7":"pa_tur-kitap","8":"pa_yayinevi-gazi-kitabevi","9":"pa_yazar-kolektif","11":"first","12":"instock","13":"sale","14":"shipping-taxable","15":"purchasable","16":"product-type-simple"},"_links":{"self":[{"href":"https:\/\/roveyayinevi.com.tr\/index.php\/wp-json\/wp\/v2\/product\/768460","targetHints":{"allow":["GET"]}}],"collection":[{"href":"https:\/\/roveyayinevi.com.tr\/index.php\/wp-json\/wp\/v2\/product"}],"about":[{"href":"https:\/\/roveyayinevi.com.tr\/index.php\/wp-json\/wp\/v2\/types\/product"}],"wp:attachment":[{"href":"https:\/\/roveyayinevi.com.tr\/index.php\/wp-json\/wp\/v2\/media?parent=768460"}],"wp:term":[{"taxonomy":"product_brand","embeddable":true,"href":"https:\/\/roveyayinevi.com.tr\/index.php\/wp-json\/wp\/v2\/product_brand?post=768460"},{"taxonomy":"product_cat","embeddable":true,"href":"https:\/\/roveyayinevi.com.tr\/index.php\/wp-json\/wp\/v2\/product_cat?post=768460"},{"taxonomy":"product_tag","embeddable":true,"href":"https:\/\/roveyayinevi.com.tr\/index.php\/wp-json\/wp\/v2\/product_tag?post=768460"}],"curies":[{"name":"wp","href":"https:\/\/api.w.org\/{rel}","templated":true}]}}