{"id":768458,"date":"2025-08-28T13:21:47","date_gmt":"2025-08-28T10:21:47","guid":{"rendered":"https:\/\/roveyayinevi.com.tr\/index.php\/urun\/kinik\/"},"modified":"2026-04-15T03:34:09","modified_gmt":"2026-04-15T00:34:09","slug":"kinik","status":"publish","type":"product","link":"https:\/\/roveyayinevi.com.tr\/index.php\/urun\/kinik\/","title":{"rendered":"Kinik"},"content":{"rendered":"<p>Ger\u00e7ek\u00e7i olmak zorunday\u0131m. Zihinsel da\u011f\u0131n\u0131kl\u0131k ve yan\u0131lg\u0131 benim de i\u00e7ine d\u00fc\u015febilece\u011fim bir tuzak. Yani o gece g\u00f6rd\u00fcklerim\u2026 Hepsi bir r\u00fcya olabilir mesela. Hayal ya da hezeyan olabilir. Sadece zihnimden ge\u00e7irmi\u015f olabilirim b\u00f6yle bir sahneyi. Sahiden bir \u015feyler ya\u015fanm\u0131\u015f ama ben zihnime farkl\u0131 kodlam\u0131\u015f olabilirim. \u0130nsanlar zihnindeki \u015feylerin tam da ya\u015fanm\u0131\u015f ger\u00e7eklerin kopyas\u0131 oldu\u011funu sanmakla ne kadar yan\u0131ld\u0131\u011f\u0131n\u0131 bir bilse! *** Yazar \u00c7\u0131kr\u0131klar, bu kurgusal eserde okuru ruhsal buhranlar\u0131n neden oldu\u011fu zihinsel karma\u015fa ve s\u0131ra d\u0131\u015f\u0131 bir hik\u00e2yeyle bulu\u015fturuyor. Alg\u0131lar ve yan\u0131lg\u0131lardan ibaret zihin d\u00fcnyas\u0131yla y\u00fczle\u015firken d\u00fcnyan\u0131n ger\u00e7eklerini bir kez daha sorgulayacaks\u0131n\u0131z. <\/p>\n","protected":false},"excerpt":{"rendered":"<p>Ger\u00e7ek\u00e7i olmak zorunday\u0131m. Zihinsel da\u011f\u0131n\u0131kl\u0131k ve yan\u0131lg\u0131 benim de i\u00e7ine d\u00fc\u015febilece\u011fim bir tuzak. Yani o gece g\u00f6rd\u00fcklerim\u2026 Hepsi bir r\u00fcya olabilir mesela. Hayal ya da hezeyan<span class=\"excerpt-hellip\"> [\u2026]<\/span><\/p>\n","protected":false},"featured_media":0,"template":"","meta":{"_monsterinsights_skip_tracking":false,"_monsterinsights_sitenote_active":false,"_monsterinsights_sitenote_note":"","_monsterinsights_sitenote_category":0},"product_brand":[],"product_cat":[12291,12711],"product_tag":[],"class_list":{"0":"post-768458","1":"product","2":"type-product","3":"status-publish","5":"product_cat-edebiyat","6":"product_cat-roman-oyku","7":"pa_cilt-ciltsiz","8":"pa_tur-kitap","9":"pa_yayinevi-soncag","10":"pa_yazar-halil-cikriklar","12":"first","13":"instock","14":"sale","15":"shipping-taxable","16":"purchasable","17":"product-type-simple"},"_links":{"self":[{"href":"https:\/\/roveyayinevi.com.tr\/index.php\/wp-json\/wp\/v2\/product\/768458","targetHints":{"allow":["GET"]}}],"collection":[{"href":"https:\/\/roveyayinevi.com.tr\/index.php\/wp-json\/wp\/v2\/product"}],"about":[{"href":"https:\/\/roveyayinevi.com.tr\/index.php\/wp-json\/wp\/v2\/types\/product"}],"wp:attachment":[{"href":"https:\/\/roveyayinevi.com.tr\/index.php\/wp-json\/wp\/v2\/media?parent=768458"}],"wp:term":[{"taxonomy":"product_brand","embeddable":true,"href":"https:\/\/roveyayinevi.com.tr\/index.php\/wp-json\/wp\/v2\/product_brand?post=768458"},{"taxonomy":"product_cat","embeddable":true,"href":"https:\/\/roveyayinevi.com.tr\/index.php\/wp-json\/wp\/v2\/product_cat?post=768458"},{"taxonomy":"product_tag","embeddable":true,"href":"https:\/\/roveyayinevi.com.tr\/index.php\/wp-json\/wp\/v2\/product_tag?post=768458"}],"curies":[{"name":"wp","href":"https:\/\/api.w.org\/{rel}","templated":true}]}}