{"id":768454,"date":"2025-08-28T13:21:41","date_gmt":"2025-08-28T10:21:41","guid":{"rendered":"https:\/\/roveyayinevi.com.tr\/index.php\/urun\/canakkale-savasimiz\/"},"modified":"2026-04-15T03:34:09","modified_gmt":"2026-04-15T00:34:09","slug":"canakkale-savasimiz","status":"publish","type":"product","link":"https:\/\/roveyayinevi.com.tr\/index.php\/urun\/canakkale-savasimiz\/","title":{"rendered":"\u00c7anakkale Sava\u015f\u0131m\u0131z"},"content":{"rendered":"<p>Bu kitapta T\u00fcrk tarihinin en kritik d\u00f6n\u00fcm noktalar\u0131ndan biri olan \u00c7anakkale sava\u015f\u0131m\u0131z b\u00fct\u00fcn boyutlar\u0131yla ve en do\u011fru bi\u00e7imde anlat\u0131lm\u0131\u015ft\u0131r. \u00c7anakkale sava\u015f\u0131m\u0131z sadece tarihsel boyutuyla de\u011fil, ayn\u0131 zamanda g\u00fcncel boyutuyla da i\u015flenmi\u015ftir. Bug\u00fcne ve gelece\u011fe d\u00f6n\u00fck \u00f6nemi de vurgulanm\u0131\u015ft\u0131r. \u00c7anakkale Sava\u015f\u0131m\u0131z, yok oldu\u011fu, y\u0131k\u0131ld\u0131\u011f\u0131, sona erdi\u011fi zannedilen T\u00fcrk milletinin k\u00fcllerinden yeniden dirili\u015f sahnesidir. \u00c7anakkale bizim dirili\u015f meydan\u0131m\u0131zd\u0131r. Yeni T\u00fcrk nesilleri k\u0131yamete kadar salimen var olmak istiyorsa \u00c7anakkale sava\u015f\u0131m\u0131z\u0131 unutmamal\u0131d\u0131r. <\/p>\n","protected":false},"excerpt":{"rendered":"<p>Bu kitapta T\u00fcrk tarihinin en kritik d\u00f6n\u00fcm noktalar\u0131ndan biri olan \u00c7anakkale sava\u015f\u0131m\u0131z b\u00fct\u00fcn boyutlar\u0131yla ve en do\u011fru bi\u00e7imde anlat\u0131lm\u0131\u015ft\u0131r. \u00c7anakkale sava\u015f\u0131m\u0131z sadece tarihsel boyutuyla de\u011fil, ayn\u0131<span class=\"excerpt-hellip\"> [\u2026]<\/span><\/p>\n","protected":false},"featured_media":0,"template":"","meta":{"_monsterinsights_skip_tracking":false,"_monsterinsights_sitenote_active":false,"_monsterinsights_sitenote_note":"","_monsterinsights_sitenote_category":0},"product_brand":[],"product_cat":[12370,12304],"product_tag":[],"class_list":{"0":"post-768454","1":"product","2":"type-product","3":"status-publish","5":"product_cat-arastirma-inceleme","6":"product_cat-tarih","7":"pa_cilt-ciltsiz","8":"pa_tur-kitap","9":"pa_yayinevi-kamutay-yayinlari","10":"pa_yazar-prof-dr-nurullah-cetin","12":"first","13":"instock","14":"sale","15":"shipping-taxable","16":"purchasable","17":"product-type-simple"},"_links":{"self":[{"href":"https:\/\/roveyayinevi.com.tr\/index.php\/wp-json\/wp\/v2\/product\/768454","targetHints":{"allow":["GET"]}}],"collection":[{"href":"https:\/\/roveyayinevi.com.tr\/index.php\/wp-json\/wp\/v2\/product"}],"about":[{"href":"https:\/\/roveyayinevi.com.tr\/index.php\/wp-json\/wp\/v2\/types\/product"}],"wp:attachment":[{"href":"https:\/\/roveyayinevi.com.tr\/index.php\/wp-json\/wp\/v2\/media?parent=768454"}],"wp:term":[{"taxonomy":"product_brand","embeddable":true,"href":"https:\/\/roveyayinevi.com.tr\/index.php\/wp-json\/wp\/v2\/product_brand?post=768454"},{"taxonomy":"product_cat","embeddable":true,"href":"https:\/\/roveyayinevi.com.tr\/index.php\/wp-json\/wp\/v2\/product_cat?post=768454"},{"taxonomy":"product_tag","embeddable":true,"href":"https:\/\/roveyayinevi.com.tr\/index.php\/wp-json\/wp\/v2\/product_tag?post=768454"}],"curies":[{"name":"wp","href":"https:\/\/api.w.org\/{rel}","templated":true}]}}