{"id":768450,"date":"2025-08-28T13:21:32","date_gmt":"2025-08-28T10:21:32","guid":{"rendered":"https:\/\/roveyayinevi.com.tr\/index.php\/urun\/medeniyetler-catismasi-mi\/"},"modified":"2026-04-15T03:34:09","modified_gmt":"2026-04-15T00:34:09","slug":"medeniyetler-catismasi-mi","status":"publish","type":"product","link":"https:\/\/roveyayinevi.com.tr\/index.php\/urun\/medeniyetler-catismasi-mi\/","title":{"rendered":"Medeniyetler \u00c7at\u0131\u015fmas\u0131 M\u0131?"},"content":{"rendered":"<p>Bu Eser, Medeniyetler \u00c7at\u0131\u015fmas\u0131 Tezine Ele\u015ftirel Bir Bak\u0131\u015ft\u0131r. E\u011fer bir medeniyet di\u011fer bir medeniyetin d\u00fc\u015fman\u0131 olacaksa, b\u00f6yle bir d\u00fcnyada ya\u015famay\u0131 kim ister? Bu eseri, 70 y\u0131l\u0131 ge\u00e7kin bir birikimin kalemiyle yaz\u0131ld\u0131\u011f\u0131n\u0131 bilerek okumal\u0131s\u0131n\u0131z. Gen\u00e7ler, yeti\u015fkinler, bir k\u0131s\u0131m politikac\u0131lar, s\u00f6z\u00fcm sizlere&#8230; Bu \u00e7al\u0131\u015fmada, \u00e7a\u011f\u0131n siyaset bilimcileri, d\u00fcnyan\u0131n meselelerine ve insanlar\u0131na hangi g\u00f6zle bak\u0131yorlar ve yapt\u0131klar\u0131 yorumlar\u0131n, hangi d\u00fc\u015f\u00fcnce labirentlerini dola\u015ft\u0131\u011f\u0131, y\u00f6nlendi\u011fi ve y\u00f6nlendirmek istedi\u011fi noktalar\u0131n neler oldu\u011funa dikkat \u00e7ekiliyor. Sonra da kitaba kat\u0131lanlar\u0131n d\u00fcnyaya bak\u0131\u015flar\u0131, \u00fclkelerin k\u00fclt\u00fcr ve inan\u00e7 olarak hangi meselelerle me\u015fgul oldu\u011fu ve \u00fclke i\u00e7indeki tesan\u00fct ve di\u011fer \u00fclkelerle kuracaklar\u0131 ortakl\u0131klar onlar\u0131 nas\u0131l bir d\u00fcnya d\u00fczeninin par\u00e7as\u0131 haline getirece\u011fini, kehanete varan yorumlar \u00fczerinde durduk, kat\u0131lmad\u0131\u011f\u0131m\u0131z d\u00fc\u015f\u00fcncelerine de ni\u00e7in kat\u0131lmad\u0131\u011f\u0131m\u0131z\u0131 anlatan yorumlar verdik. &#8211; \u00dclkeler baz\u0131nda birliktelikler \u00fczerinde duranlar\u0131n, kat\u0131lmad\u0131\u011f\u0131m\u0131z g\u00f6r\u00fc\u015fleri \u00fczerinde ayr\u0131nt\u0131l\u0131 yorumlar verdik. B\u00f6ylece d\u00fcnya d\u00fczeni ve demokrasinin ve medeniyetlerin kar\u015f\u0131 kar\u015f\u0131ya bulunduklar\u0131 tehlikelerin ne kadar fark\u0131nda olduklar\u0131n\u0131 sorgulad\u0131k. <\/p>\n","protected":false},"excerpt":{"rendered":"<p>Bu Eser, Medeniyetler \u00c7at\u0131\u015fmas\u0131 Tezine Ele\u015ftirel Bir Bak\u0131\u015ft\u0131r. E\u011fer bir medeniyet di\u011fer bir medeniyetin d\u00fc\u015fman\u0131 olacaksa, b\u00f6yle bir d\u00fcnyada ya\u015famay\u0131 kim ister? Bu eseri, 70 y\u0131l\u0131<span class=\"excerpt-hellip\"> [\u2026]<\/span><\/p>\n","protected":false},"featured_media":0,"template":"","meta":{"_monsterinsights_skip_tracking":false,"_monsterinsights_sitenote_active":false,"_monsterinsights_sitenote_note":"","_monsterinsights_sitenote_category":0},"product_brand":[],"product_cat":[13590,12337],"product_tag":[],"class_list":{"0":"post-768450","1":"product","2":"type-product","3":"status-publish","5":"product_cat-arastirma-inceleme-politika-siyaset","6":"product_cat-politika-siyaset","7":"pa_cilt-ciltsiz","8":"pa_tur-kitap","9":"pa_yayinevi-kamutay-yayinlari","10":"pa_yazar-ismail-ozmel","12":"first","13":"instock","14":"sale","15":"shipping-taxable","16":"purchasable","17":"product-type-simple"},"_links":{"self":[{"href":"https:\/\/roveyayinevi.com.tr\/index.php\/wp-json\/wp\/v2\/product\/768450","targetHints":{"allow":["GET"]}}],"collection":[{"href":"https:\/\/roveyayinevi.com.tr\/index.php\/wp-json\/wp\/v2\/product"}],"about":[{"href":"https:\/\/roveyayinevi.com.tr\/index.php\/wp-json\/wp\/v2\/types\/product"}],"wp:attachment":[{"href":"https:\/\/roveyayinevi.com.tr\/index.php\/wp-json\/wp\/v2\/media?parent=768450"}],"wp:term":[{"taxonomy":"product_brand","embeddable":true,"href":"https:\/\/roveyayinevi.com.tr\/index.php\/wp-json\/wp\/v2\/product_brand?post=768450"},{"taxonomy":"product_cat","embeddable":true,"href":"https:\/\/roveyayinevi.com.tr\/index.php\/wp-json\/wp\/v2\/product_cat?post=768450"},{"taxonomy":"product_tag","embeddable":true,"href":"https:\/\/roveyayinevi.com.tr\/index.php\/wp-json\/wp\/v2\/product_tag?post=768450"}],"curies":[{"name":"wp","href":"https:\/\/api.w.org\/{rel}","templated":true}]}}