{"id":768449,"date":"2025-08-28T13:21:31","date_gmt":"2025-08-28T10:21:31","guid":{"rendered":"https:\/\/roveyayinevi.com.tr\/index.php\/urun\/suzulmus-sozler\/"},"modified":"2026-04-15T03:34:09","modified_gmt":"2026-04-15T00:34:09","slug":"suzulmus-sozler","status":"publish","type":"product","link":"https:\/\/roveyayinevi.com.tr\/index.php\/urun\/suzulmus-sozler\/","title":{"rendered":"S\u00fcz\u00fclm\u00fc\u015f S\u00f6zler"},"content":{"rendered":"<p>S\u00fcz\u00fclm\u00fc\u015f S\u00f6zler\u2019i ilgiyle okuyacaks\u0131n\u0131z. Her g\u00fcncel sadece magazin de\u011fildir. Bazen magazin diye takdim edilir, alt\u0131ndan bir ger\u00e7ek kendisini g\u00f6sterebilir. Onun i\u00e7in \u00fclkede ve d\u00fcnyada olup bitenlere kay\u0131ts\u0131z kalmamak gerekir. Ortaya \u00e7\u0131kan olaylar\u0131n insanlar\u0131n tercihi ve insan taraf\u0131ndan al\u0131nan tedbirlerin yetersizli\u011fi sebebiyle umulmayan sonu\u00e7lar ortaya \u00e7\u0131kabilir. Her olay \u00e7ok unsurla u\u011fra\u015fan bir laboratuar durumdad\u0131r. Bu laboratuar\u0131 ve ayr\u0131nt\u0131lar\u0131n\u0131 iyi incelemek, al\u0131nacak dersleri yeni yeti\u015fenlere ula\u015ft\u0131rmak e\u011fitimin belki de en verimli bir yolu olarak g\u00f6r\u00fclebilir. E\u011fitim ve \u00f6\u011fretim sadece kitaplarla ve laboratuar ortam\u0131nda canland\u0131rmakla \u00f6\u011frenilmez, bizzat ya\u015fanm\u0131\u015f bir olay\u0131n zamanlama ve ayr\u0131nt\u0131lar\u0131 ba\u011flant\u0131n\u0131n nerede kesildi\u011fi gibi \u00f6nemli ipu\u00e7lar\u0131n\u0131n dikkatle incelenmesi, hayat\u0131n neleri i\u00e7inde saklad\u0131\u011f\u0131n\u0131 anlamak bak\u0131mdan bir ders gibidir. \u00c7\u00fcnk\u00fc ya\u015fanm\u0131\u015fl\u0131k onu bir ger\u00e7ek olarak ortaya koyuyor ve konunun uzmanlar\u0131 da bu tohumdan bu meyve veya bu zakkum yeti\u015fir mi diye sormak durumunda kal\u0131rlar. Onun i\u00e7in tarihe \u00f6nem vermek istiyorum ve her olaya ge\u00e7mi\u015f gitmi\u015ftir, ger\u00e7e\u011fi bilseniz ne olacak, demeyi uygun g\u00f6rm\u00fcyorum. \u00c7\u00fcnk\u00fc d\u00fcn\u00fcn s\u00fcz\u00fcl\u00fcp kalan al\u00fcvyonlar\u0131 veya zararl\u0131 at\u0131klar\u0131 bug\u00fcn\u00fcn olumlu veya olumsuz olaylar\u0131na hayat verebilir veya hayat\u0131 \u00e7ekilmez hale getirebilir. Daha y\u00fczlerce soru ve cevab\u0131 beraberce konu\u015faca\u011f\u0131z, beraberce de\u011ferlendirece\u011fiz. Bu kalem kimseyi \u00fcmitsizli\u011fe d\u00fc\u015f\u00fcrmez, zevkle okuyaca\u011f\u0131n\u0131z\u0131 s\u00f6yleyebiliriz. <\/p>\n","protected":false},"excerpt":{"rendered":"<p>S\u00fcz\u00fclm\u00fc\u015f S\u00f6zler\u2019i ilgiyle okuyacaks\u0131n\u0131z. Her g\u00fcncel sadece magazin de\u011fildir. Bazen magazin diye takdim edilir, alt\u0131ndan bir ger\u00e7ek kendisini g\u00f6sterebilir. Onun i\u00e7in \u00fclkede ve d\u00fcnyada olup bitenlere<span class=\"excerpt-hellip\"> [\u2026]<\/span><\/p>\n","protected":false},"featured_media":0,"template":"","meta":{"_monsterinsights_skip_tracking":false,"_monsterinsights_sitenote_active":false,"_monsterinsights_sitenote_note":"","_monsterinsights_sitenote_category":0},"product_brand":[],"product_cat":[52477],"product_tag":[],"class_list":{"0":"post-768449","1":"product","2":"type-product","3":"status-publish","5":"product_cat-arastirma","6":"pa_cilt-ciltsiz","7":"pa_tur-kitap","8":"pa_yayinevi-bilge-budun-yayinlari","9":"pa_yazar-ismail-ozmel","11":"first","12":"instock","13":"sale","14":"shipping-taxable","15":"purchasable","16":"product-type-simple"},"_links":{"self":[{"href":"https:\/\/roveyayinevi.com.tr\/index.php\/wp-json\/wp\/v2\/product\/768449","targetHints":{"allow":["GET"]}}],"collection":[{"href":"https:\/\/roveyayinevi.com.tr\/index.php\/wp-json\/wp\/v2\/product"}],"about":[{"href":"https:\/\/roveyayinevi.com.tr\/index.php\/wp-json\/wp\/v2\/types\/product"}],"wp:attachment":[{"href":"https:\/\/roveyayinevi.com.tr\/index.php\/wp-json\/wp\/v2\/media?parent=768449"}],"wp:term":[{"taxonomy":"product_brand","embeddable":true,"href":"https:\/\/roveyayinevi.com.tr\/index.php\/wp-json\/wp\/v2\/product_brand?post=768449"},{"taxonomy":"product_cat","embeddable":true,"href":"https:\/\/roveyayinevi.com.tr\/index.php\/wp-json\/wp\/v2\/product_cat?post=768449"},{"taxonomy":"product_tag","embeddable":true,"href":"https:\/\/roveyayinevi.com.tr\/index.php\/wp-json\/wp\/v2\/product_tag?post=768449"}],"curies":[{"name":"wp","href":"https:\/\/api.w.org\/{rel}","templated":true}]}}