{"id":768448,"date":"2025-08-28T13:21:29","date_gmt":"2025-08-28T10:21:29","guid":{"rendered":"https:\/\/roveyayinevi.com.tr\/index.php\/urun\/put-suretleri\/"},"modified":"2026-04-15T03:34:09","modified_gmt":"2026-04-15T00:34:09","slug":"put-suretleri","status":"publish","type":"product","link":"https:\/\/roveyayinevi.com.tr\/index.php\/urun\/put-suretleri\/","title":{"rendered":"Put Suretleri"},"content":{"rendered":"<p>PUT S\u00dbRETLER\u0130 \u0130\u00c7\u0130N \u0130nsan, yarat\u0131l\u0131\u015f gayesine ve Allah\u2019\u0131n adalet d\u00fczenine gittik\u00e7e daha \u00e7ok yabanc\u0131la\u015f\u0131yor. \u0130nsan, art\u0131k akl-\u0131 selim, kalb-i selim ve zevk-i selim f\u0131trat \u00fc\u00e7geninin kalbindeki mahiyetinden \u00e7ok akl\u0131 t\u00fcketim, kalbi rezalet ve zevki sefalet kuyular\u0131nda debeleniyor. \u0130nsan, g\u00fczeli arama pe\u015finde mutlak g\u00fczelli\u011fi idrakten yoksun, kendi varl\u0131\u011f\u0131n\u0131n deruni ilminden kopuk ya\u015farken her g\u00fcn etraf\u0131ndaki putlara giderek al\u0131\u015farak kalbine d\u00f6nmeyi unutuyor. Bir ba\u015fka ifadeyle insan hakikat kar\u015f\u0131s\u0131nda gafil, g\u00fczellik kar\u015f\u0131s\u0131nda alil, insaniyet kar\u015f\u0131s\u0131nda ise zelil \u00fczerine nice pisliklerin ya\u011fmas\u0131n\u0131 bekliyor. \u0130nsan, Y\u00fcce Allah\u2019\u0131n zerreden k\u00fcrreye kadar her varl\u0131\u011f\u0131 en g\u00fczel \u015fekilde yaratma ilmini unutup kendine yeni varl\u0131klar edinip bunlar\u0131 put haline getirdik\u00e7e bu gaflet ve h\u0131yanet uykusuna Mel\u00e2m\u00ee bir tav\u0131r gerekiyor. Madem insan kendini k\u0131namak i\u00e7in bu kadar cesur de\u011fil, onu buna sevk etmenin \u015fiirsel bir yolu varsa bu kitap bu insiyak ve hassasiyetle yaz\u0131ld\u0131. Birinci k\u0131s\u0131m imgesel boyutlara daha fazla yaslanarak insan\u0131n karanl\u0131k dehlizlerindeki kaosu \u00e7ok par\u00e7al\u0131 bir bi\u00e7emle ironik bir havaya b\u00fcr\u00fcnd\u00fcrme yolunu takip etmektedir. \u0130kinci k\u0131s\u0131m ise birinci k\u0131s\u0131mdaki bu ironik ve imgesel \u00f6r\u00fcnt\u00fclerin bireysel ve toplumsal d\u00fczeydeki foto\u011fraflar\u0131ndan m\u00fcte\u015fekkildir. <\/p>\n","protected":false},"excerpt":{"rendered":"<p>PUT S\u00dbRETLER\u0130 \u0130\u00c7\u0130N \u0130nsan, yarat\u0131l\u0131\u015f gayesine ve Allah\u2019\u0131n adalet d\u00fczenine gittik\u00e7e daha \u00e7ok yabanc\u0131la\u015f\u0131yor. \u0130nsan, art\u0131k akl-\u0131 selim, kalb-i selim ve zevk-i selim f\u0131trat \u00fc\u00e7geninin kalbindeki<span class=\"excerpt-hellip\"> [\u2026]<\/span><\/p>\n","protected":false},"featured_media":0,"template":"","meta":{"_monsterinsights_skip_tracking":false,"_monsterinsights_sitenote_active":false,"_monsterinsights_sitenote_note":"","_monsterinsights_sitenote_category":0},"product_brand":[],"product_cat":[12291,12509],"product_tag":[],"class_list":{"0":"post-768448","1":"product","2":"type-product","3":"status-publish","5":"product_cat-edebiyat","6":"product_cat-siir","7":"pa_cilt-ciltsiz","8":"pa_tur-kitap","9":"pa_yayinevi-kamutay-yayinlari","10":"pa_yazar-ertan-alp","12":"first","13":"instock","14":"sale","15":"shipping-taxable","16":"purchasable","17":"product-type-simple"},"_links":{"self":[{"href":"https:\/\/roveyayinevi.com.tr\/index.php\/wp-json\/wp\/v2\/product\/768448","targetHints":{"allow":["GET"]}}],"collection":[{"href":"https:\/\/roveyayinevi.com.tr\/index.php\/wp-json\/wp\/v2\/product"}],"about":[{"href":"https:\/\/roveyayinevi.com.tr\/index.php\/wp-json\/wp\/v2\/types\/product"}],"wp:attachment":[{"href":"https:\/\/roveyayinevi.com.tr\/index.php\/wp-json\/wp\/v2\/media?parent=768448"}],"wp:term":[{"taxonomy":"product_brand","embeddable":true,"href":"https:\/\/roveyayinevi.com.tr\/index.php\/wp-json\/wp\/v2\/product_brand?post=768448"},{"taxonomy":"product_cat","embeddable":true,"href":"https:\/\/roveyayinevi.com.tr\/index.php\/wp-json\/wp\/v2\/product_cat?post=768448"},{"taxonomy":"product_tag","embeddable":true,"href":"https:\/\/roveyayinevi.com.tr\/index.php\/wp-json\/wp\/v2\/product_tag?post=768448"}],"curies":[{"name":"wp","href":"https:\/\/api.w.org\/{rel}","templated":true}]}}