{"id":768447,"date":"2025-08-28T13:21:27","date_gmt":"2025-08-28T10:21:27","guid":{"rendered":"https:\/\/roveyayinevi.com.tr\/index.php\/urun\/bedenimin-bildikleri\/"},"modified":"2026-04-15T03:34:09","modified_gmt":"2026-04-15T00:34:09","slug":"bedenimin-bildikleri","status":"publish","type":"product","link":"https:\/\/roveyayinevi.com.tr\/index.php\/urun\/bedenimin-bildikleri\/","title":{"rendered":"Bedenimin Bildikleri"},"content":{"rendered":"<p>\u201cV\u00fccudumdaki her h\u00fccre travma ku\u015faklar\u0131n\u0131n, \u00f6l\u00fcm\u00fcn, do\u011fumun, g\u00f6\u00e7\u00fcn, anlayamad\u0131\u011f\u0131m tarihin kodlar\u0131yla dolu&#8230; Bedenimin Bildikleri i\u00e7in kelimelerim olsun istiyorum.\u201d Otuz ya\u015f\u0131na geldi\u011finde Stephanie Foo k\u00e2\u011f\u0131t \u00fczerinde olduk\u00e7a ba\u015far\u0131l\u0131yd\u0131: \u00d6d\u00fcll\u00fc bir radyo yap\u0131mc\u0131s\u0131 olarak hayalindeki i\u015fi ve sevgi dolu bir erkek arkada\u015f\u0131 vard\u0131. Ancak yaln\u0131z kald\u0131\u011f\u0131nda panik atak ge\u00e7iriyor ve her sabah masas\u0131nda h\u0131\u00e7k\u0131ra h\u0131\u00e7k\u0131ra a\u011fl\u0131yordu. Y\u0131llarca sorunun kayna\u011f\u0131n\u0131 sorgulad\u0131ktan sonra kendisine karma\u015f\u0131k TSSB te\u015fhisi kondu: travma y\u0131llar boyunca s\u00fcrekli olarak ger\u00e7ekle\u015fti\u011finde ortaya \u00e7\u0131kan bir durum.   Foo\u2019nun ebeveyni ona y\u0131llarca fiziksel ve s\u00f6zl\u00fc tacizde bulunmu\u015f, ard\u0131ndan ergenlik \u00e7a\u011f\u0131ndayken onu terk etmi\u015fti. Bunlar geride kald\u0131\u011f\u0131nda hayat\u0131n\u0131n normale d\u00f6nd\u00fc\u011f\u00fcn\u00fc d\u00fc\u015f\u00fcn\u00fcyordu, ancak kendisine konulan yeni te\u015fhisle beraber ge\u00e7mi\u015finin sa\u011fl\u0131\u011f\u0131n\u0131, ili\u015fkilerini ve kariyerini nas\u0131l tehdit etmeye devam etti\u011fini ortaya koydu. Kendisine yard\u0131m edecek s\u0131n\u0131rl\u0131 kaynak buldu, bu y\u00fczden Foo kendini iyile\u015ftirmek ve deneyimlerini payla\u015fmak i\u00e7in bu yola \u00e7\u0131kt\u0131. Bu son derece ki\u015fisel ve derinlemesine ara\u015ft\u0131r\u0131lm\u0131\u015f hik\u00e2yede Foo, bilim insanlar\u0131 ve psikologlarla g\u00f6r\u00fc\u015f\u00fcyor ve \u00e7e\u015fitli yenilik\u00e7i terapileri deniyor. G\u00f6\u00e7men travmas\u0131n\u0131n toplum \u00fczerindeki etkilerini ara\u015ft\u0131rmak i\u00e7in memleketi San Jose, Kaliforniya\u2019ya d\u00f6n\u00fcyor ve travman\u0131n nesiller boyunca nas\u0131l miras kalabilece\u011fini \u00f6\u011frenmek i\u00e7in do\u011fdu\u011fu \u00fclke olan Malezya\u2019daki aile s\u0131rlar\u0131n\u0131 ortaya \u00e7\u0131kar\u0131yor. Nihayetinde, travmadan kurtulamayaca\u011f\u0131n\u0131 ama onunla birlikte hareket etmeyi \u00f6\u011frenebilece\u011fini ke\u015ffediyor.   G\u00fc\u00e7l\u00fc, ilham verici ve umut dolu Bedenimin Bildikleri, ge\u00e7mi\u015fin \u015fimdi \u00fczerindeki ve zihnin beden \u00fczerindeki h\u00e2kimiyetiyle hesapla\u015fan ayr\u0131ca bir kad\u0131n\u0131n travmas\u0131ndan kurtulma becerisini inceleyen cesur bir anlat\u0131. \u2018\u2019Harikulade bir kitap.\u201d \u2014ED YONG \u201cS\u00fcr\u00fckleyici&#8230; Derinden etkileyici.\u201d \u2014THE NEW YORK TIMES \u2018\u2019Hayat de\u011fi\u015ftiren bir kitap.\u201d \u2014ESM\u00c9 WEIJUN WANG <\/p>\n","protected":false},"excerpt":{"rendered":"<p>\u201cV\u00fccudumdaki her h\u00fccre travma ku\u015faklar\u0131n\u0131n, \u00f6l\u00fcm\u00fcn, do\u011fumun, g\u00f6\u00e7\u00fcn, anlayamad\u0131\u011f\u0131m tarihin kodlar\u0131yla dolu&#8230; Bedenimin Bildikleri i\u00e7in kelimelerim olsun istiyorum.\u201d Otuz ya\u015f\u0131na geldi\u011finde Stephanie Foo k\u00e2\u011f\u0131t \u00fczerinde olduk\u00e7a<span class=\"excerpt-hellip\"> [\u2026]<\/span><\/p>\n","protected":false},"featured_media":0,"template":"","meta":{"_monsterinsights_skip_tracking":false,"_monsterinsights_sitenote_active":false,"_monsterinsights_sitenote_note":"","_monsterinsights_sitenote_category":0},"product_brand":[],"product_cat":[12358,12357],"product_tag":[],"class_list":{"0":"post-768447","1":"product","2":"type-product","3":"status-publish","5":"product_cat-genel-psikoloji","6":"product_cat-psikoloji","7":"pa_cilt-ciltsiz","8":"pa_tur-kitap","9":"pa_yayinevi-mona-kitap","10":"pa_yazar-stephanie-foo","12":"first","13":"instock","14":"sale","15":"shipping-taxable","16":"purchasable","17":"product-type-simple"},"_links":{"self":[{"href":"https:\/\/roveyayinevi.com.tr\/index.php\/wp-json\/wp\/v2\/product\/768447","targetHints":{"allow":["GET"]}}],"collection":[{"href":"https:\/\/roveyayinevi.com.tr\/index.php\/wp-json\/wp\/v2\/product"}],"about":[{"href":"https:\/\/roveyayinevi.com.tr\/index.php\/wp-json\/wp\/v2\/types\/product"}],"wp:attachment":[{"href":"https:\/\/roveyayinevi.com.tr\/index.php\/wp-json\/wp\/v2\/media?parent=768447"}],"wp:term":[{"taxonomy":"product_brand","embeddable":true,"href":"https:\/\/roveyayinevi.com.tr\/index.php\/wp-json\/wp\/v2\/product_brand?post=768447"},{"taxonomy":"product_cat","embeddable":true,"href":"https:\/\/roveyayinevi.com.tr\/index.php\/wp-json\/wp\/v2\/product_cat?post=768447"},{"taxonomy":"product_tag","embeddable":true,"href":"https:\/\/roveyayinevi.com.tr\/index.php\/wp-json\/wp\/v2\/product_tag?post=768447"}],"curies":[{"name":"wp","href":"https:\/\/api.w.org\/{rel}","templated":true}]}}