{"id":768442,"date":"2025-08-28T13:21:19","date_gmt":"2025-08-28T10:21:19","guid":{"rendered":"https:\/\/roveyayinevi.com.tr\/index.php\/urun\/bir-daha-bak-hep-orada-olani-fark-etmenin-gucu\/"},"modified":"2026-04-15T03:34:09","modified_gmt":"2026-04-15T00:34:09","slug":"bir-daha-bak-hep-orada-olani-fark-etmenin-gucu","status":"publish","type":"product","link":"https:\/\/roveyayinevi.com.tr\/index.php\/urun\/bir-daha-bak-hep-orada-olani-fark-etmenin-gucu\/","title":{"rendered":"Bir Daha Bak: Hep Orada Olan\u0131 Fark Etmenin G\u00fcc\u00fc"},"content":{"rendered":"<p>Ba\u015fkalar\u0131n\u0131n Akl\u0131 ile D\u00fcrtme kitaplar\u0131n\u0131n yazarlar\u0131ndan\u2026 Hayat\u0131n\u0131z\u0131n en g\u00fczel g\u00fcn\u00fc hangisiydi? Peki o g\u00fcn\u00fc tekrar tekrar ya\u015fasan\u0131z sizce nas\u0131l hissederdiniz? Muhtemelen giderek anlam\u0131n\u0131 yitirirdi. B\u00f6yleyiz&#8230; Hafta ba\u015f\u0131nda bizi heyecanland\u0131ran \u015fey hafta sonu geldi\u011finde s\u0131kar. Bir zamanlar nefes kesici buldu\u011fumuz ili\u015fkiler, i\u015fler, \u015fark\u0131lar, sanat eserleri bir s\u00fcre sonra \u0131\u015f\u0131lt\u0131s\u0131n\u0131 kaybeder. \u0130nsan al\u0131\u015f\u0131r ve iyi \u015feyleri fark etmemeye ba\u015flar. Tabii k\u00f6t\u00fc olanlar\u0131 da: Kirli havaya al\u0131\u015f\u0131r, kendisine zarar veren ili\u015fkileri s\u00fcrd\u00fcr\u00fcr, hatal\u0131 davran\u0131\u015flara kar\u015f\u0131 kay\u0131ts\u0131zla\u015f\u0131r, e\u015fitsizli\u011fe kar\u015f\u0131 k\u00f6rle\u015fir. Peki ya her \u015feyi yeniden g\u00f6rmenin bir yolunu bulabilseydik? Ya sadece g\u00f6zal\u0131c\u0131 \u015feylere duydu\u011fumuz hayret duygusunu, \u00e7oktand\u0131r g\u00f6z ard\u0131 etti\u011fimiz \u015feylere kar\u015f\u0131 da yeniden kazanabilseydik? Davran\u0131\u015f bilimi alan\u0131ndaki iki m\u00fcthi\u015f zihnin i\u015fbirli\u011fiyle ortaya \u00e7\u0131kan Bir Daha Bak, rutinlerimizi bozman\u0131n beyni nas\u0131l s\u0131f\u0131rlayabilece\u011fini ve b\u00f6ylece g\u00fcnlerimizi yeniden ye\u015fertip, daha mutlu ve tatmin edici hayatlar ya\u015famam\u0131z\u0131 sa\u011flayabilece\u011fini g\u00f6steren \u00e7\u0131\u011f\u0131r a\u00e7\u0131c\u0131 bir \u00e7al\u0131\u015fma. \u201cLeonardo da Vinci\u2019den Albert Einstein\u2019a t\u00fcm yarat\u0131c\u0131 d\u00fc\u015f\u00fcn\u00fcrlerin ortak \u00f6zelli\u011fi, \u00e7o\u011fu insan\u0131n k\u00f6rle\u015fti\u011fi g\u00fcndelik \u015feyleri farkl\u0131 g\u00f6zle g\u00f6r\u00fcp hayret edebilmeleridir: mavi g\u00f6ky\u00fcz\u00fc, zaman\u0131n ge\u00e7i\u015fi, \u0131\u015f\u0131k huzmesinin bir yaprak \u00fczerinde yaratt\u0131\u011f\u0131 parlakl\u0131k&#8230; Bir Daha Bak, etraf\u0131m\u0131zdaki \u015feylere yeni bir g\u00f6zle bakmam\u0131za, hayat\u0131m\u0131z\u0131 yeniden canland\u0131rmam\u0131za yard\u0131mc\u0131 olabilecek de\u011ferli bir yol.\u201d \u2013WALTER ISAACSON \u201cEsenlikli bir hayat s\u00fcrmenin yollar\u0131n\u0131 g\u00f6steren muhte\u015fem bir rehber.\u201d \u2013ANGELA DUCKWORTH <\/p>\n","protected":false},"excerpt":{"rendered":"<p>Ba\u015fkalar\u0131n\u0131n Akl\u0131 ile D\u00fcrtme kitaplar\u0131n\u0131n yazarlar\u0131ndan\u2026 Hayat\u0131n\u0131z\u0131n en g\u00fczel g\u00fcn\u00fc hangisiydi? Peki o g\u00fcn\u00fc tekrar tekrar ya\u015fasan\u0131z sizce nas\u0131l hissederdiniz? Muhtemelen giderek anlam\u0131n\u0131 yitirirdi. B\u00f6yleyiz&#8230; Hafta<span class=\"excerpt-hellip\"> [\u2026]<\/span><\/p>\n","protected":false},"featured_media":0,"template":"","meta":{"_monsterinsights_skip_tracking":false,"_monsterinsights_sitenote_active":false,"_monsterinsights_sitenote_note":"","_monsterinsights_sitenote_category":0},"product_brand":[],"product_cat":[20502,12357],"product_tag":[],"class_list":{"0":"post-768442","1":"product","2":"type-product","3":"status-publish","5":"product_cat-basvuru-kitaplari-psikoloji","6":"product_cat-psikoloji","7":"pa_cilt-ciltsiz","8":"pa_tur-kitap","9":"pa_yayinevi-domingo-yayinevi","10":"pa_yazar-tali-sharot-cass-r-sunstein","12":"first","13":"instock","14":"sale","15":"shipping-taxable","16":"purchasable","17":"product-type-simple"},"_links":{"self":[{"href":"https:\/\/roveyayinevi.com.tr\/index.php\/wp-json\/wp\/v2\/product\/768442","targetHints":{"allow":["GET"]}}],"collection":[{"href":"https:\/\/roveyayinevi.com.tr\/index.php\/wp-json\/wp\/v2\/product"}],"about":[{"href":"https:\/\/roveyayinevi.com.tr\/index.php\/wp-json\/wp\/v2\/types\/product"}],"wp:attachment":[{"href":"https:\/\/roveyayinevi.com.tr\/index.php\/wp-json\/wp\/v2\/media?parent=768442"}],"wp:term":[{"taxonomy":"product_brand","embeddable":true,"href":"https:\/\/roveyayinevi.com.tr\/index.php\/wp-json\/wp\/v2\/product_brand?post=768442"},{"taxonomy":"product_cat","embeddable":true,"href":"https:\/\/roveyayinevi.com.tr\/index.php\/wp-json\/wp\/v2\/product_cat?post=768442"},{"taxonomy":"product_tag","embeddable":true,"href":"https:\/\/roveyayinevi.com.tr\/index.php\/wp-json\/wp\/v2\/product_tag?post=768442"}],"curies":[{"name":"wp","href":"https:\/\/api.w.org\/{rel}","templated":true}]}}