{"id":768441,"date":"2025-08-28T13:21:18","date_gmt":"2025-08-28T10:21:18","guid":{"rendered":"https:\/\/roveyayinevi.com.tr\/index.php\/urun\/bogazici\/"},"modified":"2026-04-15T03:34:09","modified_gmt":"2026-04-15T00:34:09","slug":"bogazici","status":"publish","type":"product","link":"https:\/\/roveyayinevi.com.tr\/index.php\/urun\/bogazici\/","title":{"rendered":"Bo\u011fazi\u00e7i"},"content":{"rendered":"<p>K\u0131y\u0131 boyunca s\u0131ralanan yap\u0131lar\u0131n konumu, mimarisi&#8230; Tan\u0131kl\u0131k ettikleri \u00f6nemli olaylarla Bo\u011fazi\u00e7i\u2019nin renkli panoramas\u0131&#8230; Osmanl\u0131 D\u00f6nemi\u2019nde Bo\u011fazi\u00e7i\u2019nde k\u00f6y yerle\u015fimleri vard\u0131 ancak bunlar\u0131n, kent merkeziyle ba\u011flant\u0131lar\u0131 uzun bir d\u00f6nem zay\u0131f kald\u0131. 19. y\u00fczy\u0131l\u0131n ikinci yar\u0131s\u0131na kadar Bo\u011fazi\u00e7i k\u00f6yleri aras\u0131nda denizden ula\u015f\u0131m da yoktu. Bo\u011faz\u2019da yaln\u0131z saltanat ve bal\u0131k\u00e7\u0131 kay\u0131klar\u0131 g\u00f6r\u00fcl\u00fcrd\u00fc. 1843 y\u0131l\u0131nda Sultan Abd\u00fclmecit, Dolmabah\u00e7e Saray\u0131\u2019n\u0131 in\u015fa ettirdikten sonra Osmanl\u0131 devlet adamlar\u0131n\u0131n neredeyse t\u00fcm\u00fc Bo\u011faz k\u0131y\u0131lar\u0131nda yal\u0131 yapt\u0131rmaya y\u00f6neldi. 1850\u2019li y\u0131llarda ise \u015eirket-i Hayriye\u2019nin kurulmas\u0131yla Bo\u011fazi\u00e7i\u2019nin kaderi de\u011fi\u015fti. Bo\u011faz k\u00f6yleri aras\u0131nda d\u00fczenli seferler yap\u0131lmaya ba\u015fland\u0131. \u0130stanbul halk\u0131 denizle tan\u0131\u015ft\u0131. Bu d\u00f6nemde Osmanl\u0131 yal\u0131 mimarisinin de en g\u00fczel \u00f6rnekleri g\u00f6r\u00fclmeye ba\u015flad\u0131. G\u00fcn\u00fcm\u00fczde Bo\u011fazi\u00e7i\u2019nde 600 civar\u0131nda yal\u0131 bulunuyor. Bunlar\u0131n 320\u2019si K\u00fclt\u00fcr Varl\u0131klar\u0131n\u0131 Koruma B\u00f6lge Kurulunun denetiminde. Rumeli Yakas\u0131\u2019nda 1782\u2019de in\u015fa edilmi\u015f olan Emirg\u00e2n \u015eerifler Yal\u0131s\u0131 ile Anadolu Yakas\u0131\u2019nda 1697\u2019de yapt\u0131r\u0131lan Amcazade H\u00fcseyin Pa\u015fa Yal\u0131s\u0131, Bo\u011fazi\u00e7i\u2019nin ayakta kalan en eski yap\u0131lar\u0131\u2026 Ara\u015ft\u0131rmac\u0131 Mimar Turan Ak\u0131nc\u0131 bu kitapta, Bo\u011fazi\u00e7i\u2019ni yerle\u015fim ve ula\u015f\u0131m a\u00e7\u0131s\u0131ndan ele al\u0131rken ayn\u0131 zamanda, ba\u015fta yal\u0131lar olmak \u00fczere Bo\u011faz k\u0131y\u0131lar\u0131nda yer alan \u00f6nemli tarihi yap\u0131lar\u0131, mimarileri ve tan\u0131kl\u0131k ettikleri \u00f6nemli olaylarla birlikte anlat\u0131yor<\/p>\n","protected":false},"excerpt":{"rendered":"<p>K\u0131y\u0131 boyunca s\u0131ralanan yap\u0131lar\u0131n konumu, mimarisi&#8230; Tan\u0131kl\u0131k ettikleri \u00f6nemli olaylarla Bo\u011fazi\u00e7i\u2019nin renkli panoramas\u0131&#8230; Osmanl\u0131 D\u00f6nemi\u2019nde Bo\u011fazi\u00e7i\u2019nde k\u00f6y yerle\u015fimleri vard\u0131 ancak bunlar\u0131n, kent merkeziyle ba\u011flant\u0131lar\u0131 uzun bir<span class=\"excerpt-hellip\"> [\u2026]<\/span><\/p>\n","protected":false},"featured_media":0,"template":"","meta":{"_monsterinsights_skip_tracking":false,"_monsterinsights_sitenote_active":false,"_monsterinsights_sitenote_note":"","_monsterinsights_sitenote_category":0},"product_brand":[],"product_cat":[12304],"product_tag":[],"class_list":{"0":"post-768441","1":"product","2":"type-product","3":"status-publish","5":"product_cat-tarih","6":"pa_cilt-ciltsiz","7":"pa_tur-kitap","8":"pa_yayinevi-remzi-kitabevi","9":"pa_yazar-turan-akinci","11":"first","12":"instock","13":"sale","14":"shipping-taxable","15":"purchasable","16":"product-type-simple"},"_links":{"self":[{"href":"https:\/\/roveyayinevi.com.tr\/index.php\/wp-json\/wp\/v2\/product\/768441","targetHints":{"allow":["GET"]}}],"collection":[{"href":"https:\/\/roveyayinevi.com.tr\/index.php\/wp-json\/wp\/v2\/product"}],"about":[{"href":"https:\/\/roveyayinevi.com.tr\/index.php\/wp-json\/wp\/v2\/types\/product"}],"wp:attachment":[{"href":"https:\/\/roveyayinevi.com.tr\/index.php\/wp-json\/wp\/v2\/media?parent=768441"}],"wp:term":[{"taxonomy":"product_brand","embeddable":true,"href":"https:\/\/roveyayinevi.com.tr\/index.php\/wp-json\/wp\/v2\/product_brand?post=768441"},{"taxonomy":"product_cat","embeddable":true,"href":"https:\/\/roveyayinevi.com.tr\/index.php\/wp-json\/wp\/v2\/product_cat?post=768441"},{"taxonomy":"product_tag","embeddable":true,"href":"https:\/\/roveyayinevi.com.tr\/index.php\/wp-json\/wp\/v2\/product_tag?post=768441"}],"curies":[{"name":"wp","href":"https:\/\/api.w.org\/{rel}","templated":true}]}}