{"id":768439,"date":"2025-08-28T13:21:14","date_gmt":"2025-08-28T10:21:14","guid":{"rendered":"https:\/\/roveyayinevi.com.tr\/index.php\/urun\/22-tur\/"},"modified":"2025-09-21T20:09:15","modified_gmt":"2025-09-21T17:09:15","slug":"22-tur","status":"publish","type":"product","link":"https:\/\/roveyayinevi.com.tr\/index.php\/urun\/22-tur\/","title":{"rendered":"22 Tur"},"content":{"rendered":"<p>Tilda, matemati\u011fi ve y\u00fczmeyi seviyor ama her \u015feyden \u00e7ok, reng\u00e2renk giyinen, hayalperest k\u00fc\u00e7\u00fck k\u0131z karde\u015fi Ida\u2019y\u0131 seviyor. Annesi alkolik, babas\u0131 ise uzun zaman \u00f6nce evi terk etmi\u015f. G\u00fcnleri \u00fcniversitedeki e\u011fitimi, s\u00fcpermarketteki kasiyerlik g\u00f6revi, ev i\u015fleri, on ya\u015f\u0131ndaki k\u0131z karde\u015fiyle ilgili sorumluluklar\u0131 ve ya\u011fmurlu havalarda gitti\u011fi havuzdaki y\u00fczme seanslar\u0131 aras\u0131nda ge\u00e7iyor. Tilda her seferinde 22 tur at\u0131yor, ne bir eksik ne bir fazla, hi\u00e7 ara vermeden.   Ancak Berlin\u2019de doktora yapma f\u0131rsat\u0131 sunulmas\u0131yla i\u015fler de\u011fi\u015fmeye ba\u015fl\u0131yor. O, bir se\u00e7im yapmak zorunda: Bir yanda \u00f6zg\u00fcrl\u00fck ve ba\u015far\u0131 dolu bir gelecek, di\u011fer yanda sorumsuz annesiyle yaln\u0131z kalacak olan k\u00fc\u00e7\u00fck k\u0131z karde\u015fi. Tilda t\u00fcm bu duygusal karma\u015fayla bo\u011fu\u015furken bir g\u00fcn havuzda birini fark ediyor. Kendisi gibi 22 tur y\u00fczen birini. \u00dc\u00e7\u00fcn\u00fcn de hayat\u0131n\u0131 de\u011fi\u015ftirecek olan Viktor\u2019u. O andan sonra hi\u00e7bir \u015fey eskisi gibi olmuyor.   22 Tur, ailedeki tahribat\u0131n sonu\u00e7lar\u0131n\u0131, sorumluluk ile \u00f6zg\u00fcrl\u00fck aras\u0131nda mutlulu\u011fun nas\u0131l bulunaca\u011f\u0131n\u0131 anlatan sert ama bir o kadar da etkileyici bir hik\u00e2ye.     Der Spiegel \u00c7ok Satanlar Listesi &#8211; 4 \u00d6d\u00fcl &#8211; 500 Bin Sat\u0131\u015f Rakam\u0131     \u201cCaroline Wahl; g\u00fcnl\u00fck hayattaki \u00f6zel anlar\u0131, ac\u0131lardaki o rahatlat\u0131c\u0131 anlar\u0131 buluyor. \u0130nsan\u0131n arkada\u015f olmak isteyece\u011fi t\u00fcrden dokunakl\u0131 ve inceliklerle dolu bir kitap.\u201d &#8211; Benedict Wells   \u201cHem i\u00e7ten hem ac\u0131mas\u0131z hem de ger\u00e7ekten \u00e7ok g\u00fczel.\u201d &#8211; Alina Bronsky   \u201c\u00c7ok g\u00fczel yaz\u0131lm\u0131\u015f, \u00e7ok s\u00fcr\u00fckleyici&#8230; \u00c7ok \u00f6zg\u00fcn, \u00e7ok yo\u011fun, \u00e7ok samimi bir kitap. Okumaktan inan\u0131lmaz keyif ald\u0131m.\u201d &#8211; Elke Heidenreich, Spiegel.de <\/p>\n","protected":false},"excerpt":{"rendered":"<p>Tilda, matemati\u011fi ve y\u00fczmeyi seviyor ama her \u015feyden \u00e7ok, reng\u00e2renk giyinen, hayalperest k\u00fc\u00e7\u00fck k\u0131z karde\u015fi Ida\u2019y\u0131 seviyor. Annesi alkolik, babas\u0131 ise uzun zaman \u00f6nce evi terk<span class=\"excerpt-hellip\"> [\u2026]<\/span><\/p>\n","protected":false},"featured_media":0,"template":"","meta":{"_monsterinsights_skip_tracking":false,"_monsterinsights_sitenote_active":false,"_monsterinsights_sitenote_note":"","_monsterinsights_sitenote_category":0},"product_brand":[],"product_cat":[12291,12711],"product_tag":[],"class_list":{"0":"post-768439","1":"product","2":"type-product","3":"status-publish","5":"product_cat-edebiyat","6":"product_cat-roman-oyku","7":"pa_cilt-ciltsiz","8":"pa_tur-kitap","9":"pa_yayinevi-yan-pasaj-yayinevi","10":"pa_yazar-caroline-wahl","12":"first","13":"instock","14":"sale","15":"shipping-taxable","16":"purchasable","17":"product-type-simple"},"_links":{"self":[{"href":"https:\/\/roveyayinevi.com.tr\/index.php\/wp-json\/wp\/v2\/product\/768439","targetHints":{"allow":["GET"]}}],"collection":[{"href":"https:\/\/roveyayinevi.com.tr\/index.php\/wp-json\/wp\/v2\/product"}],"about":[{"href":"https:\/\/roveyayinevi.com.tr\/index.php\/wp-json\/wp\/v2\/types\/product"}],"wp:attachment":[{"href":"https:\/\/roveyayinevi.com.tr\/index.php\/wp-json\/wp\/v2\/media?parent=768439"}],"wp:term":[{"taxonomy":"product_brand","embeddable":true,"href":"https:\/\/roveyayinevi.com.tr\/index.php\/wp-json\/wp\/v2\/product_brand?post=768439"},{"taxonomy":"product_cat","embeddable":true,"href":"https:\/\/roveyayinevi.com.tr\/index.php\/wp-json\/wp\/v2\/product_cat?post=768439"},{"taxonomy":"product_tag","embeddable":true,"href":"https:\/\/roveyayinevi.com.tr\/index.php\/wp-json\/wp\/v2\/product_tag?post=768439"}],"curies":[{"name":"wp","href":"https:\/\/api.w.org\/{rel}","templated":true}]}}