{"id":768437,"date":"2025-08-28T13:21:10","date_gmt":"2025-08-28T10:21:10","guid":{"rendered":"https:\/\/roveyayinevi.com.tr\/index.php\/urun\/maya-uygarligindaki-gunluk-hayat\/"},"modified":"2026-04-15T03:34:09","modified_gmt":"2026-04-15T00:34:09","slug":"maya-uygarligindaki-gunluk-hayat","status":"publish","type":"product","link":"https:\/\/roveyayinevi.com.tr\/index.php\/urun\/maya-uygarligindaki-gunluk-hayat\/","title":{"rendered":"Maya Uygarl\u0131\u011f\u0131ndaki G\u00fcnl\u00fck Hayat"},"content":{"rendered":"<p>Elinizdeki kitap en erken d\u00f6nemlerinden 16. y\u00fczy\u0131ldaki \u0130spanyol fethine kadar Maya uygarl\u0131\u011f\u0131ndaki g\u00fcnl\u00fck hayat\u0131 g\u00f6zler \u00f6n\u00fcne sermektedir. Maya siyasi ya\u015fam\u0131, ekonomisi, sosyal yap\u0131s\u0131, dini, yaz\u0131s\u0131, sava\u015f\u0131 ve bilimsel y\u00f6ntemleri a\u00e7\u0131klanmaktad\u0131r. Okurlar Maya takvimini, sayma sistemini, avlanma ve toplama y\u00f6ntemlerini, dilini, aile rollerini ve ili\u015fkilerini ke\u015ffedecekler. En son arkeolojik ara\u015ft\u0131rmalara dayanarak g\u00f6zden ge\u00e7irilen bu bask\u0131da yeni yorumlar sunuluyor ve pop\u00fcler yanl\u0131\u015f anlamalar\u0131 d\u00fczeltiliyor ve Mayalar\u0131n \u00e7evrelerine nas\u0131l uyum sa\u011flad\u0131klar\u0131 ve binlerce y\u0131l boyunca k\u00fclt\u00fcrlerini ve dillerini nas\u0131l koruduklar\u0131 g\u00f6steriliyor. Bir\u00e7o\u011fu yeni arkeolojik alanlardan olmak \u00fczere 60&#8217;\u0131n \u00fczerinde foto\u011fraf ve ill\u00fcstrasyon kitab\u0131 zenginle\u015ftiriyor. Son b\u00f6l\u00fcm\u00fc, Maya uygarl\u0131\u011f\u0131n\u0131n bug\u00fcn bizim i\u00e7in ne anlama geldi\u011fini ve Maya ba\u015far\u0131lar\u0131ndan ve ba\u015far\u0131s\u0131zl\u0131klar\u0131ndan neler \u00f6\u011frenebilece\u011fimizi tart\u0131\u015f\u0131yor.<\/p>\n","protected":false},"excerpt":{"rendered":"<p>Elinizdeki kitap en erken d\u00f6nemlerinden 16. y\u00fczy\u0131ldaki \u0130spanyol fethine kadar Maya uygarl\u0131\u011f\u0131ndaki g\u00fcnl\u00fck hayat\u0131 g\u00f6zler \u00f6n\u00fcne sermektedir. Maya siyasi ya\u015fam\u0131, ekonomisi, sosyal yap\u0131s\u0131, dini, yaz\u0131s\u0131, sava\u015f\u0131<span class=\"excerpt-hellip\"> [\u2026]<\/span><\/p>\n","protected":false},"featured_media":0,"template":"","meta":{"_monsterinsights_skip_tracking":false,"_monsterinsights_sitenote_active":false,"_monsterinsights_sitenote_note":"","_monsterinsights_sitenote_category":0},"product_brand":[],"product_cat":[12370,12304],"product_tag":[],"class_list":{"0":"post-768437","1":"product","2":"type-product","3":"status-publish","5":"product_cat-arastirma-inceleme","6":"product_cat-tarih","7":"pa_cilt-ciltsiz","8":"pa_tur-kitap","9":"pa_yayinevi-alfa-yayinlari","10":"pa_yazar-robert-j-sharer","12":"first","13":"instock","14":"sale","15":"shipping-taxable","16":"purchasable","17":"product-type-simple"},"_links":{"self":[{"href":"https:\/\/roveyayinevi.com.tr\/index.php\/wp-json\/wp\/v2\/product\/768437","targetHints":{"allow":["GET"]}}],"collection":[{"href":"https:\/\/roveyayinevi.com.tr\/index.php\/wp-json\/wp\/v2\/product"}],"about":[{"href":"https:\/\/roveyayinevi.com.tr\/index.php\/wp-json\/wp\/v2\/types\/product"}],"wp:attachment":[{"href":"https:\/\/roveyayinevi.com.tr\/index.php\/wp-json\/wp\/v2\/media?parent=768437"}],"wp:term":[{"taxonomy":"product_brand","embeddable":true,"href":"https:\/\/roveyayinevi.com.tr\/index.php\/wp-json\/wp\/v2\/product_brand?post=768437"},{"taxonomy":"product_cat","embeddable":true,"href":"https:\/\/roveyayinevi.com.tr\/index.php\/wp-json\/wp\/v2\/product_cat?post=768437"},{"taxonomy":"product_tag","embeddable":true,"href":"https:\/\/roveyayinevi.com.tr\/index.php\/wp-json\/wp\/v2\/product_tag?post=768437"}],"curies":[{"name":"wp","href":"https:\/\/api.w.org\/{rel}","templated":true}]}}