{"id":768436,"date":"2025-08-28T13:21:08","date_gmt":"2025-08-28T10:21:08","guid":{"rendered":"https:\/\/roveyayinevi.com.tr\/index.php\/urun\/donus-plani\/"},"modified":"2026-04-15T03:34:09","modified_gmt":"2026-04-15T00:34:09","slug":"donus-plani","status":"publish","type":"product","link":"https:\/\/roveyayinevi.com.tr\/index.php\/urun\/donus-plani\/","title":{"rendered":"D\u00f6n\u00fc\u015f Plan\u0131"},"content":{"rendered":"<p>S\u0131n\u0131f arkada\u015flar\u0131n\u0131zla \u00e7\u0131kt\u0131\u011f\u0131n\u0131z gezide \u201cyanl\u0131\u015fl\u0131kla\u201d gizemli bir ge\u00e7idin kap\u0131s\u0131n\u0131 a\u00e7\u0131p \u0131ss\u0131z bir adaya d\u00fc\u015fseydiniz ne yapard\u0131n\u0131z?   Ka\u00e7\u0131\u015f Plan\u0131 adl\u0131 maceras\u0131yla tan\u0131y\u0131p \u00e7ok sevdi\u011fimiz Bur\u00e7in\u2019in ba\u015f\u0131na gelen tam da bu!   Ailesinin tayini \u00e7\u0131k\u0131nca Afyon\u2019a yerle\u015fen Bur\u00e7in, yeni okulu ve arkada\u015flar\u0131na al\u0131\u015fmaya \u00e7al\u0131\u015f\u0131rken bir yandan da o g\u00fcne dek hi\u00e7 yapmad\u0131\u011f\u0131 \u015feyleri \u00f6\u011frenme tela\u015f\u0131ndad\u0131r. Mesela \u00fc\u00e7 yerine iki teker \u00fczerinde bisiklet s\u00fcrmeyi ve ip atlama konusunda ki yeteneklerini geli\u015ftirmeyi ba\u015farmas\u0131 \u015fartt\u0131r art\u0131k&#8230; G\u00fcnden g\u00fcne hem yeni dostlar\u0131na hem de yeni hayat\u0131na al\u0131\u015f\u0131rken s\u0131n\u0131f\u00e7a bir geziye \u00e7\u0131karlar. Gittikleri m\u00fczenin bah\u00e7esindeki gizemli bir ta\u015fa alt\u0131 arkada\u015f, hep birlikte dokunduklar\u0131 an \u00e7ok tuhaf bir \u015fey olur ve kendilerini \u0131ss\u0131z bir adada bulurlar. \u0130lk bak\u0131\u015fta her \u015fey harikad\u0131r; bu ada, k\u00fc\u00e7\u00fck \u00e7ocuklar\u0131n \u00f6zg\u00fcr olabilece\u011fi bir cennet gibi g\u00f6r\u00fcn\u00fcr g\u00f6zlerine. Ancak \u00e7ok ge\u00e7meden kar\u0131nlar\u0131n\u0131 doyurmak, hava ko\u015fullar\u0131ndan korunmak ve adan\u0131n a\u011fa\u00e7lar\u0131 aras\u0131na gizlenmi\u015f binbir tehlikeyle m\u00fccadele etmek zorunda kalacaklard\u0131r. Onlar\u0131 adaya getiren ge\u00e7idi kaybettiklerini fark ettiklerindeyse ihtiya\u00e7 duyduklar\u0131 en \u00f6nemli \u015feyin ne oldu\u011funu anlarlar: Eve d\u00f6n\u00fc\u015f plan\u0131!   Asl\u0131 Perker\u2019in muazzam hayal g\u00fcc\u00fcyle dokunmu\u015f bu kitap, sizi  bitmesini istemeyece\u011finiz m\u00fcthi\u015f bir maceraya davet ediyor! <\/p>\n","protected":false},"excerpt":{"rendered":"<p>S\u0131n\u0131f arkada\u015flar\u0131n\u0131zla \u00e7\u0131kt\u0131\u011f\u0131n\u0131z gezide \u201cyanl\u0131\u015fl\u0131kla\u201d gizemli bir ge\u00e7idin kap\u0131s\u0131n\u0131 a\u00e7\u0131p \u0131ss\u0131z bir adaya d\u00fc\u015fseydiniz ne yapard\u0131n\u0131z? Ka\u00e7\u0131\u015f Plan\u0131 adl\u0131 maceras\u0131yla tan\u0131y\u0131p \u00e7ok sevdi\u011fimiz Bur\u00e7in\u2019in ba\u015f\u0131na gelen<span class=\"excerpt-hellip\"> [\u2026]<\/span><\/p>\n","protected":false},"featured_media":0,"template":"","meta":{"_monsterinsights_skip_tracking":false,"_monsterinsights_sitenote_active":false,"_monsterinsights_sitenote_note":"","_monsterinsights_sitenote_category":0},"product_brand":[],"product_cat":[12274,12284],"product_tag":[],"class_list":{"0":"post-768436","1":"product","2":"type-product","3":"status-publish","5":"product_cat-cocuk-ve-genclik-kitaplari","6":"product_cat-hikayeler","7":"pa_cilt-ciltsiz","8":"pa_tur-kitap","9":"pa_yayinevi-epsilon-yayinlari","10":"pa_yazar-asli-perker","12":"first","13":"instock","14":"sale","15":"shipping-taxable","16":"purchasable","17":"product-type-simple"},"_links":{"self":[{"href":"https:\/\/roveyayinevi.com.tr\/index.php\/wp-json\/wp\/v2\/product\/768436","targetHints":{"allow":["GET"]}}],"collection":[{"href":"https:\/\/roveyayinevi.com.tr\/index.php\/wp-json\/wp\/v2\/product"}],"about":[{"href":"https:\/\/roveyayinevi.com.tr\/index.php\/wp-json\/wp\/v2\/types\/product"}],"wp:attachment":[{"href":"https:\/\/roveyayinevi.com.tr\/index.php\/wp-json\/wp\/v2\/media?parent=768436"}],"wp:term":[{"taxonomy":"product_brand","embeddable":true,"href":"https:\/\/roveyayinevi.com.tr\/index.php\/wp-json\/wp\/v2\/product_brand?post=768436"},{"taxonomy":"product_cat","embeddable":true,"href":"https:\/\/roveyayinevi.com.tr\/index.php\/wp-json\/wp\/v2\/product_cat?post=768436"},{"taxonomy":"product_tag","embeddable":true,"href":"https:\/\/roveyayinevi.com.tr\/index.php\/wp-json\/wp\/v2\/product_tag?post=768436"}],"curies":[{"name":"wp","href":"https:\/\/api.w.org\/{rel}","templated":true}]}}