{"id":768431,"date":"2025-08-28T13:20:57","date_gmt":"2025-08-28T10:20:57","guid":{"rendered":"https:\/\/roveyayinevi.com.tr\/index.php\/urun\/ebedi-genclik-pinari\/"},"modified":"2026-04-15T03:34:09","modified_gmt":"2026-04-15T00:34:09","slug":"ebedi-genclik-pinari","status":"publish","type":"product","link":"https:\/\/roveyayinevi.com.tr\/index.php\/urun\/ebedi-genclik-pinari\/","title":{"rendered":"Ebedi Gen\u00e7lik P\u0131nar\u0131"},"content":{"rendered":"<p>Hepimiz gen\u00e7 kalmak istiyoruz&#8230; Seksen ya\u015f\u0131na geldi\u011fimizde bile otuzlar\u0131m\u0131zda g\u00f6r\u00fcnmek istiyoruz. Hatta, Haydi itiraf edelim, m\u00fcmk\u00fcnse hi\u00e7 \u00f6lmemek, \u00f6l\u00fcms\u00fcz olmak istiyoruz\u2026   Ve bu konuda yaln\u0131z da de\u011filiz. \u0130nsano\u011flu tarih boyunca gen\u00e7lik p\u0131nar\u0131n\u0131, \u00f6l\u00fcms\u00fczl\u00fck iksirini aram\u0131\u015f. En eski efsanelere, G\u0131lgam\u0131\u015f Destan\u0131\u2019na bak\u0131n. Peki ama bu m\u00fcmk\u00fcn m\u00fc? Tamam, \u00f6l\u00fcms\u00fczl\u00fck sevdam\u0131z\u0131 \u015fimdilik erteleyelim ve soral\u0131m: Hi\u00e7 ya\u015flanmamak, hatta giderek gen\u00e7le\u015fmek, \u00e7ok uzun bir \u00f6m\u00fcr s\u00fcrmek m\u00fcmk\u00fcn olabilir mi?   Ebedi Gen\u00e7lik P\u0131nar\u0131 t\u0131ptaki en son geli\u015fmelerden hayvanlar\u0131n ve bitkilerin ya\u015famlar\u0131na bize \u201ctersine ya\u015flanma\u201dn\u0131n yani g\u00fcn ge\u00e7tik\u00e7e daha da gen\u00e7le\u015fmenin m\u00fcmk\u00fcn olabilece\u011fini anlat\u0131yor. D\u00fcnyan\u0131n en s\u0131rad\u0131\u015f\u0131 canl\u0131lar\u0131ndan biri olan Gr\u00f6nland k\u00f6pekbal\u0131\u011f\u0131 Titanic batt\u0131\u011f\u0131nda 281 ya\u015f\u0131ndayd\u0131. \u015eu anda 393 ya\u015f\u0131nda ve bilim insanlar\u0131 daha 100 y\u0131l ya\u015fayaca\u011f\u0131n\u0131 s\u00f6yl\u00fcyor. Istakozlar ve a\u011fa\u00e7lar bildi\u011fimiz anlamda \u201cya\u015flanm\u0131yor\u201d sadece b\u00fcy\u00fcyor ve g\u00fc\u00e7leniyor. Bu kitaba ilham olan Turritopsis t\u0131rnak b\u00fcy\u00fckl\u00fc\u011f\u00fcnde bir denizanas\u0131. Bu canl\u0131 b\u00fct\u00fcn anti-aging, kozmetik ve estetik sekt\u00f6r\u00fcn\u00fcn yapamad\u0131\u011f\u0131n\u0131 ba\u015farm\u0131\u015f durumda \u00e7\u00fcnk\u00fc Turritopsis \u201ctersine ya\u015flan\u0131yor\u201d yani uygun g\u00f6rd\u00fc\u011f\u00fc anda yeniden gen\u00e7le\u015fiyor hatta bebekli\u011fine geri d\u00f6n\u00fcyor. Acaba onlardan neler \u00f6\u011frenebiliriz? Molek\u00fcler biyolog Nicklas Brendborg bu \u00e7\u0131\u011f\u0131r a\u00e7\u0131c\u0131 kitab\u0131nda bitkilerin, hayvanlar\u0131n, k\u0131sacas\u0131 do\u011fan\u0131n bizden gizledi\u011fi gen\u00e7lik s\u0131rlar\u0131n\u0131 if\u015fa ediyor. Sadece s\u0131rad\u0131\u015f\u0131 canl\u0131lar\u0131n de\u011fil pratik y\u00f6ntemlerin de pe\u015fine d\u00fc\u015f\u00fcyor. \u25b6 Mesela gen\u00e7li\u011fin s\u0131rr\u0131 v\u00fccudu a\u00e7 b\u0131rakmak olabilir mi? \u25b6 Di\u015f ipi kullanmak \u00f6mr\u00fc uzat\u0131r m\u0131? \u25b6 Belli aral\u0131klarla kan vermek arad\u0131\u011f\u0131m\u0131z gen\u00e7lik form\u00fcl\u00fc olabilir mi? Cevaplar i\u00e7in sizi kitaba davet ediyoruz. Bu hem ufuk a\u00e7\u0131c\u0131 hem de e\u011flenceli bir macera olacak \u00e7\u00fcnk\u00fc Brendborg bu kitapla sadece \u00e7ok iyi bir ara\u015ft\u0131rmac\u0131 de\u011fil ayn\u0131 zamanda m\u00fcthi\u015f bir hik\u00e2ye anlat\u0131c\u0131s\u0131 oldu\u011funu da kan\u0131tl\u0131yor.   Danimarkal\u0131 yazar Nicklas Brendborg Kopenhag \u00dcniversitesi\u2019nde biyoteknoloji alan\u0131nda master yapt\u0131. Ayn\u0131 \u00fcniversitede molek\u00fcler biyoloji \u00fczerine doktoras\u0131n\u0131 yap\u0131yor ve alan\u0131n\u0131n en \u00e7arp\u0131c\u0131 isimlerinden biri olarak kabul ediliyor. Kitab\u0131 Ebedi Gen\u00e7lik P\u0131nar\u0131 25\u2019in \u00fczerinde dile \u00e7evrildi.<\/p>\n","protected":false},"excerpt":{"rendered":"<p>Hepimiz gen\u00e7 kalmak istiyoruz&#8230; Seksen ya\u015f\u0131na geldi\u011fimizde bile otuzlar\u0131m\u0131zda g\u00f6r\u00fcnmek istiyoruz. Hatta, Haydi itiraf edelim, m\u00fcmk\u00fcnse hi\u00e7 \u00f6lmemek, \u00f6l\u00fcms\u00fcz olmak istiyoruz\u2026 Ve bu konuda yaln\u0131z da<span class=\"excerpt-hellip\"> [\u2026]<\/span><\/p>\n","protected":false},"featured_media":0,"template":"","meta":{"_monsterinsights_skip_tracking":false,"_monsterinsights_sitenote_active":false,"_monsterinsights_sitenote_note":"","_monsterinsights_sitenote_category":0},"product_brand":[],"product_cat":[12291,13706],"product_tag":[],"class_list":{"0":"post-768431","1":"product","2":"type-product","3":"status-publish","5":"product_cat-edebiyat","6":"product_cat-efsane-destan-masal","7":"pa_cilt-ciltsiz","8":"pa_tur-kitap","9":"pa_yayinevi-butik-yayinlari","10":"pa_yazar-nicklas-brendborg","12":"first","13":"instock","14":"sale","15":"shipping-taxable","16":"purchasable","17":"product-type-simple"},"_links":{"self":[{"href":"https:\/\/roveyayinevi.com.tr\/index.php\/wp-json\/wp\/v2\/product\/768431","targetHints":{"allow":["GET"]}}],"collection":[{"href":"https:\/\/roveyayinevi.com.tr\/index.php\/wp-json\/wp\/v2\/product"}],"about":[{"href":"https:\/\/roveyayinevi.com.tr\/index.php\/wp-json\/wp\/v2\/types\/product"}],"wp:attachment":[{"href":"https:\/\/roveyayinevi.com.tr\/index.php\/wp-json\/wp\/v2\/media?parent=768431"}],"wp:term":[{"taxonomy":"product_brand","embeddable":true,"href":"https:\/\/roveyayinevi.com.tr\/index.php\/wp-json\/wp\/v2\/product_brand?post=768431"},{"taxonomy":"product_cat","embeddable":true,"href":"https:\/\/roveyayinevi.com.tr\/index.php\/wp-json\/wp\/v2\/product_cat?post=768431"},{"taxonomy":"product_tag","embeddable":true,"href":"https:\/\/roveyayinevi.com.tr\/index.php\/wp-json\/wp\/v2\/product_tag?post=768431"}],"curies":[{"name":"wp","href":"https:\/\/api.w.org\/{rel}","templated":true}]}}