{"id":768429,"date":"2025-08-28T13:20:15","date_gmt":"2025-08-28T10:20:15","guid":{"rendered":"https:\/\/roveyayinevi.com.tr\/index.php\/urun\/gece-vardiyasi-ciltli\/"},"modified":"2025-11-21T11:21:29","modified_gmt":"2025-11-21T08:21:29","slug":"gece-vardiyasi-ciltli","status":"publish","type":"product","link":"https:\/\/roveyayinevi.com.tr\/index.php\/urun\/gece-vardiyasi-ciltli\/","title":{"rendered":"Gece Vardiyas\u0131 (Ciltli)"},"content":{"rendered":"<p>Bir kitap kurdu ve basketbol oyuncusunun yollar\u0131 kesi\u015firse&#8230;   Yaln\u0131z tak\u0131lmay\u0131 seven Kendall Holiday, cuma ak\u015famlar\u0131n\u0131 k\u00fct\u00fcphanede gece vardiyas\u0131nda \u00e7al\u0131\u015f\u0131p, f\u0131rsat bulduk\u00e7a a\u015fk romanlar\u0131 okuyarak ge\u00e7irmeyi ve kendini kitap kurgular\u0131nda kaybetmeyi tercih eder. Ancak bu durum, basketbol tak\u0131m\u0131n\u0131n kaptan\u0131 Vincent Knight, yaral\u0131 bile\u011fi, as\u0131k surat\u0131 ve nefret etti\u011fi bir ders i\u00e7in \u015fiir \u00f6nerilerine ihtiya\u00e7 duyarak ortaya \u00e7\u0131kt\u0131\u011f\u0131nda de\u011fi\u015fir. Uzun boylu, yak\u0131\u015f\u0131kl\u0131 ve haz\u0131rcevap olan Vincent, Kendall\u2019\u0131 daha \u00f6nce kimsenin zorlamad\u0131\u011f\u0131 gibi zorlar.   Kendall fark\u0131nda olmadan ba\u015frol\u00fcnde kendisinin oldu\u011fu a\u015fk roman\u0131na bal\u0131klama atlar fakat bir sorun vard\u0131r: Ger\u00e7ek hayatta mutlu bir sona ula\u015fmak, kli\u015fe dolu romanlardan \u00e7ok daha fazla do\u011fruluk gerektirir.     \u201cBu romantik, seksi ve e\u011flenceli kurguyu elinizden b\u0131rakmayacaks\u0131n\u0131z.\u201d &#8211; New York Times \u00e7oksatan yazar\u0131, Anna Todd   Uyar\u0131: Yeti\u015fkin okurlar i\u00e7indir.<\/p>\n","protected":false},"excerpt":{"rendered":"<p>Bir kitap kurdu ve basketbol oyuncusunun yollar\u0131 kesi\u015firse&#8230; Yaln\u0131z tak\u0131lmay\u0131 seven Kendall Holiday, cuma ak\u015famlar\u0131n\u0131 k\u00fct\u00fcphanede gece vardiyas\u0131nda \u00e7al\u0131\u015f\u0131p, f\u0131rsat bulduk\u00e7a a\u015fk romanlar\u0131 okuyarak ge\u00e7irmeyi ve<span class=\"excerpt-hellip\"> [\u2026]<\/span><\/p>\n","protected":false},"featured_media":0,"template":"","meta":{"_monsterinsights_skip_tracking":false,"_monsterinsights_sitenote_active":false,"_monsterinsights_sitenote_note":"","_monsterinsights_sitenote_category":0},"product_brand":[],"product_cat":[12291,12711],"product_tag":[],"class_list":{"0":"post-768429","1":"product","2":"type-product","3":"status-publish","5":"product_cat-edebiyat","6":"product_cat-roman-oyku","7":"pa_cilt-ciltli","8":"pa_tur-kitap","9":"pa_yayinevi-ephesus-yayinlari","10":"pa_yazar-annie-crown","12":"first","13":"instock","14":"sale","15":"shipping-taxable","16":"purchasable","17":"product-type-simple"},"_links":{"self":[{"href":"https:\/\/roveyayinevi.com.tr\/index.php\/wp-json\/wp\/v2\/product\/768429","targetHints":{"allow":["GET"]}}],"collection":[{"href":"https:\/\/roveyayinevi.com.tr\/index.php\/wp-json\/wp\/v2\/product"}],"about":[{"href":"https:\/\/roveyayinevi.com.tr\/index.php\/wp-json\/wp\/v2\/types\/product"}],"wp:attachment":[{"href":"https:\/\/roveyayinevi.com.tr\/index.php\/wp-json\/wp\/v2\/media?parent=768429"}],"wp:term":[{"taxonomy":"product_brand","embeddable":true,"href":"https:\/\/roveyayinevi.com.tr\/index.php\/wp-json\/wp\/v2\/product_brand?post=768429"},{"taxonomy":"product_cat","embeddable":true,"href":"https:\/\/roveyayinevi.com.tr\/index.php\/wp-json\/wp\/v2\/product_cat?post=768429"},{"taxonomy":"product_tag","embeddable":true,"href":"https:\/\/roveyayinevi.com.tr\/index.php\/wp-json\/wp\/v2\/product_tag?post=768429"}],"curies":[{"name":"wp","href":"https:\/\/api.w.org\/{rel}","templated":true}]}}