{"id":768427,"date":"2025-08-28T13:20:12","date_gmt":"2025-08-28T10:20:12","guid":{"rendered":"https:\/\/roveyayinevi.com.tr\/index.php\/urun\/butuncul-psikodinamik-teorinin-bulanik-mantik-ve-kaos-teorisi-ile-birlestirilmesi\/"},"modified":"2025-11-21T11:21:28","modified_gmt":"2025-11-21T08:21:28","slug":"butuncul-psikodinamik-teorinin-bulanik-mantik-ve-kaos-teorisi-ile-birlestirilmesi","status":"publish","type":"product","link":"https:\/\/roveyayinevi.com.tr\/index.php\/urun\/butuncul-psikodinamik-teorinin-bulanik-mantik-ve-kaos-teorisi-ile-birlestirilmesi\/","title":{"rendered":"B\u00fct\u00fcnc\u00fcl Psikodinamik Teorinin Bulan\u0131k Mant\u0131k ve Kaos Teorisi ile Birle\u015ftirilmesi"},"content":{"rendered":"<p>Bu kitap, psikoloji alan\u0131nda yeni bir bak\u0131\u015f a\u00e7\u0131s\u0131 sunmay\u0131 ama\u00e7lamaktad\u0131r. Geleneksel psikolojik yakla\u015f\u0131mlar\u0131n \u00f6tesine ge\u00e7erek insan davran\u0131\u015f\u0131n\u0131 daha kapsaml\u0131, dinamik bir \u015fekilde ele almay\u0131 ve tedavi etmek i\u00e7in yeni bir \u00e7er\u00e7eve sunar. Bulan\u0131k mant\u0131k ve kaos teorisinin dinamik b\u00fct\u00fcnc\u00fcl yakla\u015f\u0131ma entegrasyonunu bir perspektifle ele al\u0131r, okuyuculara psikoloji alan\u0131nda yeni bir bak\u0131\u015f a\u00e7\u0131s\u0131 sunar.<\/p>\n","protected":false},"excerpt":{"rendered":"<p>Bu kitap, psikoloji alan\u0131nda yeni bir bak\u0131\u015f a\u00e7\u0131s\u0131 sunmay\u0131 ama\u00e7lamaktad\u0131r. Geleneksel psikolojik yakla\u015f\u0131mlar\u0131n \u00f6tesine ge\u00e7erek insan davran\u0131\u015f\u0131n\u0131 daha kapsaml\u0131, dinamik bir \u015fekilde ele almay\u0131 ve tedavi<span class=\"excerpt-hellip\"> [\u2026]<\/span><\/p>\n","protected":false},"featured_media":0,"template":"","meta":{"_monsterinsights_skip_tracking":false,"_monsterinsights_sitenote_active":false,"_monsterinsights_sitenote_note":"","_monsterinsights_sitenote_category":0},"product_brand":[],"product_cat":[12357],"product_tag":[],"class_list":{"0":"post-768427","1":"product","2":"type-product","3":"status-publish","5":"product_cat-psikoloji","6":"pa_cilt-ciltsiz","7":"pa_tur-kitap","8":"pa_yayinevi-platanus-publishing","9":"pa_yazar-harun-oztas","11":"first","12":"instock","13":"sale","14":"shipping-taxable","15":"purchasable","16":"product-type-simple"},"_links":{"self":[{"href":"https:\/\/roveyayinevi.com.tr\/index.php\/wp-json\/wp\/v2\/product\/768427","targetHints":{"allow":["GET"]}}],"collection":[{"href":"https:\/\/roveyayinevi.com.tr\/index.php\/wp-json\/wp\/v2\/product"}],"about":[{"href":"https:\/\/roveyayinevi.com.tr\/index.php\/wp-json\/wp\/v2\/types\/product"}],"wp:attachment":[{"href":"https:\/\/roveyayinevi.com.tr\/index.php\/wp-json\/wp\/v2\/media?parent=768427"}],"wp:term":[{"taxonomy":"product_brand","embeddable":true,"href":"https:\/\/roveyayinevi.com.tr\/index.php\/wp-json\/wp\/v2\/product_brand?post=768427"},{"taxonomy":"product_cat","embeddable":true,"href":"https:\/\/roveyayinevi.com.tr\/index.php\/wp-json\/wp\/v2\/product_cat?post=768427"},{"taxonomy":"product_tag","embeddable":true,"href":"https:\/\/roveyayinevi.com.tr\/index.php\/wp-json\/wp\/v2\/product_tag?post=768427"}],"curies":[{"name":"wp","href":"https:\/\/api.w.org\/{rel}","templated":true}]}}