{"id":768426,"date":"2025-08-28T13:20:10","date_gmt":"2025-08-28T10:20:10","guid":{"rendered":"https:\/\/roveyayinevi.com.tr\/index.php\/urun\/insan-fizyoolojisi\/"},"modified":"2026-04-15T03:34:08","modified_gmt":"2026-04-15T00:34:08","slug":"insan-fizyoolojisi","status":"publish","type":"product","link":"https:\/\/roveyayinevi.com.tr\/index.php\/urun\/insan-fizyoolojisi\/","title":{"rendered":"\u0130nsan Fizyoolojisi"},"content":{"rendered":"<p>Fizyoloji, canl\u0131 organizmalar\u0131n ya\u015famlar\u0131n\u0131 s\u00fcrd\u00fcrebilmeleri i\u00e7in gerekli t\u00fcm mekanizmalar\u0131 inceleyen bilim dal\u0131d\u0131r. Bu kitapta mutlaka bilinmesi gereken temel mekanizmalar yer almakatad\u0131r. \u00d6zellikle bug\u00fcne kadar ders anlatt\u0131\u011f\u0131m T\u0131p, Fizyoterapi ve Hem\u015firelik e\u011fitimi alan \u00f6\u011frencilerimin derslerime olan ilgi ve kat\u0131l\u0131mlar\u0131, g\u00f6sterdikleri sayg\u0131 sevgi, takdir dolu geri bildirimleri ile bana gurur veren Sevgili \u00d6\u011frencilerim i\u00e7in faydal\u0131 olmas\u0131n\u0131 diliyorum. Ayr\u0131ca bug\u00fcne kadar benim yan\u0131mda olan, ald\u0131\u011f\u0131m kararlar\u0131 her zaman destekleyen, sadece bu \u00e7al\u0131\u015fma s\u00fcrecinde de\u011fil t\u00fcm hayat\u0131m boyunca beni cesaretlendiren ve moral veren annem Kezban KUZAY ve babam Taner KUZAY\u2019a sonsuz \u015f\u00fckranlar\u0131m\u0131 sunuyorum ve te\u015fekk\u00fcr ediyorum. Son olarak sevgileriyle bana g\u00fc\u00e7 veren \u00e7ocuklar\u0131ma ve e\u015fime te\u015fekk\u00fcr ediyorum.<\/p>\n","protected":false},"excerpt":{"rendered":"<p>Fizyoloji, canl\u0131 organizmalar\u0131n ya\u015famlar\u0131n\u0131 s\u00fcrd\u00fcrebilmeleri i\u00e7in gerekli t\u00fcm mekanizmalar\u0131 inceleyen bilim dal\u0131d\u0131r. Bu kitapta mutlaka bilinmesi gereken temel mekanizmalar yer almakatad\u0131r. \u00d6zellikle bug\u00fcne kadar ders anlatt\u0131\u011f\u0131m<span class=\"excerpt-hellip\"> [\u2026]<\/span><\/p>\n","protected":false},"featured_media":0,"template":"","meta":{"_monsterinsights_skip_tracking":false,"_monsterinsights_sitenote_active":false,"_monsterinsights_sitenote_note":"","_monsterinsights_sitenote_category":0},"product_brand":[],"product_cat":[13366,13365],"product_tag":[],"class_list":{"0":"post-768426","1":"product","2":"type-product","3":"status-publish","5":"product_cat-diger-saglik","6":"product_cat-saglik","7":"pa_cilt-ciltsiz","8":"pa_tur-kitap","9":"pa_yayinevi-platanus-publishing","10":"pa_yazar-dilek-kuzay-aksoy","12":"first","13":"instock","14":"sale","15":"shipping-taxable","16":"purchasable","17":"product-type-simple"},"_links":{"self":[{"href":"https:\/\/roveyayinevi.com.tr\/index.php\/wp-json\/wp\/v2\/product\/768426","targetHints":{"allow":["GET"]}}],"collection":[{"href":"https:\/\/roveyayinevi.com.tr\/index.php\/wp-json\/wp\/v2\/product"}],"about":[{"href":"https:\/\/roveyayinevi.com.tr\/index.php\/wp-json\/wp\/v2\/types\/product"}],"wp:attachment":[{"href":"https:\/\/roveyayinevi.com.tr\/index.php\/wp-json\/wp\/v2\/media?parent=768426"}],"wp:term":[{"taxonomy":"product_brand","embeddable":true,"href":"https:\/\/roveyayinevi.com.tr\/index.php\/wp-json\/wp\/v2\/product_brand?post=768426"},{"taxonomy":"product_cat","embeddable":true,"href":"https:\/\/roveyayinevi.com.tr\/index.php\/wp-json\/wp\/v2\/product_cat?post=768426"},{"taxonomy":"product_tag","embeddable":true,"href":"https:\/\/roveyayinevi.com.tr\/index.php\/wp-json\/wp\/v2\/product_tag?post=768426"}],"curies":[{"name":"wp","href":"https:\/\/api.w.org\/{rel}","templated":true}]}}