{"id":768424,"date":"2025-08-28T13:20:07","date_gmt":"2025-08-28T10:20:07","guid":{"rendered":"https:\/\/roveyayinevi.com.tr\/index.php\/urun\/egitim-perspektifleri\/"},"modified":"2026-04-15T03:34:08","modified_gmt":"2026-04-15T00:34:08","slug":"egitim-perspektifleri","status":"publish","type":"product","link":"https:\/\/roveyayinevi.com.tr\/index.php\/urun\/egitim-perspektifleri\/","title":{"rendered":"E\u011fitim Perspektifleri"},"content":{"rendered":"<p>E\u011fitim y\u00f6netiminin temel dinamiklerini derinlemesine ele alarak, e\u011fitim liderlerine etkili stratejiler ve \u00e7\u00f6z\u00fcmler sunmay\u0131 ama\u00e7lamaktad\u0131r. Stratejik planlama, toplam kalite y\u00f6netimi, liderlik, ileti\u015fim ve \u00e7at\u0131\u015fma y\u00f6netimi gibi kritik alanlarda uygulanabilir bilgiler ve pratik yakla\u015f\u0131mlar i\u00e7erir. E\u011fitim y\u00f6neticilerinin, \u00f6\u011fretmenlerin ve di\u011fer payda\u015flar\u0131n kar\u015f\u0131la\u015ft\u0131\u011f\u0131 zorluklar\u0131 a\u015fmalar\u0131na yard\u0131mc\u0131 olacak ara\u00e7larla donat\u0131lm\u0131\u015ft\u0131r. E\u011fitim sistemlerinin daha verimli ve s\u00fcrd\u00fcr\u00fclebilir hale gelmesi i\u00e7in gereken yenilik\u00e7i d\u00fc\u015f\u00fcnme ve y\u00f6netim becerilerini geli\u015ftirmeyi hedefler. Teorik olarak verilen bilgiler ile e\u011fitim y\u00f6netiminde ba\u015far\u0131l\u0131 bir yol haritas\u0131 sunar\u0131m.<\/p>\n","protected":false},"excerpt":{"rendered":"<p>E\u011fitim y\u00f6netiminin temel dinamiklerini derinlemesine ele alarak, e\u011fitim liderlerine etkili stratejiler ve \u00e7\u00f6z\u00fcmler sunmay\u0131 ama\u00e7lamaktad\u0131r. Stratejik planlama, toplam kalite y\u00f6netimi, liderlik, ileti\u015fim ve \u00e7at\u0131\u015fma y\u00f6netimi gibi<span class=\"excerpt-hellip\"> [\u2026]<\/span><\/p>\n","protected":false},"featured_media":0,"template":"","meta":{"_monsterinsights_skip_tracking":false,"_monsterinsights_sitenote_active":false,"_monsterinsights_sitenote_note":"","_monsterinsights_sitenote_category":0},"product_brand":[],"product_cat":[12573,12566],"product_tag":[],"class_list":{"0":"post-768424","1":"product","2":"type-product","3":"status-publish","5":"product_cat-akademik-kitaplar","6":"product_cat-egitim","7":"pa_cilt-ciltsiz","8":"pa_tur-kitap","9":"pa_yayinevi-platanus-publishing","10":"pa_yazar-figen-yaman","12":"first","13":"instock","14":"sale","15":"shipping-taxable","16":"purchasable","17":"product-type-simple"},"_links":{"self":[{"href":"https:\/\/roveyayinevi.com.tr\/index.php\/wp-json\/wp\/v2\/product\/768424","targetHints":{"allow":["GET"]}}],"collection":[{"href":"https:\/\/roveyayinevi.com.tr\/index.php\/wp-json\/wp\/v2\/product"}],"about":[{"href":"https:\/\/roveyayinevi.com.tr\/index.php\/wp-json\/wp\/v2\/types\/product"}],"wp:attachment":[{"href":"https:\/\/roveyayinevi.com.tr\/index.php\/wp-json\/wp\/v2\/media?parent=768424"}],"wp:term":[{"taxonomy":"product_brand","embeddable":true,"href":"https:\/\/roveyayinevi.com.tr\/index.php\/wp-json\/wp\/v2\/product_brand?post=768424"},{"taxonomy":"product_cat","embeddable":true,"href":"https:\/\/roveyayinevi.com.tr\/index.php\/wp-json\/wp\/v2\/product_cat?post=768424"},{"taxonomy":"product_tag","embeddable":true,"href":"https:\/\/roveyayinevi.com.tr\/index.php\/wp-json\/wp\/v2\/product_tag?post=768424"}],"curies":[{"name":"wp","href":"https:\/\/api.w.org\/{rel}","templated":true}]}}